{"id":1716,"date":"2023-11-02T09:43:46","date_gmt":"2023-11-02T09:43:46","guid":{"rendered":"https:\/\/mypyli-hr.com\/?page_id=1716"},"modified":"2023-11-02T13:27:46","modified_gmt":"2023-11-02T13:27:46","slug":"module-conge-et-absences","status":"publish","type":"page","link":"https:\/\/mypyli-hr.com\/en\/module-conge-et-absences","title":{"rendered":"Module Cong\u00e9 et absences"},"content":{"rendered":"<div data-elementor-type=\"wp-page\" data-elementor-id=\"1716\" class=\"elementor elementor-1716\" data-elementor-settings=\"{&quot;ha_cmc_init_switcher&quot;:&quot;no&quot;}\">\n\t\t\t\t<div class=\"elementor-element elementor-element-2381e87 e-flex e-con-boxed wpr-particle-no wpr-jarallax-no wpr-parallax-no wpr-sticky-section-no e-con e-parent\" data-id=\"2381e87\" data-element_type=\"container\" data-settings=\"{&quot;background_background&quot;:&quot;classic&quot;,&quot;_ha_eqh_enable&quot;:false}\">\n\t\t\t\t\t<div class=\"e-con-inner\">\n\t\t<div class=\"elementor-element elementor-element-9b1b3af e-con-full e-flex wpr-particle-no wpr-jarallax-no wpr-parallax-no wpr-sticky-section-no e-con e-child\" data-id=\"9b1b3af\" data-element_type=\"container\" data-settings=\"{&quot;_ha_eqh_enable&quot;:false}\">\n\t\t\t\t<div class=\"elementor-element elementor-element-00e5348 elementor-view-stacked elementor-shape-circle elementor-widget elementor-widget-icon\" data-id=\"00e5348\" data-element_type=\"widget\" data-widget_type=\"icon.default\">\n\t\t\t\t<div class=\"elementor-widget-container\">\n\t\t\t\t\t<div class=\"elementor-icon-wrapper\">\n\t\t\t<div class=\"elementor-icon\">\n\t\t\t<svg xmlns=\"http:\/\/www.w3.org\/2000\/svg\" width=\"57\" height=\"57\" viewbox=\"0 0 57 57\" fill=\"none\"><path fill-rule=\"evenodd\" clip-rule=\"evenodd\" d=\"M2.223 1.557C1 2.413 0 3.537 0 4.055C0 5.88 9.413 11.033 11.75 10.487C15.605 9.587 14.354 12.602 9.75 15.307C4.384 18.46 0.928 23.115 0.261 28.09C-0.129 30.996 0.126 32.111 1.281 32.554C3.436 33.381 8.728 30.433 9.51 27.969C9.968 26.525 10.713 26.092 12.024 26.508C13.048 26.833 15.687 26.18 17.889 25.057C20.457 23.747 22.12 23.386 22.53 24.049C22.882 24.618 22.596 31.59 21.894 39.542L20.619 54H17.309C15.034 54 14 54.469 14 55.5C14 56.764 16.278 57 28.5 57C40.438 57 43 56.746 43 55.563C43 54.673 41.763 54.007 39.75 53.813L36.5 53.5L35.833 46.5C35.467 42.65 34.9 37.138 34.575 34.25C34.113 30.157 34.288 29 35.369 29C36.131 29 37.264 28.386 37.887 27.636C38.509 26.886 40.804 26.273 42.985 26.273C45.985 26.273 47.097 26.73 47.547 28.147C48.261 30.398 53.612 33.363 55.59 32.604C57.914 31.712 57.241 25.956 54.32 21.741C52.846 19.614 49.696 16.734 47.32 15.342C42.834 12.712 41.222 9.301 45.038 10.512C47.098 11.166 57 5.736 57 3.952C57 2.021 52.268 0 47.745 0C42.085 0 37.263 1.832 32.046 5.963C28.318 8.917 28.246 8.93 26.5 7C21.165 1.105 7.304 -2.003 2.223 1.557ZM18.267 4.595C20.045 5.491 22.961 7.61 24.746 9.304L27.992 12.384L24.768 13.739C20.745 15.431 17.869 14.142 16.281 9.934C15.498 7.86 14.706 7.176 13.584 7.606C11.585 8.373 8.097 7.444 5.505 5.453C3.785 4.133 3.716 3.782 5.005 2.917C6.95 1.612 14.156 2.524 18.267 4.595ZM51.995 2.976C53.278 3.787 53.207 4.138 51.495 5.453C48.928 7.425 45.42 8.375 43.47 7.627C42.472 7.244 41.637 7.824 41.082 9.285C40.332 11.256 39.653 11.487 35.554 11.161C30.935 10.793 30.902 10.766 32.69 8.753C36.913 4.002 48.251 0.609 51.995 2.976ZM43.783 16.401C46.377 17.722 49.483 19.859 50.683 21.151C53.416 24.091 55.255 28.724 53.998 29.501C52.793 30.246 49 26.442 49 24.488C49 23.286 48.186 23.107 45.022 23.612C41.456 24.183 40.95 23.999 40.127 21.833C39.042 18.98 37.226 17.351 34.583 16.858C33.528 16.661 32.478 15.938 32.25 15.25C31.532 13.096 38.694 13.81 43.783 16.401ZM18.686 16.493C23.178 19.639 17.542 24.937 11.188 23.541C8.627 22.979 8.161 23.224 7.61 25.418C7.261 26.807 6.082 28.421 4.988 29.006C3.27 29.926 3 29.756 3 27.758C3 24.669 5.355 21.48 10.256 17.929C14.881 14.579 15.744 14.432 18.686 16.493ZM30.034 18.064C31.427 20.666 29.748 23 26.485 23C23.96 23 22.644 20.698 23.545 17.859C24.356 15.302 28.628 15.437 30.034 18.064ZM35.418 19.607C37.86 20.544 37.472 25.715 34.899 26.532C31.82 27.509 30.831 25.908 32.227 22.208C32.894 20.444 33.528 19 33.637 19C33.747 19 34.548 19.273 35.418 19.607ZM29.75 27.944C30.988 28.976 32 30.761 32 31.91C32 33.632 31.383 34 28.5 34C24.807 34 24.34 33.064 25.63 28.25C26.355 25.545 26.832 25.509 29.75 27.944ZM32 36.875C32 37.356 32.281 39.156 32.625 40.875L33.25 44H28.625C23.706 44 23.661 43.945 24.625 39.125C25.177 36.366 25.645 36 28.625 36C30.481 36 32 36.394 32 36.875ZM33 46.875C33 47.356 33.281 49.156 33.625 50.875L34.25 54H28.508C23.042 54 22.796 53.892 23.37 51.75C23.701 50.513 23.979 48.712 23.986 47.75C23.997 46.345 24.886 46 28.5 46C30.975 46 33 46.394 33 46.875Z\" fill=\"#FE4949\"><\/path><\/svg>\t\t\t<\/div>\n\t\t<\/div>\n\t\t\t\t<\/div>\n\t\t\t\t<\/div>\n\t\t\t\t<div class=\"elementor-element elementor-element-d2fedda elementor-widget elementor-widget-heading\" data-id=\"d2fedda\" data-element_type=\"widget\" data-widget_type=\"heading.default\">\n\t\t\t\t<div class=\"elementor-widget-container\">\n\t\t\t<h5 class=\"elementor-heading-title elementor-size-default\">Module de gestion des cong\u00e9s et absences<\/h5>\t\t<\/div>\n\t\t\t\t<\/div>\n\t\t\t\t<div class=\"elementor-element elementor-element-1897fcb premium-header-inline premium-lq__none premium-box-lq__none elementor-widget elementor-widget-premium-addon-dual-header\" data-id=\"1897fcb\" data-element_type=\"widget\" data-widget_type=\"premium-addon-dual-header.default\">\n\t\t\t\t<div class=\"elementor-widget-container\">\n\t\t\t\n\t\t\t\t<a href=\"https:\/\/mypyli-hr.com\/en\/gestion-des-conges-et-absences\">\n\t\t\t\t\t<h3 class=\"premium-dual-header-first-header  gradient\"><span class=\"premium-dual-header-first-span\">Vos collaborateurs demandent leurs <\/span><span class=\"premium-dual-header-second-header  gradient\">cong\u00e9s en toute Autonomie !<\/span><\/h3> \t\t\t\t<\/a>\n\t\t\n\t\t\t\t<\/div>\n\t\t\t\t<\/div>\n\t\t\t\t<div class=\"elementor-element elementor-element-3381c6d elementor-icon-list--layout-traditional elementor-list-item-link-full_width elementor-widget elementor-widget-icon-list\" data-id=\"3381c6d\" data-element_type=\"widget\" data-widget_type=\"icon-list.default\">\n\t\t\t\t<div class=\"elementor-widget-container\">\n\t\t\t\t\t<ul class=\"elementor-icon-list-items\">\n\t\t\t\t\t\t\t<li class=\"elementor-icon-list-item\">\n\t\t\t\t\t\t\t\t\t\t\t<span class=\"elementor-icon-list-icon\">\n\t\t\t\t\t\t\t<i aria-hidden=\"true\" class=\"fas fa-check\"><\/i>\t\t\t\t\t\t<\/span>\n\t\t\t\t\t\t\t\t\t\t<span class=\"elementor-icon-list-text\">Demande <\/span>\n\t\t\t\t\t\t\t\t\t<\/li>\n\t\t\t\t\t\t\t\t<li class=\"elementor-icon-list-item\">\n\t\t\t\t\t\t\t\t\t\t\t<span class=\"elementor-icon-list-icon\">\n\t\t\t\t\t\t\t<i aria-hidden=\"true\" class=\"fas fa-check\"><\/i>\t\t\t\t\t\t<\/span>\n\t\t\t\t\t\t\t\t\t\t<span class=\"elementor-icon-list-text\">Validation<\/span>\n\t\t\t\t\t\t\t\t\t<\/li>\n\t\t\t\t\t\t\t\t<li class=\"elementor-icon-list-item\">\n\t\t\t\t\t\t\t\t\t\t\t<span class=\"elementor-icon-list-icon\">\n\t\t\t\t\t\t\t<i aria-hidden=\"true\" class=\"icon icon-check\"><\/i>\t\t\t\t\t\t<\/span>\n\t\t\t\t\t\t\t\t\t\t<span class=\"elementor-icon-list-text\">Planning <\/span>\n\t\t\t\t\t\t\t\t\t<\/li>\n\t\t\t\t\t\t\t\t<li class=\"elementor-icon-list-item\">\n\t\t\t\t\t\t\t\t\t\t\t<span class=\"elementor-icon-list-icon\">\n\t\t\t\t\t\t\t<i aria-hidden=\"true\" class=\"icon icon-check\"><\/i>\t\t\t\t\t\t<\/span>\n\t\t\t\t\t\t\t\t\t\t<span class=\"elementor-icon-list-text\">Ajustement des soldes<\/span>\n\t\t\t\t\t\t\t\t\t<\/li>\n\t\t\t\t\t\t<\/ul>\n\t\t\t\t<\/div>\n\t\t\t\t<\/div>\n\t\t\t\t<\/div>\n\t\t<div class=\"elementor-element elementor-element-53e3d7d e-con-full e-flex wpr-particle-no wpr-jarallax-no wpr-parallax-no wpr-sticky-section-no e-con e-child\" data-id=\"53e3d7d\" data-element_type=\"container\" data-settings=\"{&quot;_ha_eqh_enable&quot;:false}\">\n\t\t\t\t<div class=\"elementor-element elementor-element-3a2df0b elementor-widget elementor-widget-image\" data-id=\"3a2df0b\" data-element_type=\"widget\" data-widget_type=\"image.default\">\n\t\t\t\t<div class=\"elementor-widget-container\">\n\t\t\t\t\t\t\t\t\t\t\t\t\t<img fetchpriority=\"high\" decoding=\"async\" width=\"640\" height=\"441\" src=\"https:\/\/mypyli-hr.com\/wp-content\/uploads\/2023\/10\/conge-et-absences-banier-1024x706.png\" class=\"attachment-large size-large wp-image-704\" alt=\"\" srcset=\"https:\/\/mypyli-hr.com\/wp-content\/uploads\/2023\/10\/conge-et-absences-banier-1024x706.png 1024w, https:\/\/mypyli-hr.com\/wp-content\/uploads\/2023\/10\/conge-et-absences-banier-300x207.png 300w, https:\/\/mypyli-hr.com\/wp-content\/uploads\/2023\/10\/conge-et-absences-banier-768x530.png 768w, https:\/\/mypyli-hr.com\/wp-content\/uploads\/2023\/10\/conge-et-absences-banier-1536x1059.png 1536w, https:\/\/mypyli-hr.com\/wp-content\/uploads\/2023\/10\/conge-et-absences-banier-2048x1412.png 2048w, https:\/\/mypyli-hr.com\/wp-content\/uploads\/2023\/10\/conge-et-absences-banier-392x270.png 392w\" sizes=\"(max-width: 640px) 100vw, 640px\" \/>\t\t\t\t\t\t\t\t\t\t\t\t\t<\/div>\n\t\t\t\t<\/div>\n\t\t\t\t<\/div>\n\t\t\t\t\t<\/div>\n\t\t\t\t<\/div>\n\t\t\t\t<\/div>","protected":false},"excerpt":{"rendered":"<p>Module de gestion des cong\u00e9s et absences Vos collaborateurs demandent leurs cong\u00e9s en toute Autonomie ! Demande Validation Planning Ajustement des soldes<\/p>","protected":false},"author":2,"featured_media":0,"parent":0,"menu_order":0,"comment_status":"closed","ping_status":"closed","template":"elementor_canvas","meta":{"footnotes":""},"class_list":["post-1716","page","type-page","status-publish","hentry"],"yoast_head":"<!-- This site is optimized with the Yoast SEO plugin v25.8 - https:\/\/yoast.com\/wordpress\/plugins\/seo\/ -->\n<title>Module Cong\u00e9 et absences - MyPYLI HR<\/title>\n<meta name=\"robots\" content=\"index, follow, max-snippet:-1, max-image-preview:large, max-video-preview:-1\" \/>\n<link rel=\"canonical\" href=\"https:\/\/mypyli-hr.com\/en\/module-conge-et-absences\/\" \/>\n<meta property=\"og:locale\" content=\"en_US\" \/>\n<meta property=\"og:type\" content=\"article\" \/>\n<meta property=\"og:title\" content=\"Module Cong\u00e9 et absences - MyPYLI HR\" \/>\n<meta property=\"og:description\" content=\"Module de gestion des cong\u00e9s et absences Vos collaborateurs demandent leurs cong\u00e9s en toute Autonomie ! Demande Validation Planning Ajustement des soldes\" \/>\n<meta property=\"og:url\" content=\"https:\/\/mypyli-hr.com\/en\/module-conge-et-absences\/\" \/>\n<meta property=\"og:site_name\" content=\"MyPYLI HR\" \/>\n<meta property=\"article:modified_time\" content=\"2023-11-02T13:27:46+00:00\" \/>\n<meta property=\"og:image\" content=\"https:\/\/mypyli-hr.com\/wp-content\/uploads\/2023\/10\/conge-et-absences-banier-1024x706.png\" \/>\n<meta name=\"twitter:card\" content=\"summary_large_image\" \/>\n<meta name=\"twitter:label1\" content=\"Est. reading time\" \/>\n\t<meta name=\"twitter:data1\" content=\"1 minute\" \/>\n<script type=\"application\/ld+json\" class=\"yoast-schema-graph\">{\"@context\":\"https:\/\/schema.org\",\"@graph\":[{\"@type\":\"WebPage\",\"@id\":\"https:\/\/mypyli-hr.com\/module-conge-et-absences\",\"url\":\"https:\/\/mypyli-hr.com\/module-conge-et-absences\",\"name\":\"Module Cong\u00e9 et absences - MyPYLI HR\",\"isPartOf\":{\"@id\":\"https:\/\/mypyli-hr.com\/#website\"},\"primaryImageOfPage\":{\"@id\":\"https:\/\/mypyli-hr.com\/module-conge-et-absences#primaryimage\"},\"image\":{\"@id\":\"https:\/\/mypyli-hr.com\/module-conge-et-absences#primaryimage\"},\"thumbnailUrl\":\"https:\/\/mypyli-hr.com\/wp-content\/uploads\/2023\/10\/conge-et-absences-banier-1024x706.png\",\"datePublished\":\"2023-11-02T09:43:46+00:00\",\"dateModified\":\"2023-11-02T13:27:46+00:00\",\"breadcrumb\":{\"@id\":\"https:\/\/mypyli-hr.com\/module-conge-et-absences#breadcrumb\"},\"inLanguage\":\"en-US\",\"potentialAction\":[{\"@type\":\"ReadAction\",\"target\":[\"https:\/\/mypyli-hr.com\/module-conge-et-absences\"]}]},{\"@type\":\"ImageObject\",\"inLanguage\":\"en-US\",\"@id\":\"https:\/\/mypyli-hr.com\/module-conge-et-absences#primaryimage\",\"url\":\"https:\/\/mypyli-hr.com\/wp-content\/uploads\/2023\/10\/conge-et-absences-banier-1024x706.png\",\"contentUrl\":\"https:\/\/mypyli-hr.com\/wp-content\/uploads\/2023\/10\/conge-et-absences-banier-1024x706.png\"},{\"@type\":\"BreadcrumbList\",\"@id\":\"https:\/\/mypyli-hr.com\/module-conge-et-absences#breadcrumb\",\"itemListElement\":[{\"@type\":\"ListItem\",\"position\":1,\"name\":\"Accueil\",\"item\":\"https:\/\/mypyli-hr.com\/\"},{\"@type\":\"ListItem\",\"position\":2,\"name\":\"Module Cong\u00e9 et absences\"}]},{\"@type\":\"WebSite\",\"@id\":\"https:\/\/mypyli-hr.com\/#website\",\"url\":\"https:\/\/mypyli-hr.com\/\",\"name\":\"MyPYLI HR\",\"description\":\"\",\"potentialAction\":[{\"@type\":\"SearchAction\",\"target\":{\"@type\":\"EntryPoint\",\"urlTemplate\":\"https:\/\/mypyli-hr.com\/?s={search_term_string}\"},\"query-input\":{\"@type\":\"PropertyValueSpecification\",\"valueRequired\":true,\"valueName\":\"search_term_string\"}}],\"inLanguage\":\"en-US\"}]}<\/script>\n<!-- \/ Yoast SEO plugin. -->","yoast_head_json":{"title":"Module Cong\u00e9 et absences - MyPYLI HR","robots":{"index":"index","follow":"follow","max-snippet":"max-snippet:-1","max-image-preview":"max-image-preview:large","max-video-preview":"max-video-preview:-1"},"canonical":"https:\/\/mypyli-hr.com\/en\/module-conge-et-absences\/","og_locale":"en_US","og_type":"article","og_title":"Module Cong\u00e9 et absences - MyPYLI HR","og_description":"Module de gestion des cong\u00e9s et absences Vos collaborateurs demandent leurs cong\u00e9s en toute Autonomie ! Demande Validation Planning Ajustement des soldes","og_url":"https:\/\/mypyli-hr.com\/en\/module-conge-et-absences\/","og_site_name":"MyPYLI HR","article_modified_time":"2023-11-02T13:27:46+00:00","og_image":[{"url":"https:\/\/mypyli-hr.com\/wp-content\/uploads\/2023\/10\/conge-et-absences-banier-1024x706.png","type":"","width":"","height":""}],"twitter_card":"summary_large_image","twitter_misc":{"Est. reading time":"1 minute"},"schema":{"@context":"https:\/\/schema.org","@graph":[{"@type":"WebPage","@id":"https:\/\/mypyli-hr.com\/module-conge-et-absences","url":"https:\/\/mypyli-hr.com\/module-conge-et-absences","name":"Module Cong\u00e9 et absences - MyPYLI HR","isPartOf":{"@id":"https:\/\/mypyli-hr.com\/#website"},"primaryImageOfPage":{"@id":"https:\/\/mypyli-hr.com\/module-conge-et-absences#primaryimage"},"image":{"@id":"https:\/\/mypyli-hr.com\/module-conge-et-absences#primaryimage"},"thumbnailUrl":"https:\/\/mypyli-hr.com\/wp-content\/uploads\/2023\/10\/conge-et-absences-banier-1024x706.png","datePublished":"2023-11-02T09:43:46+00:00","dateModified":"2023-11-02T13:27:46+00:00","breadcrumb":{"@id":"https:\/\/mypyli-hr.com\/module-conge-et-absences#breadcrumb"},"inLanguage":"en-US","potentialAction":[{"@type":"ReadAction","target":["https:\/\/mypyli-hr.com\/module-conge-et-absences"]}]},{"@type":"ImageObject","inLanguage":"en-US","@id":"https:\/\/mypyli-hr.com\/module-conge-et-absences#primaryimage","url":"https:\/\/mypyli-hr.com\/wp-content\/uploads\/2023\/10\/conge-et-absences-banier-1024x706.png","contentUrl":"https:\/\/mypyli-hr.com\/wp-content\/uploads\/2023\/10\/conge-et-absences-banier-1024x706.png"},{"@type":"BreadcrumbList","@id":"https:\/\/mypyli-hr.com\/module-conge-et-absences#breadcrumb","itemListElement":[{"@type":"ListItem","position":1,"name":"Accueil","item":"https:\/\/mypyli-hr.com\/"},{"@type":"ListItem","position":2,"name":"Module Cong\u00e9 et absences"}]},{"@type":"WebSite","@id":"https:\/\/mypyli-hr.com\/#website","url":"https:\/\/mypyli-hr.com\/","name":"MyPYLI HR","description":"","potentialAction":[{"@type":"SearchAction","target":{"@type":"EntryPoint","urlTemplate":"https:\/\/mypyli-hr.com\/?s={search_term_string}"},"query-input":{"@type":"PropertyValueSpecification","valueRequired":true,"valueName":"search_term_string"}}],"inLanguage":"en-US"}]}},"_links":{"self":[{"href":"https:\/\/mypyli-hr.com\/en\/wp-json\/wp\/v2\/pages\/1716","targetHints":{"allow":["GET"]}}],"collection":[{"href":"https:\/\/mypyli-hr.com\/en\/wp-json\/wp\/v2\/pages"}],"about":[{"href":"https:\/\/mypyli-hr.com\/en\/wp-json\/wp\/v2\/types\/page"}],"author":[{"embeddable":true,"href":"https:\/\/mypyli-hr.com\/en\/wp-json\/wp\/v2\/users\/2"}],"replies":[{"embeddable":true,"href":"https:\/\/mypyli-hr.com\/en\/wp-json\/wp\/v2\/comments?post=1716"}],"version-history":[{"count":22,"href":"https:\/\/mypyli-hr.com\/en\/wp-json\/wp\/v2\/pages\/1716\/revisions"}],"predecessor-version":[{"id":1808,"href":"https:\/\/mypyli-hr.com\/en\/wp-json\/wp\/v2\/pages\/1716\/revisions\/1808"}],"wp:attachment":[{"href":"https:\/\/mypyli-hr.com\/en\/wp-json\/wp\/v2\/media?parent=1716"}],"curies":[{"name":"wp","href":"https:\/\/api.w.org\/{rel}","templated":true}]}}