{"id":4021,"date":"2024-03-01T09:02:43","date_gmt":"2024-03-01T09:02:43","guid":{"rendered":"https:\/\/mypyli-hr.com\/?page_id=4021"},"modified":"2024-03-14T15:54:44","modified_gmt":"2024-03-14T15:54:44","slug":"teletravail","status":"publish","type":"page","link":"https:\/\/mypyli-hr.com\/en\/lexique-rh\/teletravail","title":{"rendered":"Remote Work"},"content":{"rendered":"<div data-elementor-type=\"wp-page\" data-elementor-id=\"4021\" class=\"elementor elementor-4021\" data-elementor-settings=\"{&quot;ha_cmc_init_switcher&quot;:&quot;no&quot;}\">\n\t\t\t\t<div class=\"elementor-element elementor-element-b119eb8 e-flex e-con-boxed wpr-particle-no wpr-jarallax-no wpr-parallax-no wpr-sticky-section-no e-con e-parent\" data-id=\"b119eb8\" data-element_type=\"container\" data-settings=\"{&quot;_ha_eqh_enable&quot;:false}\">\n\t\t\t\t\t<div class=\"e-con-inner\">\n\t\t\t\t<div class=\"elementor-element elementor-element-4d1699d elementor-widget elementor-widget-spacer\" data-id=\"4d1699d\" data-element_type=\"widget\" data-widget_type=\"spacer.default\">\n\t\t\t\t<div class=\"elementor-widget-container\">\n\t\t\t\t\t<div class=\"elementor-spacer\">\n\t\t\t<div class=\"elementor-spacer-inner\"><\/div>\n\t\t<\/div>\n\t\t\t\t<\/div>\n\t\t\t\t<\/div>\n\t\t\t\t\t<\/div>\n\t\t\t\t<\/div>\n\t\t<div class=\"elementor-element elementor-element-7f9541a e-flex e-con-boxed wpr-particle-no wpr-jarallax-no wpr-parallax-no wpr-sticky-section-no e-con e-parent\" data-id=\"7f9541a\" data-element_type=\"container\" data-settings=\"{&quot;_ha_eqh_enable&quot;:false}\">\n\t\t\t\t\t<div class=\"e-con-inner\">\n\t\t<div class=\"elementor-element elementor-element-ca92d72 e-con-full e-flex wpr-particle-no wpr-jarallax-no wpr-parallax-no wpr-sticky-section-no e-con e-child\" data-id=\"ca92d72\" data-element_type=\"container\" data-settings=\"{&quot;_ha_eqh_enable&quot;:false}\">\n\t\t\t\t<div class=\"elementor-element elementor-element-11b617a elementor-widget elementor-widget-image\" data-id=\"11b617a\" data-element_type=\"widget\" data-widget_type=\"image.default\">\n\t\t\t\t<div class=\"elementor-widget-container\">\n\t\t\t\t\t\t\t\t\t\t\t\t\t<img fetchpriority=\"high\" decoding=\"async\" width=\"640\" height=\"369\" src=\"https:\/\/mypyli-hr.com\/wp-content\/uploads\/2024\/03\/Teletravail-1-1024x591.png\" class=\"attachment-large size-large wp-image-4220\" alt=\"\" srcset=\"https:\/\/mypyli-hr.com\/wp-content\/uploads\/2024\/03\/Teletravail-1-1024x591.png 1024w, https:\/\/mypyli-hr.com\/wp-content\/uploads\/2024\/03\/Teletravail-1-300x173.png 300w, https:\/\/mypyli-hr.com\/wp-content\/uploads\/2024\/03\/Teletravail-1-768x443.png 768w, https:\/\/mypyli-hr.com\/wp-content\/uploads\/2024\/03\/Teletravail-1-468x270.png 468w, https:\/\/mypyli-hr.com\/wp-content\/uploads\/2024\/03\/Teletravail-1.png 1267w\" sizes=\"(max-width: 640px) 100vw, 640px\" \/>\t\t\t\t\t\t\t\t\t\t\t\t\t<\/div>\n\t\t\t\t<\/div>\n\t\t\t\t<div class=\"elementor-element elementor-element-2a13743 elementor-widget elementor-widget-text-editor\" data-id=\"2a13743\" data-element_type=\"widget\" data-widget_type=\"text-editor.default\">\n\t\t\t\t<div class=\"elementor-widget-container\">\n\t\t\t\t\t\t\t<p><strong>Le t\u00e9l\u00e9travail,<\/strong> \u00e9galement connu sous le nom de <strong>remote work<\/strong> ou<strong> travail hybrid<\/strong>\u00a0 est devenu de plus en plus populaire ces derni\u00e8res ann\u00e9es, et encore plus avec l&rsquo;av\u00e8nement de la pand\u00e9mie mondiale.<\/p><p>Cette forme de travail hybride offre la <strong>flexibilit\u00e9 de travailler \u00e0 distance<\/strong> tout en restant connect\u00e9 \u00e0 l&rsquo;\u00e9quipe.<\/p><p>Le <strong>t\u00e9l\u00e9travail<\/strong> permet aux employ\u00e9s de <strong>gagner du temps<\/strong> sur les trajets domicile-travail, de travailler dans un <strong>environnement confortable<\/strong> <strong>et familier<\/strong>, et de concilier plus facilement vie professionnelle et vie personnelle.<\/p><p>Bien que certaines personnes puissent trouver <strong>difficile de s\u00e9parer les fronti\u00e8res entre le travail et la maison<\/strong> lorsqu&rsquo;elles travaillent \u00e0 domicile, c&rsquo;est une solution pratique pour de nombreux travailleurs.<\/p><p>De nos jours, de plus en plus d&rsquo;entreprises mettent en place des <strong><span style=\"color: #0075ff;\"><a style=\"color: #0075ff;\" href=\"https:\/\/mypyli-hr.com\/en\/lexique-rh\/politique-de-teletravail\/\">politiques de t\u00e9l\u00e9travail<\/a><\/span><\/strong> pour r\u00e9pondre aux besoins de leurs employ\u00e9s et promouvoir un meilleur <strong>\u00e9quilibre travail-vie personnelle<\/strong>.<\/p><p>Afin de mettre en \u0153uvre efficacement ces politiques de t\u00e9l\u00e9travail, de nombreuses entreprises recourent \u00e0 des <span style=\"color: #0075ff;\"><strong><a style=\"color: #0075ff;\" href=\"https:\/\/mypyli-hr.com\/en\/gestion-du-teletravail\/\">logiciels d\u00e9di\u00e9s \u00e0 la gestion du t\u00e9l\u00e9travail<\/a><\/strong><\/span>. Ces outils permettent aux employ\u00e9s de collaborer de mani\u00e8re transparente, ind\u00e9pendamment de leur emplacement physique, en facilitant la communication et le partage d&rsquo;informations. Gr\u00e2ce \u00e0 ces solutions, les \u00e9quipes peuvent maintenir leur productivit\u00e9 tout en travaillant \u00e0 distance.<\/p>\t\t\t\t\t\t<\/div>\n\t\t\t\t<\/div>\n\t\t\t\t<\/div>\n\t\t<div class=\"elementor-element elementor-element-08e8c0d e-con-full e-flex wpr-particle-no wpr-jarallax-no wpr-parallax-no wpr-sticky-section-no e-con e-child\" data-id=\"08e8c0d\" data-element_type=\"container\" data-settings=\"{&quot;_ha_eqh_enable&quot;:false}\">\n\t\t<div class=\"elementor-element elementor-element-3b0b42a e-con-full e-flex wpr-particle-no wpr-jarallax-no wpr-parallax-no wpr-sticky-section-no e-con e-child\" data-id=\"3b0b42a\" data-element_type=\"container\" data-settings=\"{&quot;_ha_eqh_enable&quot;:false}\">\n\t\t\t\t<div class=\"elementor-element elementor-element-5271b86 wpr-taxonomy-list-vertical elementor-widget elementor-widget-wpr-taxonomy-list\" data-id=\"5271b86\" data-element_type=\"widget\" data-widget_type=\"wpr-taxonomy-list.default\">\n\t\t\t\t<div class=\"elementor-widget-container\">\n\t\t\t<ul class=\"wpr-taxonomy-list\" data-show-on-click=\"\"><li class=\"wpr-taxonomy\"data-term-id=\"22\"><a target=\"_blank\" href=\"https:\/\/mypyli-hr.com\/en\/blog\/category\/actualites-rh\"><span class=\"wpr-tax-wrap\"> <span><\/span><span>Actualit\u00e9s RH<\/span><\/span><span><span class=\"wpr-term-count\">&nbsp;(15)<\/span><\/span><\/a><\/li><li class=\"wpr-taxonomy\"data-term-id=\"17\"><a target=\"_blank\" href=\"https:\/\/mypyli-hr.com\/en\/blog\/category\/bulletins-de-paie\"><span class=\"wpr-tax-wrap\"> <span><\/span><span>Payslips<\/span><\/span><span><span class=\"wpr-term-count\">&nbsp;(3)<\/span><\/span><\/a><\/li><li class=\"wpr-taxonomy\"data-term-id=\"16\"><a target=\"_blank\" href=\"https:\/\/mypyli-hr.com\/en\/blog\/category\/conges-et-absences\"><span class=\"wpr-tax-wrap\"> <span><\/span><span>Leave &amp; Absences<\/span><\/span><span><span class=\"wpr-term-count\">&nbsp;(4)<\/span><\/span><\/a><\/li><li class=\"wpr-taxonomy\"data-term-id=\"19\"><a target=\"_blank\" href=\"https:\/\/mypyli-hr.com\/en\/blog\/category\/donnees-rh\"><span class=\"wpr-tax-wrap\"> <span><\/span><span>Donn\u00e9es RH<\/span><\/span><span><span class=\"wpr-term-count\">&nbsp;(2)<\/span><\/span><\/a><\/li><li class=\"wpr-taxonomy\"data-term-id=\"18\"><a target=\"_blank\" href=\"https:\/\/mypyli-hr.com\/en\/blog\/category\/notes-de-frais\"><span class=\"wpr-tax-wrap\"> <span><\/span><span>Expense Management<\/span><\/span><span><span class=\"wpr-term-count\">&nbsp;(3)<\/span><\/span><\/a><\/li><li class=\"wpr-taxonomy\"data-term-id=\"20\"><a target=\"_blank\" href=\"https:\/\/mypyli-hr.com\/en\/blog\/category\/teletravail\"><span class=\"wpr-tax-wrap\"> <span><\/span><span>Remote Work<\/span><\/span><span><span class=\"wpr-term-count\">&nbsp;(3)<\/span><\/span><\/a><\/li><li class=\"wpr-taxonomy\"data-term-id=\"21\"><a target=\"_blank\" href=\"https:\/\/mypyli-hr.com\/en\/blog\/category\/temps-et-activites\"><span class=\"wpr-tax-wrap\"> <span><\/span><span>Time &amp; Activities<\/span><\/span><span><span class=\"wpr-term-count\">&nbsp;(3)<\/span><\/span><\/a><\/li><\/ul>\t\t<\/div>\n\t\t\t\t<\/div>\n\t\t<div class=\"elementor-element elementor-element-78d4562 e-flex e-con-boxed wpr-particle-no wpr-jarallax-no wpr-parallax-no wpr-sticky-section-no e-con e-child\" data-id=\"78d4562\" data-element_type=\"container\" data-settings=\"{&quot;background_background&quot;:&quot;classic&quot;,&quot;_ha_eqh_enable&quot;:false}\">\n\t\t\t\t\t<div class=\"e-con-inner\">\n\t\t\t\t<div class=\"elementor-element elementor-element-df8d69e elementor-widget elementor-widget-image\" data-id=\"df8d69e\" data-element_type=\"widget\" data-widget_type=\"image.default\">\n\t\t\t\t<div class=\"elementor-widget-container\">\n\t\t\t\t\t\t\t\t\t\t\t\t\t<img decoding=\"async\" width=\"345\" height=\"101\" src=\"https:\/\/mypyli-hr.com\/wp-content\/uploads\/2023\/10\/mypyli.png\" class=\"attachment-large size-large wp-image-1157\" alt=\"\" srcset=\"https:\/\/mypyli-hr.com\/wp-content\/uploads\/2023\/10\/mypyli.png 345w, https:\/\/mypyli-hr.com\/wp-content\/uploads\/2023\/10\/mypyli-300x88.png 300w\" sizes=\"(max-width: 345px) 100vw, 345px\" \/>\t\t\t\t\t\t\t\t\t\t\t\t\t<\/div>\n\t\t\t\t<\/div>\n\t\t\t\t<div class=\"elementor-element elementor-element-0a9f9f5 elementor-widget elementor-widget-text-editor\" data-id=\"0a9f9f5\" data-element_type=\"widget\" data-widget_type=\"text-editor.default\">\n\t\t\t\t<div class=\"elementor-widget-container\">\n\t\t\t\t\t\t\t\u00c0 la recherche d\u2019une solution RH r\u00e9volutionnaire, adapt\u00e9e aux entreprises et institutions, peu importe leur taille ou leur secteur ? <br>Ne cherchez plus ! Notre solution 100% num\u00e9rique est l\u00e0 pour r\u00e9pondre \u00e0 tous vos besoins !\t\t\t\t\t\t<\/div>\n\t\t\t\t<\/div>\n\t\t\t\t<div class=\"elementor-element elementor-element-8bb640b elementor-align-center elementor-widget elementor-widget-button\" data-id=\"8bb640b\" data-element_type=\"widget\" data-widget_type=\"button.default\">\n\t\t\t\t<div class=\"elementor-widget-container\">\n\t\t\t\t\t<div class=\"elementor-button-wrapper\">\n\t\t\t<a class=\"elementor-button elementor-button-link elementor-size-sm elementor-animation-grow\" href=\"https:\/\/mypyli-hr.com\/en\/demo\/\">\n\t\t\t\t\t\t<span class=\"elementor-button-content-wrapper\">\n\t\t\t\t\t\t\t\t\t<span class=\"elementor-button-text\">Tester MyPYLI Gratuitement !<\/span>\n\t\t\t\t\t<\/span>\n\t\t\t\t\t<\/a>\n\t\t<\/div>\n\t\t\t\t<\/div>\n\t\t\t\t<\/div>\n\t\t\t\t\t<\/div>\n\t\t\t\t<\/div>\n\t\t\t\t<\/div>\n\t\t\t\t<\/div>\n\t\t\t\t\t<\/div>\n\t\t\t\t<\/div>\n\t\t\t\t<\/div>","protected":false},"excerpt":{"rendered":"<p>Le t\u00e9l\u00e9travail, \u00e9galement connu sous le nom de remote work ou travail hybrid\u00a0 est devenu de plus en plus populaire ces derni\u00e8res ann\u00e9es, et encore plus avec l&rsquo;av\u00e8nement de la pand\u00e9mie mondiale. Cette forme de travail hybride offre la flexibilit\u00e9 de travailler \u00e0 distance tout en restant connect\u00e9 \u00e0 l&rsquo;\u00e9quipe. Le t\u00e9l\u00e9travail permet aux employ\u00e9s de gagner du temps sur les trajets domicile-travail, de travailler dans un environnement confortable et familier, et de concilier plus facilement vie professionnelle et vie&#8230;<\/p>\n<p class=\"read-more\"><a class=\"btn btn-default\" href=\"https:\/\/mypyli-hr.com\/en\/lexique-rh\/teletravail\"> Read More<span class=\"screen-reader-text\">  Read More<\/span><\/a><\/p>","protected":false},"author":2,"featured_media":0,"parent":3897,"menu_order":0,"comment_status":"closed","ping_status":"closed","template":"elementor_header_footer","meta":{"footnotes":""},"class_list":["post-4021","page","type-page","status-publish","hentry"],"yoast_head":"<!-- This site is optimized with the Yoast SEO plugin v25.8 - https:\/\/yoast.com\/wordpress\/plugins\/seo\/ -->\n<title>Lexique RH: T\u00e9l\u00e9travail - MyPYLI HR<\/title>\n<meta name=\"description\" content=\"D\u00e9couvrez comment le t\u00e9l\u00e9travail vous aide \u00e0 avoir une productivit\u00e9 maximale et optimiser votre efficacit\u00e9 professionnelle.\" \/>\n<meta name=\"robots\" content=\"index, follow, max-snippet:-1, max-image-preview:large, max-video-preview:-1\" \/>\n<link rel=\"canonical\" href=\"https:\/\/mypyli-hr.com\/en\/lexique-rh\/teletravail\/\" \/>\n<meta property=\"og:locale\" content=\"en_US\" \/>\n<meta property=\"og:type\" content=\"article\" \/>\n<meta property=\"og:title\" content=\"Lexique RH: T\u00e9l\u00e9travail - MyPYLI HR\" \/>\n<meta property=\"og:description\" content=\"D\u00e9couvrez comment le t\u00e9l\u00e9travail vous aide \u00e0 avoir une productivit\u00e9 maximale et optimiser votre efficacit\u00e9 professionnelle.\" \/>\n<meta property=\"og:url\" content=\"https:\/\/mypyli-hr.com\/en\/lexique-rh\/teletravail\/\" \/>\n<meta property=\"og:site_name\" content=\"MyPYLI HR\" \/>\n<meta property=\"article:modified_time\" content=\"2024-03-14T15:54:44+00:00\" \/>\n<meta property=\"og:image\" content=\"https:\/\/mypyli-hr.com\/wp-content\/uploads\/2024\/03\/Teletravail-1-1024x591.png\" \/>\n<meta name=\"twitter:card\" content=\"summary_large_image\" \/>\n<meta name=\"twitter:label1\" content=\"Est. reading time\" \/>\n\t<meta name=\"twitter:data1\" content=\"2 minutes\" \/>\n<script type=\"application\/ld+json\" class=\"yoast-schema-graph\">{\"@context\":\"https:\/\/schema.org\",\"@graph\":[{\"@type\":\"WebPage\",\"@id\":\"https:\/\/mypyli-hr.com\/lexique-rh\/teletravail\",\"url\":\"https:\/\/mypyli-hr.com\/lexique-rh\/teletravail\",\"name\":\"Lexique RH: T\u00e9l\u00e9travail - MyPYLI HR\",\"isPartOf\":{\"@id\":\"https:\/\/mypyli-hr.com\/#website\"},\"primaryImageOfPage\":{\"@id\":\"https:\/\/mypyli-hr.com\/lexique-rh\/teletravail#primaryimage\"},\"image\":{\"@id\":\"https:\/\/mypyli-hr.com\/lexique-rh\/teletravail#primaryimage\"},\"thumbnailUrl\":\"https:\/\/mypyli-hr.com\/wp-content\/uploads\/2024\/03\/Teletravail-1-1024x591.png\",\"datePublished\":\"2024-03-01T09:02:43+00:00\",\"dateModified\":\"2024-03-14T15:54:44+00:00\",\"description\":\"D\u00e9couvrez comment le t\u00e9l\u00e9travail vous aide \u00e0 avoir une productivit\u00e9 maximale et optimiser votre efficacit\u00e9 professionnelle.\",\"breadcrumb\":{\"@id\":\"https:\/\/mypyli-hr.com\/lexique-rh\/teletravail#breadcrumb\"},\"inLanguage\":\"en-US\",\"potentialAction\":[{\"@type\":\"ReadAction\",\"target\":[\"https:\/\/mypyli-hr.com\/lexique-rh\/teletravail\"]}]},{\"@type\":\"ImageObject\",\"inLanguage\":\"en-US\",\"@id\":\"https:\/\/mypyli-hr.com\/lexique-rh\/teletravail#primaryimage\",\"url\":\"https:\/\/mypyli-hr.com\/wp-content\/uploads\/2024\/03\/Teletravail-1-1024x591.png\",\"contentUrl\":\"https:\/\/mypyli-hr.com\/wp-content\/uploads\/2024\/03\/Teletravail-1-1024x591.png\"},{\"@type\":\"BreadcrumbList\",\"@id\":\"https:\/\/mypyli-hr.com\/lexique-rh\/teletravail#breadcrumb\",\"itemListElement\":[{\"@type\":\"ListItem\",\"position\":1,\"name\":\"Accueil\",\"item\":\"https:\/\/mypyli-hr.com\/\"},{\"@type\":\"ListItem\",\"position\":2,\"name\":\"Lexique RH\",\"item\":\"https:\/\/mypyli-hr.com\/lexique-rh\"},{\"@type\":\"ListItem\",\"position\":3,\"name\":\"T\u00e9l\u00e9travail\"}]},{\"@type\":\"WebSite\",\"@id\":\"https:\/\/mypyli-hr.com\/#website\",\"url\":\"https:\/\/mypyli-hr.com\/\",\"name\":\"MyPYLI HR\",\"description\":\"\",\"potentialAction\":[{\"@type\":\"SearchAction\",\"target\":{\"@type\":\"EntryPoint\",\"urlTemplate\":\"https:\/\/mypyli-hr.com\/?s={search_term_string}\"},\"query-input\":{\"@type\":\"PropertyValueSpecification\",\"valueRequired\":true,\"valueName\":\"search_term_string\"}}],\"inLanguage\":\"en-US\"}]}<\/script>\n<!-- \/ Yoast SEO plugin. -->","yoast_head_json":{"title":"Lexique RH: T\u00e9l\u00e9travail - MyPYLI HR","description":"D\u00e9couvrez comment le t\u00e9l\u00e9travail vous aide \u00e0 avoir une productivit\u00e9 maximale et optimiser votre efficacit\u00e9 professionnelle.","robots":{"index":"index","follow":"follow","max-snippet":"max-snippet:-1","max-image-preview":"max-image-preview:large","max-video-preview":"max-video-preview:-1"},"canonical":"https:\/\/mypyli-hr.com\/en\/lexique-rh\/teletravail\/","og_locale":"en_US","og_type":"article","og_title":"Lexique RH: T\u00e9l\u00e9travail - MyPYLI HR","og_description":"D\u00e9couvrez comment le t\u00e9l\u00e9travail vous aide \u00e0 avoir une productivit\u00e9 maximale et optimiser votre efficacit\u00e9 professionnelle.","og_url":"https:\/\/mypyli-hr.com\/en\/lexique-rh\/teletravail\/","og_site_name":"MyPYLI HR","article_modified_time":"2024-03-14T15:54:44+00:00","og_image":[{"url":"https:\/\/mypyli-hr.com\/wp-content\/uploads\/2024\/03\/Teletravail-1-1024x591.png","type":"","width":"","height":""}],"twitter_card":"summary_large_image","twitter_misc":{"Est. reading time":"2 minutes"},"schema":{"@context":"https:\/\/schema.org","@graph":[{"@type":"WebPage","@id":"https:\/\/mypyli-hr.com\/lexique-rh\/teletravail","url":"https:\/\/mypyli-hr.com\/lexique-rh\/teletravail","name":"Lexique RH: T\u00e9l\u00e9travail - MyPYLI HR","isPartOf":{"@id":"https:\/\/mypyli-hr.com\/#website"},"primaryImageOfPage":{"@id":"https:\/\/mypyli-hr.com\/lexique-rh\/teletravail#primaryimage"},"image":{"@id":"https:\/\/mypyli-hr.com\/lexique-rh\/teletravail#primaryimage"},"thumbnailUrl":"https:\/\/mypyli-hr.com\/wp-content\/uploads\/2024\/03\/Teletravail-1-1024x591.png","datePublished":"2024-03-01T09:02:43+00:00","dateModified":"2024-03-14T15:54:44+00:00","description":"D\u00e9couvrez comment le t\u00e9l\u00e9travail vous aide \u00e0 avoir une productivit\u00e9 maximale et optimiser votre efficacit\u00e9 professionnelle.","breadcrumb":{"@id":"https:\/\/mypyli-hr.com\/lexique-rh\/teletravail#breadcrumb"},"inLanguage":"en-US","potentialAction":[{"@type":"ReadAction","target":["https:\/\/mypyli-hr.com\/lexique-rh\/teletravail"]}]},{"@type":"ImageObject","inLanguage":"en-US","@id":"https:\/\/mypyli-hr.com\/lexique-rh\/teletravail#primaryimage","url":"https:\/\/mypyli-hr.com\/wp-content\/uploads\/2024\/03\/Teletravail-1-1024x591.png","contentUrl":"https:\/\/mypyli-hr.com\/wp-content\/uploads\/2024\/03\/Teletravail-1-1024x591.png"},{"@type":"BreadcrumbList","@id":"https:\/\/mypyli-hr.com\/lexique-rh\/teletravail#breadcrumb","itemListElement":[{"@type":"ListItem","position":1,"name":"Accueil","item":"https:\/\/mypyli-hr.com\/"},{"@type":"ListItem","position":2,"name":"Lexique RH","item":"https:\/\/mypyli-hr.com\/lexique-rh"},{"@type":"ListItem","position":3,"name":"T\u00e9l\u00e9travail"}]},{"@type":"WebSite","@id":"https:\/\/mypyli-hr.com\/#website","url":"https:\/\/mypyli-hr.com\/","name":"MyPYLI HR","description":"","potentialAction":[{"@type":"SearchAction","target":{"@type":"EntryPoint","urlTemplate":"https:\/\/mypyli-hr.com\/?s={search_term_string}"},"query-input":{"@type":"PropertyValueSpecification","valueRequired":true,"valueName":"search_term_string"}}],"inLanguage":"en-US"}]}},"_links":{"self":[{"href":"https:\/\/mypyli-hr.com\/en\/wp-json\/wp\/v2\/pages\/4021","targetHints":{"allow":["GET"]}}],"collection":[{"href":"https:\/\/mypyli-hr.com\/en\/wp-json\/wp\/v2\/pages"}],"about":[{"href":"https:\/\/mypyli-hr.com\/en\/wp-json\/wp\/v2\/types\/page"}],"author":[{"embeddable":true,"href":"https:\/\/mypyli-hr.com\/en\/wp-json\/wp\/v2\/users\/2"}],"replies":[{"embeddable":true,"href":"https:\/\/mypyli-hr.com\/en\/wp-json\/wp\/v2\/comments?post=4021"}],"version-history":[{"count":41,"href":"https:\/\/mypyli-hr.com\/en\/wp-json\/wp\/v2\/pages\/4021\/revisions"}],"predecessor-version":[{"id":4274,"href":"https:\/\/mypyli-hr.com\/en\/wp-json\/wp\/v2\/pages\/4021\/revisions\/4274"}],"up":[{"embeddable":true,"href":"https:\/\/mypyli-hr.com\/en\/wp-json\/wp\/v2\/pages\/3897"}],"wp:attachment":[{"href":"https:\/\/mypyli-hr.com\/en\/wp-json\/wp\/v2\/media?parent=4021"}],"curies":[{"name":"wp","href":"https:\/\/api.w.org\/{rel}","templated":true}]}}