{"id":4110,"date":"2024-03-01T12:37:00","date_gmt":"2024-03-01T12:37:00","guid":{"rendered":"https:\/\/mypyli-hr.com\/?page_id=4110"},"modified":"2024-03-14T15:41:58","modified_gmt":"2024-03-14T15:41:58","slug":"politique-de-teletravail","status":"publish","type":"page","link":"https:\/\/mypyli-hr.com\/en\/lexique-rh\/politique-de-teletravail","title":{"rendered":"Politique de t\u00e9l\u00e9travail"},"content":{"rendered":"<div data-elementor-type=\"wp-page\" data-elementor-id=\"4110\" class=\"elementor elementor-4110\" data-elementor-settings=\"{&quot;ha_cmc_init_switcher&quot;:&quot;no&quot;}\">\n\t\t\t\t<div class=\"elementor-element elementor-element-b119eb8 e-flex e-con-boxed wpr-particle-no wpr-jarallax-no wpr-parallax-no wpr-sticky-section-no e-con e-parent\" data-id=\"b119eb8\" data-element_type=\"container\" data-settings=\"{&quot;_ha_eqh_enable&quot;:false}\">\n\t\t\t\t\t<div class=\"e-con-inner\">\n\t\t\t\t<div class=\"elementor-element elementor-element-4d1699d elementor-widget elementor-widget-spacer\" data-id=\"4d1699d\" data-element_type=\"widget\" data-widget_type=\"spacer.default\">\n\t\t\t\t<div class=\"elementor-widget-container\">\n\t\t\t\t\t<div class=\"elementor-spacer\">\n\t\t\t<div class=\"elementor-spacer-inner\"><\/div>\n\t\t<\/div>\n\t\t\t\t<\/div>\n\t\t\t\t<\/div>\n\t\t\t\t\t<\/div>\n\t\t\t\t<\/div>\n\t\t<div class=\"elementor-element elementor-element-7f9541a e-flex e-con-boxed wpr-particle-no wpr-jarallax-no wpr-parallax-no wpr-sticky-section-no e-con e-parent\" data-id=\"7f9541a\" data-element_type=\"container\" data-settings=\"{&quot;_ha_eqh_enable&quot;:false}\">\n\t\t\t\t\t<div class=\"e-con-inner\">\n\t\t<div class=\"elementor-element elementor-element-ca92d72 e-con-full e-flex wpr-particle-no wpr-jarallax-no wpr-parallax-no wpr-sticky-section-no e-con e-child\" data-id=\"ca92d72\" data-element_type=\"container\" data-settings=\"{&quot;_ha_eqh_enable&quot;:false}\">\n\t\t\t\t<div class=\"elementor-element elementor-element-11b617a elementor-widget elementor-widget-image\" data-id=\"11b617a\" data-element_type=\"widget\" data-widget_type=\"image.default\">\n\t\t\t\t<div class=\"elementor-widget-container\">\n\t\t\t\t\t\t\t\t\t\t\t\t\t<img fetchpriority=\"high\" decoding=\"async\" width=\"640\" height=\"369\" src=\"https:\/\/mypyli-hr.com\/wp-content\/uploads\/2024\/03\/Politique-de-Teletravail-1024x591.png\" class=\"attachment-large size-large wp-image-4219\" alt=\"\" srcset=\"https:\/\/mypyli-hr.com\/wp-content\/uploads\/2024\/03\/Politique-de-Teletravail-1024x591.png 1024w, https:\/\/mypyli-hr.com\/wp-content\/uploads\/2024\/03\/Politique-de-Teletravail-300x173.png 300w, https:\/\/mypyli-hr.com\/wp-content\/uploads\/2024\/03\/Politique-de-Teletravail-768x443.png 768w, https:\/\/mypyli-hr.com\/wp-content\/uploads\/2024\/03\/Politique-de-Teletravail-468x270.png 468w, https:\/\/mypyli-hr.com\/wp-content\/uploads\/2024\/03\/Politique-de-Teletravail.png 1267w\" sizes=\"(max-width: 640px) 100vw, 640px\" \/>\t\t\t\t\t\t\t\t\t\t\t\t\t<\/div>\n\t\t\t\t<\/div>\n\t\t\t\t<div class=\"elementor-element elementor-element-2a13743 elementor-widget elementor-widget-text-editor\" data-id=\"2a13743\" data-element_type=\"widget\" data-widget_type=\"text-editor.default\">\n\t\t\t\t<div class=\"elementor-widget-container\">\n\t\t\t\t\t\t\t<strong>La politique de t\u00e9l\u00e9travail<\/strong> est un ensemble de directives, de r\u00e8gles et de proc\u00e9dures \u00e9tablies par une entreprise pour r\u00e9gir la pratique du travail en dehors des locaux traditionnels de l&rsquo;entreprise. Cette politique d\u00e9finit les conditions dans lesquelles les employ\u00e9s peuvent effectuer leurs t\u00e2ches professionnelles depuis un lieu distant, tel que leur domicile.<br>\nUne politique de t\u00e9l\u00e9travail peut inclure des aspects tels que :\t\t\t\t\t\t<\/div>\n\t\t\t\t<\/div>\n\t\t\t\t<div class=\"elementor-element elementor-element-a9c4b15 elementor-icon-list--layout-traditional elementor-list-item-link-full_width elementor-widget elementor-widget-icon-list\" data-id=\"a9c4b15\" data-element_type=\"widget\" data-widget_type=\"icon-list.default\">\n\t\t\t\t<div class=\"elementor-widget-container\">\n\t\t\t\t\t<ul class=\"elementor-icon-list-items\">\n\t\t\t\t\t\t\t<li class=\"elementor-icon-list-item\">\n\t\t\t\t\t\t\t\t\t\t\t<span class=\"elementor-icon-list-icon\">\n\t\t\t\t\t\t\t<i aria-hidden=\"true\" class=\"fas fa-angle-double-right\"><\/i>\t\t\t\t\t\t<\/span>\n\t\t\t\t\t\t\t\t\t\t<span class=\"elementor-icon-list-text\">Les modalit\u00e9s de demande et d'approbation du t\u00e9l\u00e9travail,<\/span>\n\t\t\t\t\t\t\t\t\t<\/li>\n\t\t\t\t\t\t\t\t<li class=\"elementor-icon-list-item\">\n\t\t\t\t\t\t\t\t\t\t\t<span class=\"elementor-icon-list-icon\">\n\t\t\t\t\t\t\t<i aria-hidden=\"true\" class=\"fas fa-angle-double-right\"><\/i>\t\t\t\t\t\t<\/span>\n\t\t\t\t\t\t\t\t\t\t<span class=\"elementor-icon-list-text\">Les attentes en mati\u00e8re de disponibilit\u00e9,<\/span>\n\t\t\t\t\t\t\t\t\t<\/li>\n\t\t\t\t\t\t\t\t<li class=\"elementor-icon-list-item\">\n\t\t\t\t\t\t\t\t\t\t\t<span class=\"elementor-icon-list-icon\">\n\t\t\t\t\t\t\t<i aria-hidden=\"true\" class=\"fas fa-angle-double-right\"><\/i>\t\t\t\t\t\t<\/span>\n\t\t\t\t\t\t\t\t\t\t<span class=\"elementor-icon-list-text\">Les heures de travail,<\/span>\n\t\t\t\t\t\t\t\t\t<\/li>\n\t\t\t\t\t\t\t\t<li class=\"elementor-icon-list-item\">\n\t\t\t\t\t\t\t\t\t\t\t<span class=\"elementor-icon-list-icon\">\n\t\t\t\t\t\t\t<i aria-hidden=\"true\" class=\"fas fa-angle-double-right\"><\/i>\t\t\t\t\t\t<\/span>\n\t\t\t\t\t\t\t\t\t\t<span class=\"elementor-icon-list-text\">Les exigences mat\u00e9rielles et technologiques,<\/span>\n\t\t\t\t\t\t\t\t\t<\/li>\n\t\t\t\t\t\t\t\t<li class=\"elementor-icon-list-item\">\n\t\t\t\t\t\t\t\t\t\t\t<span class=\"elementor-icon-list-icon\">\n\t\t\t\t\t\t\t<i aria-hidden=\"true\" class=\"fas fa-angle-double-right\"><\/i>\t\t\t\t\t\t<\/span>\n\t\t\t\t\t\t\t\t\t\t<span class=\"elementor-icon-list-text\">La s\u00e9curit\u00e9 des donn\u00e9es,<\/span>\n\t\t\t\t\t\t\t\t\t<\/li>\n\t\t\t\t\t\t\t\t<li class=\"elementor-icon-list-item\">\n\t\t\t\t\t\t\t\t\t\t\t<span class=\"elementor-icon-list-icon\">\n\t\t\t\t\t\t\t<i aria-hidden=\"true\" class=\"fas fa-angle-double-right\"><\/i>\t\t\t\t\t\t<\/span>\n\t\t\t\t\t\t\t\t\t\t<span class=\"elementor-icon-list-text\">Les responsabilit\u00e9s de l'employ\u00e9 et de l'employeur,<\/span>\n\t\t\t\t\t\t\t\t\t<\/li>\n\t\t\t\t\t\t\t\t<li class=\"elementor-icon-list-item\">\n\t\t\t\t\t\t\t\t\t\t\t<span class=\"elementor-icon-list-icon\">\n\t\t\t\t\t\t\t<i aria-hidden=\"true\" class=\"fas fa-angle-double-right\"><\/i>\t\t\t\t\t\t<\/span>\n\t\t\t\t\t\t\t\t\t\t<span class=\"elementor-icon-list-text\">Les m\u00e9canismes de suivi et d'\u00e9valuation de la performance \u00e0 distance,<\/span>\n\t\t\t\t\t\t\t\t\t<\/li>\n\t\t\t\t\t\t<\/ul>\n\t\t\t\t<\/div>\n\t\t\t\t<\/div>\n\t\t\t\t<div class=\"elementor-element elementor-element-67f94e0 elementor-widget elementor-widget-text-editor\" data-id=\"67f94e0\" data-element_type=\"widget\" data-widget_type=\"text-editor.default\">\n\t\t\t\t<div class=\"elementor-widget-container\">\n\t\t\t\t\t\t\t<p>Elle vise \u00e0 cr\u00e9er un cadre clair et \u00e9quitable pour les employ\u00e9s qui souhaitent travailler en dehors du bureau principal, tout en assurant la continuit\u00e9 des op\u00e9rations de l&rsquo;entreprise.<\/p><p>La <strong>mise en place d&rsquo;une politique de t\u00e9l\u00e9travail<\/strong> peut varier d&rsquo;une entreprise \u00e0 l&rsquo;autre en fonction de ses besoins, de sa culture organisationnelle et de la nature de ses activit\u00e9s. Elle est con\u00e7ue pour r\u00e9pondre aux d\u00e9fis et aux avantages sp\u00e9cifiques li\u00e9s au <strong><span style=\"color: #0075ff;\"><a style=\"color: #0075ff;\" href=\"https:\/\/mypyli-hr.com\/en\/lexique-rh\/teletravail\/\">travail \u00e0 distance<\/a><\/span><\/strong>, tout en favorisant un \u00e9quilibre entre la flexibilit\u00e9 des employ\u00e9s et les objectifs op\u00e9rationnels de l&rsquo;entreprise.<\/p>\t\t\t\t\t\t<\/div>\n\t\t\t\t<\/div>\n\t\t\t\t<\/div>\n\t\t<div class=\"elementor-element elementor-element-08e8c0d e-con-full e-flex wpr-particle-no wpr-jarallax-no wpr-parallax-no wpr-sticky-section-no e-con e-child\" data-id=\"08e8c0d\" data-element_type=\"container\" data-settings=\"{&quot;_ha_eqh_enable&quot;:false}\">\n\t\t<div class=\"elementor-element elementor-element-3b0b42a e-con-full e-flex wpr-particle-no wpr-jarallax-no wpr-parallax-no wpr-sticky-section-no e-con e-child\" data-id=\"3b0b42a\" data-element_type=\"container\" data-settings=\"{&quot;_ha_eqh_enable&quot;:false}\">\n\t\t\t\t<div class=\"elementor-element elementor-element-5271b86 wpr-taxonomy-list-vertical elementor-widget elementor-widget-wpr-taxonomy-list\" data-id=\"5271b86\" data-element_type=\"widget\" data-widget_type=\"wpr-taxonomy-list.default\">\n\t\t\t\t<div class=\"elementor-widget-container\">\n\t\t\t<ul class=\"wpr-taxonomy-list\" data-show-on-click=\"\"><li class=\"wpr-taxonomy\"data-term-id=\"22\"><a target=\"_blank\" href=\"https:\/\/mypyli-hr.com\/en\/blog\/category\/actualites-rh\"><span class=\"wpr-tax-wrap\"> <span><\/span><span>Actualit\u00e9s RH<\/span><\/span><span><span class=\"wpr-term-count\">&nbsp;(15)<\/span><\/span><\/a><\/li><li class=\"wpr-taxonomy\"data-term-id=\"17\"><a target=\"_blank\" href=\"https:\/\/mypyli-hr.com\/en\/blog\/category\/bulletins-de-paie\"><span class=\"wpr-tax-wrap\"> <span><\/span><span>Payslips<\/span><\/span><span><span class=\"wpr-term-count\">&nbsp;(3)<\/span><\/span><\/a><\/li><li class=\"wpr-taxonomy\"data-term-id=\"16\"><a target=\"_blank\" href=\"https:\/\/mypyli-hr.com\/en\/blog\/category\/conges-et-absences\"><span class=\"wpr-tax-wrap\"> <span><\/span><span>Leave &amp; Absences<\/span><\/span><span><span class=\"wpr-term-count\">&nbsp;(4)<\/span><\/span><\/a><\/li><li class=\"wpr-taxonomy\"data-term-id=\"19\"><a target=\"_blank\" href=\"https:\/\/mypyli-hr.com\/en\/blog\/category\/donnees-rh\"><span class=\"wpr-tax-wrap\"> <span><\/span><span>Donn\u00e9es RH<\/span><\/span><span><span class=\"wpr-term-count\">&nbsp;(2)<\/span><\/span><\/a><\/li><li class=\"wpr-taxonomy\"data-term-id=\"18\"><a target=\"_blank\" href=\"https:\/\/mypyli-hr.com\/en\/blog\/category\/notes-de-frais\"><span class=\"wpr-tax-wrap\"> <span><\/span><span>Expense Management<\/span><\/span><span><span class=\"wpr-term-count\">&nbsp;(3)<\/span><\/span><\/a><\/li><li class=\"wpr-taxonomy\"data-term-id=\"20\"><a target=\"_blank\" href=\"https:\/\/mypyli-hr.com\/en\/blog\/category\/teletravail\"><span class=\"wpr-tax-wrap\"> <span><\/span><span>Remote Work<\/span><\/span><span><span class=\"wpr-term-count\">&nbsp;(3)<\/span><\/span><\/a><\/li><li class=\"wpr-taxonomy\"data-term-id=\"21\"><a target=\"_blank\" href=\"https:\/\/mypyli-hr.com\/en\/blog\/category\/temps-et-activites\"><span class=\"wpr-tax-wrap\"> <span><\/span><span>Time &amp; Activities<\/span><\/span><span><span class=\"wpr-term-count\">&nbsp;(3)<\/span><\/span><\/a><\/li><\/ul>\t\t<\/div>\n\t\t\t\t<\/div>\n\t\t<div class=\"elementor-element elementor-element-78d4562 e-flex e-con-boxed wpr-particle-no wpr-jarallax-no wpr-parallax-no wpr-sticky-section-no e-con e-child\" data-id=\"78d4562\" data-element_type=\"container\" data-settings=\"{&quot;background_background&quot;:&quot;classic&quot;,&quot;_ha_eqh_enable&quot;:false}\">\n\t\t\t\t\t<div class=\"e-con-inner\">\n\t\t\t\t<div class=\"elementor-element elementor-element-df8d69e elementor-widget elementor-widget-image\" data-id=\"df8d69e\" data-element_type=\"widget\" data-widget_type=\"image.default\">\n\t\t\t\t<div class=\"elementor-widget-container\">\n\t\t\t\t\t\t\t\t\t\t\t\t\t<img decoding=\"async\" width=\"345\" height=\"101\" src=\"https:\/\/mypyli-hr.com\/wp-content\/uploads\/2023\/10\/mypyli.png\" class=\"attachment-large size-large wp-image-1157\" alt=\"\" srcset=\"https:\/\/mypyli-hr.com\/wp-content\/uploads\/2023\/10\/mypyli.png 345w, https:\/\/mypyli-hr.com\/wp-content\/uploads\/2023\/10\/mypyli-300x88.png 300w\" sizes=\"(max-width: 345px) 100vw, 345px\" \/>\t\t\t\t\t\t\t\t\t\t\t\t\t<\/div>\n\t\t\t\t<\/div>\n\t\t\t\t<div class=\"elementor-element elementor-element-0a9f9f5 elementor-widget elementor-widget-text-editor\" data-id=\"0a9f9f5\" data-element_type=\"widget\" data-widget_type=\"text-editor.default\">\n\t\t\t\t<div class=\"elementor-widget-container\">\n\t\t\t\t\t\t\t\u00c0 la recherche d\u2019une solution RH r\u00e9volutionnaire, adapt\u00e9e aux entreprises et institutions, peu importe leur taille ou leur secteur ? <br>Ne cherchez plus ! Notre solution 100% num\u00e9rique est l\u00e0 pour r\u00e9pondre \u00e0 tous vos besoins !\t\t\t\t\t\t<\/div>\n\t\t\t\t<\/div>\n\t\t\t\t<div class=\"elementor-element elementor-element-8bb640b elementor-align-center elementor-widget elementor-widget-button\" data-id=\"8bb640b\" data-element_type=\"widget\" data-widget_type=\"button.default\">\n\t\t\t\t<div class=\"elementor-widget-container\">\n\t\t\t\t\t<div class=\"elementor-button-wrapper\">\n\t\t\t<a class=\"elementor-button elementor-button-link elementor-size-sm elementor-animation-grow\" href=\"https:\/\/mypyli-hr.com\/en\/demo\/\">\n\t\t\t\t\t\t<span class=\"elementor-button-content-wrapper\">\n\t\t\t\t\t\t\t\t\t<span class=\"elementor-button-text\">Tester MyPYLI Gratuitement !<\/span>\n\t\t\t\t\t<\/span>\n\t\t\t\t\t<\/a>\n\t\t<\/div>\n\t\t\t\t<\/div>\n\t\t\t\t<\/div>\n\t\t\t\t\t<\/div>\n\t\t\t\t<\/div>\n\t\t\t\t<\/div>\n\t\t\t\t<\/div>\n\t\t\t\t\t<\/div>\n\t\t\t\t<\/div>\n\t\t\t\t<\/div>","protected":false},"excerpt":{"rendered":"<p>La politique de t\u00e9l\u00e9travail est un ensemble de directives, de r\u00e8gles et de proc\u00e9dures \u00e9tablies par une entreprise pour r\u00e9gir la pratique du travail en dehors des locaux traditionnels de l&rsquo;entreprise. Cette politique d\u00e9finit les conditions dans lesquelles les employ\u00e9s peuvent effectuer leurs t\u00e2ches professionnelles depuis un lieu distant, tel que leur domicile. Une politique de t\u00e9l\u00e9travail peut inclure des aspects tels que : Les modalit\u00e9s de demande et d&rsquo;approbation du t\u00e9l\u00e9travail, Les attentes en mati\u00e8re de disponibilit\u00e9, Les heures&#8230;<\/p>\n<p class=\"read-more\"><a class=\"btn btn-default\" href=\"https:\/\/mypyli-hr.com\/en\/lexique-rh\/politique-de-teletravail\"> Read More<span class=\"screen-reader-text\">  Read More<\/span><\/a><\/p>","protected":false},"author":2,"featured_media":0,"parent":3897,"menu_order":0,"comment_status":"closed","ping_status":"closed","template":"elementor_header_footer","meta":{"footnotes":""},"class_list":["post-4110","page","type-page","status-publish","hentry"],"yoast_head":"<!-- This site is optimized with the Yoast SEO plugin v25.8 - https:\/\/yoast.com\/wordpress\/plugins\/seo\/ -->\n<title>Lexique RH : Politique de t\u00e9l\u00e9travail - MyPYLI HR<\/title>\n<meta name=\"description\" content=\"D\u00e9couvrez comment mettre en place une politique de t\u00e9l\u00e9travail efficace pour favoriser la productivit\u00e9 et le bien-\u00eatre de vos employ\u00e9s.\" \/>\n<meta name=\"robots\" content=\"index, follow, max-snippet:-1, max-image-preview:large, max-video-preview:-1\" \/>\n<link rel=\"canonical\" href=\"https:\/\/mypyli-hr.com\/en\/lexique-rh\/politique-de-teletravail\/\" \/>\n<meta property=\"og:locale\" content=\"en_US\" \/>\n<meta property=\"og:type\" content=\"article\" \/>\n<meta property=\"og:title\" content=\"Lexique RH : Politique de t\u00e9l\u00e9travail - MyPYLI HR\" \/>\n<meta property=\"og:description\" content=\"D\u00e9couvrez comment mettre en place une politique de t\u00e9l\u00e9travail efficace pour favoriser la productivit\u00e9 et le bien-\u00eatre de vos employ\u00e9s.\" \/>\n<meta property=\"og:url\" content=\"https:\/\/mypyli-hr.com\/en\/lexique-rh\/politique-de-teletravail\/\" \/>\n<meta property=\"og:site_name\" content=\"MyPYLI HR\" \/>\n<meta property=\"article:modified_time\" content=\"2024-03-14T15:41:58+00:00\" \/>\n<meta property=\"og:image\" content=\"https:\/\/mypyli-hr.com\/wp-content\/uploads\/2024\/03\/Politique-de-Teletravail-1024x591.png\" \/>\n<meta name=\"twitter:card\" content=\"summary_large_image\" \/>\n<meta name=\"twitter:label1\" content=\"Est. reading time\" \/>\n\t<meta name=\"twitter:data1\" content=\"2 minutes\" \/>\n<script type=\"application\/ld+json\" class=\"yoast-schema-graph\">{\"@context\":\"https:\/\/schema.org\",\"@graph\":[{\"@type\":\"WebPage\",\"@id\":\"https:\/\/mypyli-hr.com\/lexique-rh\/politique-de-teletravail\",\"url\":\"https:\/\/mypyli-hr.com\/lexique-rh\/politique-de-teletravail\",\"name\":\"Lexique RH : Politique de t\u00e9l\u00e9travail - MyPYLI HR\",\"isPartOf\":{\"@id\":\"https:\/\/mypyli-hr.com\/#website\"},\"primaryImageOfPage\":{\"@id\":\"https:\/\/mypyli-hr.com\/lexique-rh\/politique-de-teletravail#primaryimage\"},\"image\":{\"@id\":\"https:\/\/mypyli-hr.com\/lexique-rh\/politique-de-teletravail#primaryimage\"},\"thumbnailUrl\":\"https:\/\/mypyli-hr.com\/wp-content\/uploads\/2024\/03\/Politique-de-Teletravail-1024x591.png\",\"datePublished\":\"2024-03-01T12:37:00+00:00\",\"dateModified\":\"2024-03-14T15:41:58+00:00\",\"description\":\"D\u00e9couvrez comment mettre en place une politique de t\u00e9l\u00e9travail efficace pour favoriser la productivit\u00e9 et le bien-\u00eatre de vos employ\u00e9s.\",\"breadcrumb\":{\"@id\":\"https:\/\/mypyli-hr.com\/lexique-rh\/politique-de-teletravail#breadcrumb\"},\"inLanguage\":\"en-US\",\"potentialAction\":[{\"@type\":\"ReadAction\",\"target\":[\"https:\/\/mypyli-hr.com\/lexique-rh\/politique-de-teletravail\"]}]},{\"@type\":\"ImageObject\",\"inLanguage\":\"en-US\",\"@id\":\"https:\/\/mypyli-hr.com\/lexique-rh\/politique-de-teletravail#primaryimage\",\"url\":\"https:\/\/mypyli-hr.com\/wp-content\/uploads\/2024\/03\/Politique-de-Teletravail-1024x591.png\",\"contentUrl\":\"https:\/\/mypyli-hr.com\/wp-content\/uploads\/2024\/03\/Politique-de-Teletravail-1024x591.png\"},{\"@type\":\"BreadcrumbList\",\"@id\":\"https:\/\/mypyli-hr.com\/lexique-rh\/politique-de-teletravail#breadcrumb\",\"itemListElement\":[{\"@type\":\"ListItem\",\"position\":1,\"name\":\"Accueil\",\"item\":\"https:\/\/mypyli-hr.com\/\"},{\"@type\":\"ListItem\",\"position\":2,\"name\":\"Lexique RH\",\"item\":\"https:\/\/mypyli-hr.com\/lexique-rh\"},{\"@type\":\"ListItem\",\"position\":3,\"name\":\"Politique de t\u00e9l\u00e9travail\"}]},{\"@type\":\"WebSite\",\"@id\":\"https:\/\/mypyli-hr.com\/#website\",\"url\":\"https:\/\/mypyli-hr.com\/\",\"name\":\"MyPYLI HR\",\"description\":\"\",\"potentialAction\":[{\"@type\":\"SearchAction\",\"target\":{\"@type\":\"EntryPoint\",\"urlTemplate\":\"https:\/\/mypyli-hr.com\/?s={search_term_string}\"},\"query-input\":{\"@type\":\"PropertyValueSpecification\",\"valueRequired\":true,\"valueName\":\"search_term_string\"}}],\"inLanguage\":\"en-US\"}]}<\/script>\n<!-- \/ Yoast SEO plugin. -->","yoast_head_json":{"title":"Lexique RH : Politique de t\u00e9l\u00e9travail - MyPYLI HR","description":"D\u00e9couvrez comment mettre en place une politique de t\u00e9l\u00e9travail efficace pour favoriser la productivit\u00e9 et le bien-\u00eatre de vos employ\u00e9s.","robots":{"index":"index","follow":"follow","max-snippet":"max-snippet:-1","max-image-preview":"max-image-preview:large","max-video-preview":"max-video-preview:-1"},"canonical":"https:\/\/mypyli-hr.com\/en\/lexique-rh\/politique-de-teletravail\/","og_locale":"en_US","og_type":"article","og_title":"Lexique RH : Politique de t\u00e9l\u00e9travail - MyPYLI HR","og_description":"D\u00e9couvrez comment mettre en place une politique de t\u00e9l\u00e9travail efficace pour favoriser la productivit\u00e9 et le bien-\u00eatre de vos employ\u00e9s.","og_url":"https:\/\/mypyli-hr.com\/en\/lexique-rh\/politique-de-teletravail\/","og_site_name":"MyPYLI HR","article_modified_time":"2024-03-14T15:41:58+00:00","og_image":[{"url":"https:\/\/mypyli-hr.com\/wp-content\/uploads\/2024\/03\/Politique-de-Teletravail-1024x591.png","type":"","width":"","height":""}],"twitter_card":"summary_large_image","twitter_misc":{"Est. reading time":"2 minutes"},"schema":{"@context":"https:\/\/schema.org","@graph":[{"@type":"WebPage","@id":"https:\/\/mypyli-hr.com\/lexique-rh\/politique-de-teletravail","url":"https:\/\/mypyli-hr.com\/lexique-rh\/politique-de-teletravail","name":"Lexique RH : Politique de t\u00e9l\u00e9travail - MyPYLI HR","isPartOf":{"@id":"https:\/\/mypyli-hr.com\/#website"},"primaryImageOfPage":{"@id":"https:\/\/mypyli-hr.com\/lexique-rh\/politique-de-teletravail#primaryimage"},"image":{"@id":"https:\/\/mypyli-hr.com\/lexique-rh\/politique-de-teletravail#primaryimage"},"thumbnailUrl":"https:\/\/mypyli-hr.com\/wp-content\/uploads\/2024\/03\/Politique-de-Teletravail-1024x591.png","datePublished":"2024-03-01T12:37:00+00:00","dateModified":"2024-03-14T15:41:58+00:00","description":"D\u00e9couvrez comment mettre en place une politique de t\u00e9l\u00e9travail efficace pour favoriser la productivit\u00e9 et le bien-\u00eatre de vos employ\u00e9s.","breadcrumb":{"@id":"https:\/\/mypyli-hr.com\/lexique-rh\/politique-de-teletravail#breadcrumb"},"inLanguage":"en-US","potentialAction":[{"@type":"ReadAction","target":["https:\/\/mypyli-hr.com\/lexique-rh\/politique-de-teletravail"]}]},{"@type":"ImageObject","inLanguage":"en-US","@id":"https:\/\/mypyli-hr.com\/lexique-rh\/politique-de-teletravail#primaryimage","url":"https:\/\/mypyli-hr.com\/wp-content\/uploads\/2024\/03\/Politique-de-Teletravail-1024x591.png","contentUrl":"https:\/\/mypyli-hr.com\/wp-content\/uploads\/2024\/03\/Politique-de-Teletravail-1024x591.png"},{"@type":"BreadcrumbList","@id":"https:\/\/mypyli-hr.com\/lexique-rh\/politique-de-teletravail#breadcrumb","itemListElement":[{"@type":"ListItem","position":1,"name":"Accueil","item":"https:\/\/mypyli-hr.com\/"},{"@type":"ListItem","position":2,"name":"Lexique RH","item":"https:\/\/mypyli-hr.com\/lexique-rh"},{"@type":"ListItem","position":3,"name":"Politique de t\u00e9l\u00e9travail"}]},{"@type":"WebSite","@id":"https:\/\/mypyli-hr.com\/#website","url":"https:\/\/mypyli-hr.com\/","name":"MyPYLI HR","description":"","potentialAction":[{"@type":"SearchAction","target":{"@type":"EntryPoint","urlTemplate":"https:\/\/mypyli-hr.com\/?s={search_term_string}"},"query-input":{"@type":"PropertyValueSpecification","valueRequired":true,"valueName":"search_term_string"}}],"inLanguage":"en-US"}]}},"_links":{"self":[{"href":"https:\/\/mypyli-hr.com\/en\/wp-json\/wp\/v2\/pages\/4110","targetHints":{"allow":["GET"]}}],"collection":[{"href":"https:\/\/mypyli-hr.com\/en\/wp-json\/wp\/v2\/pages"}],"about":[{"href":"https:\/\/mypyli-hr.com\/en\/wp-json\/wp\/v2\/types\/page"}],"author":[{"embeddable":true,"href":"https:\/\/mypyli-hr.com\/en\/wp-json\/wp\/v2\/users\/2"}],"replies":[{"embeddable":true,"href":"https:\/\/mypyli-hr.com\/en\/wp-json\/wp\/v2\/comments?post=4110"}],"version-history":[{"count":30,"href":"https:\/\/mypyli-hr.com\/en\/wp-json\/wp\/v2\/pages\/4110\/revisions"}],"predecessor-version":[{"id":4268,"href":"https:\/\/mypyli-hr.com\/en\/wp-json\/wp\/v2\/pages\/4110\/revisions\/4268"}],"up":[{"embeddable":true,"href":"https:\/\/mypyli-hr.com\/en\/wp-json\/wp\/v2\/pages\/3897"}],"wp:attachment":[{"href":"https:\/\/mypyli-hr.com\/en\/wp-json\/wp\/v2\/media?parent=4110"}],"curies":[{"name":"wp","href":"https:\/\/api.w.org\/{rel}","templated":true}]}}