{"id":4137,"date":"2024-03-01T14:45:05","date_gmt":"2024-03-01T14:45:05","guid":{"rendered":"https:\/\/mypyli-hr.com\/?page_id=4137"},"modified":"2024-03-14T15:43:26","modified_gmt":"2024-03-14T15:43:26","slug":"sirh","status":"publish","type":"page","link":"https:\/\/mypyli-hr.com\/en\/lexique-rh\/sirh","title":{"rendered":"SIRH"},"content":{"rendered":"<div data-elementor-type=\"wp-page\" data-elementor-id=\"4137\" class=\"elementor elementor-4137\" data-elementor-settings=\"{&quot;ha_cmc_init_switcher&quot;:&quot;no&quot;}\">\n\t\t\t\t<div class=\"elementor-element elementor-element-b119eb8 e-flex e-con-boxed wpr-particle-no wpr-jarallax-no wpr-parallax-no wpr-sticky-section-no e-con e-parent\" data-id=\"b119eb8\" data-element_type=\"container\" data-settings=\"{&quot;_ha_eqh_enable&quot;:false}\">\n\t\t\t\t\t<div class=\"e-con-inner\">\n\t\t\t\t<div class=\"elementor-element elementor-element-4d1699d elementor-widget elementor-widget-spacer\" data-id=\"4d1699d\" data-element_type=\"widget\" data-widget_type=\"spacer.default\">\n\t\t\t\t<div class=\"elementor-widget-container\">\n\t\t\t\t\t<div class=\"elementor-spacer\">\n\t\t\t<div class=\"elementor-spacer-inner\"><\/div>\n\t\t<\/div>\n\t\t\t\t<\/div>\n\t\t\t\t<\/div>\n\t\t\t\t\t<\/div>\n\t\t\t\t<\/div>\n\t\t<div class=\"elementor-element elementor-element-7f9541a e-flex e-con-boxed wpr-particle-no wpr-jarallax-no wpr-parallax-no wpr-sticky-section-no e-con e-parent\" data-id=\"7f9541a\" data-element_type=\"container\" data-settings=\"{&quot;_ha_eqh_enable&quot;:false}\">\n\t\t\t\t\t<div class=\"e-con-inner\">\n\t\t<div class=\"elementor-element elementor-element-ca92d72 e-con-full e-flex wpr-particle-no wpr-jarallax-no wpr-parallax-no wpr-sticky-section-no e-con e-child\" data-id=\"ca92d72\" data-element_type=\"container\" data-settings=\"{&quot;_ha_eqh_enable&quot;:false}\">\n\t\t\t\t<div class=\"elementor-element elementor-element-11b617a elementor-widget elementor-widget-image\" data-id=\"11b617a\" data-element_type=\"widget\" data-widget_type=\"image.default\">\n\t\t\t\t<div class=\"elementor-widget-container\">\n\t\t\t\t\t\t\t\t\t\t\t\t\t<img fetchpriority=\"high\" decoding=\"async\" width=\"640\" height=\"369\" src=\"https:\/\/mypyli-hr.com\/wp-content\/uploads\/2024\/03\/sirh-1024x591.png\" class=\"attachment-large size-large wp-image-4221\" alt=\"\" srcset=\"https:\/\/mypyli-hr.com\/wp-content\/uploads\/2024\/03\/sirh-1024x591.png 1024w, https:\/\/mypyli-hr.com\/wp-content\/uploads\/2024\/03\/sirh-300x173.png 300w, https:\/\/mypyli-hr.com\/wp-content\/uploads\/2024\/03\/sirh-768x443.png 768w, https:\/\/mypyli-hr.com\/wp-content\/uploads\/2024\/03\/sirh-468x270.png 468w, https:\/\/mypyli-hr.com\/wp-content\/uploads\/2024\/03\/sirh.png 1267w\" sizes=\"(max-width: 640px) 100vw, 640px\" \/>\t\t\t\t\t\t\t\t\t\t\t\t\t<\/div>\n\t\t\t\t<\/div>\n\t\t\t\t<div class=\"elementor-element elementor-element-2a13743 elementor-widget elementor-widget-text-editor\" data-id=\"2a13743\" data-element_type=\"widget\" data-widget_type=\"text-editor.default\">\n\t\t\t\t<div class=\"elementor-widget-container\">\n\t\t\t\t\t\t\tUn SIRH, ou <strong>Syst\u00e8me d&rsquo;Information des Ressources Humaines<\/strong>, est un ensemble int\u00e9gr\u00e9 de logiciels et de technologies visant \u00e0 <strong>faciliter la gestion des ressources humaines<\/strong> au sein d&rsquo;une organisation. Ce syst\u00e8me informatis\u00e9 englobe divers modules et fonctionnalit\u00e9s permettant de g\u00e9rer efficacement les aspects li\u00e9s aux collaborateurs, tels que :\t\t\t\t\t\t<\/div>\n\t\t\t\t<\/div>\n\t\t\t\t<div class=\"elementor-element elementor-element-a9c4b15 elementor-icon-list--layout-traditional elementor-list-item-link-full_width elementor-widget elementor-widget-icon-list\" data-id=\"a9c4b15\" data-element_type=\"widget\" data-widget_type=\"icon-list.default\">\n\t\t\t\t<div class=\"elementor-widget-container\">\n\t\t\t\t\t<ul class=\"elementor-icon-list-items\">\n\t\t\t\t\t\t\t<li class=\"elementor-icon-list-item\">\n\t\t\t\t\t\t\t\t\t\t\t<span class=\"elementor-icon-list-icon\">\n\t\t\t\t\t\t\t<i aria-hidden=\"true\" class=\"fas fa-angle-double-right\"><\/i>\t\t\t\t\t\t<\/span>\n\t\t\t\t\t\t\t\t\t\t<span class=\"elementor-icon-list-text\">La gestion administrative du personnel<\/span>\n\t\t\t\t\t\t\t\t\t<\/li>\n\t\t\t\t\t\t\t\t<li class=\"elementor-icon-list-item\">\n\t\t\t\t\t\t\t\t\t\t\t<span class=\"elementor-icon-list-icon\">\n\t\t\t\t\t\t\t<i aria-hidden=\"true\" class=\"fas fa-angle-double-right\"><\/i>\t\t\t\t\t\t<\/span>\n\t\t\t\t\t\t\t\t\t\t<span class=\"elementor-icon-list-text\">La gestion de la paie<\/span>\n\t\t\t\t\t\t\t\t\t<\/li>\n\t\t\t\t\t\t\t\t<li class=\"elementor-icon-list-item\">\n\t\t\t\t\t\t\t\t\t\t\t<span class=\"elementor-icon-list-icon\">\n\t\t\t\t\t\t\t<i aria-hidden=\"true\" class=\"fas fa-angle-double-right\"><\/i>\t\t\t\t\t\t<\/span>\n\t\t\t\t\t\t\t\t\t\t<span class=\"elementor-icon-list-text\">La formation,<\/span>\n\t\t\t\t\t\t\t\t\t<\/li>\n\t\t\t\t\t\t\t\t<li class=\"elementor-icon-list-item\">\n\t\t\t\t\t\t\t\t\t\t\t<span class=\"elementor-icon-list-icon\">\n\t\t\t\t\t\t\t<i aria-hidden=\"true\" class=\"fas fa-angle-double-right\"><\/i>\t\t\t\t\t\t<\/span>\n\t\t\t\t\t\t\t\t\t\t<span class=\"elementor-icon-list-text\">Le recrutement,<\/span>\n\t\t\t\t\t\t\t\t\t<\/li>\n\t\t\t\t\t\t\t\t<li class=\"elementor-icon-list-item\">\n\t\t\t\t\t\t\t\t\t\t\t<span class=\"elementor-icon-list-icon\">\n\t\t\t\t\t\t\t<i aria-hidden=\"true\" class=\"fas fa-angle-double-right\"><\/i>\t\t\t\t\t\t<\/span>\n\t\t\t\t\t\t\t\t\t\t<span class=\"elementor-icon-list-text\">L'\u00e9valuation des performances,<\/span>\n\t\t\t\t\t\t\t\t\t<\/li>\n\t\t\t\t\t\t\t\t<li class=\"elementor-icon-list-item\">\n\t\t\t\t\t\t\t\t\t\t\t<span class=\"elementor-icon-list-icon\">\n\t\t\t\t\t\t\t<i aria-hidden=\"true\" class=\"fas fa-angle-double-right\"><\/i>\t\t\t\t\t\t<\/span>\n\t\t\t\t\t\t\t\t\t\t<span class=\"elementor-icon-list-text\">La gestion du temps,<\/span>\n\t\t\t\t\t\t\t\t\t<\/li>\n\t\t\t\t\t\t\t\t<li class=\"elementor-icon-list-item\">\n\t\t\t\t\t\t\t\t\t\t\t<span class=\"elementor-icon-list-icon\">\n\t\t\t\t\t\t\t<i aria-hidden=\"true\" class=\"fas fa-angle-double-right\"><\/i>\t\t\t\t\t\t<\/span>\n\t\t\t\t\t\t\t\t\t\t<span class=\"elementor-icon-list-text\">Les m\u00e9canismes de suivi et d'\u00e9valuation de la performance \u00e0 distance,<\/span>\n\t\t\t\t\t\t\t\t\t<\/li>\n\t\t\t\t\t\t\t\t<li class=\"elementor-icon-list-item\">\n\t\t\t\t\t\t\t\t\t\t\t<span class=\"elementor-icon-list-icon\">\n\t\t\t\t\t\t\t<i aria-hidden=\"true\" class=\"fas fa-angle-double-right\"><\/i>\t\t\t\t\t\t<\/span>\n\t\t\t\t\t\t\t\t\t\t<span class=\"elementor-icon-list-text\">La gestion des cong\u00e9s, des absences<\/span>\n\t\t\t\t\t\t\t\t\t<\/li>\n\t\t\t\t\t\t<\/ul>\n\t\t\t\t<\/div>\n\t\t\t\t<\/div>\n\t\t\t\t<div class=\"elementor-element elementor-element-67f94e0 elementor-widget elementor-widget-text-editor\" data-id=\"67f94e0\" data-element_type=\"widget\" data-widget_type=\"text-editor.default\">\n\t\t\t\t<div class=\"elementor-widget-container\">\n\t\t\t\t\t\t\tet d&rsquo;autres processus li\u00e9s aux ressources humaines.\t\t\t\t\t\t<\/div>\n\t\t\t\t<\/div>\n\t\t\t\t<div class=\"elementor-element elementor-element-194e6ed elementor-widget elementor-widget-text-editor\" data-id=\"194e6ed\" data-element_type=\"widget\" data-widget_type=\"text-editor.default\">\n\t\t\t\t<div class=\"elementor-widget-container\">\n\t\t\t\t\t\t\t<p>Le SIRH vise \u00e0 automatiser et \u00e0 rationaliser les t\u00e2ches administratives associ\u00e9es \u00e0 la gestion du personnel, offrant ainsi aux responsables des ressources humaines des outils puissants pour <strong><span style=\"color: #4bb58d;\"><a style=\"color: #4bb58d;\" href=\"https:\/\/mypyli-hr.com\/en\/gestion-des-donnees-rh\/\">g\u00e9rer les donn\u00e9es des employ\u00e9s<\/a><\/span><\/strong>, optimiser les processus internes et prendre des d\u00e9cisions \u00e9clair\u00e9es. En int\u00e9grant les diff\u00e9rentes fonctions li\u00e9es aux ressources humaines au sein d&rsquo;une plateforme centralis\u00e9e, le SIRH contribue \u00e0 am\u00e9liorer <strong>l&rsquo;efficacit\u00e9 op\u00e9rationnelle, \u00e0 r\u00e9duire les erreurs administratives<\/strong> et \u00e0 garantir une meilleure conformit\u00e9 aux r\u00e9glementations en vigueur.<\/p><p>Le<strong> SIRH<\/strong> joue un r\u00f4le cl\u00e9 dans la transformation digitale des services RH en offrant une vision globale des activit\u00e9s li\u00e9es aux ressources humaines, favorisant ainsi une <strong>gestion plus strat\u00e9gique des talents et des donn\u00e9es RH<\/strong>. Il contribue \u00e9galement \u00e0 am\u00e9liorer l&rsquo;exp\u00e9rience des employ\u00e9s en <strong>facilitant l&rsquo;acc\u00e8s aux informations personnelles<\/strong>, en <strong>automatisant les processus de routine<\/strong> et en favorisant une <strong>communication plus transparente<\/strong> au sein de l&rsquo;organisation.<\/p>\t\t\t\t\t\t<\/div>\n\t\t\t\t<\/div>\n\t\t\t\t<\/div>\n\t\t<div class=\"elementor-element elementor-element-08e8c0d e-con-full e-flex wpr-particle-no wpr-jarallax-no wpr-parallax-no wpr-sticky-section-no e-con e-child\" data-id=\"08e8c0d\" data-element_type=\"container\" data-settings=\"{&quot;_ha_eqh_enable&quot;:false}\">\n\t\t<div class=\"elementor-element elementor-element-3b0b42a e-con-full e-flex wpr-particle-no wpr-jarallax-no wpr-parallax-no wpr-sticky-section-no e-con e-child\" data-id=\"3b0b42a\" data-element_type=\"container\" data-settings=\"{&quot;_ha_eqh_enable&quot;:false}\">\n\t\t\t\t<div class=\"elementor-element elementor-element-5271b86 wpr-taxonomy-list-vertical elementor-widget elementor-widget-wpr-taxonomy-list\" data-id=\"5271b86\" data-element_type=\"widget\" data-widget_type=\"wpr-taxonomy-list.default\">\n\t\t\t\t<div class=\"elementor-widget-container\">\n\t\t\t<ul class=\"wpr-taxonomy-list\" data-show-on-click=\"\"><li class=\"wpr-taxonomy\"data-term-id=\"22\"><a target=\"_blank\" href=\"https:\/\/mypyli-hr.com\/en\/blog\/category\/actualites-rh\"><span class=\"wpr-tax-wrap\"> <span><\/span><span>Actualit\u00e9s RH<\/span><\/span><span><span class=\"wpr-term-count\">&nbsp;(15)<\/span><\/span><\/a><\/li><li class=\"wpr-taxonomy\"data-term-id=\"17\"><a target=\"_blank\" href=\"https:\/\/mypyli-hr.com\/en\/blog\/category\/bulletins-de-paie\"><span class=\"wpr-tax-wrap\"> <span><\/span><span>Payslips<\/span><\/span><span><span class=\"wpr-term-count\">&nbsp;(3)<\/span><\/span><\/a><\/li><li class=\"wpr-taxonomy\"data-term-id=\"16\"><a target=\"_blank\" href=\"https:\/\/mypyli-hr.com\/en\/blog\/category\/conges-et-absences\"><span class=\"wpr-tax-wrap\"> <span><\/span><span>Leave &amp; Absences<\/span><\/span><span><span class=\"wpr-term-count\">&nbsp;(4)<\/span><\/span><\/a><\/li><li class=\"wpr-taxonomy\"data-term-id=\"19\"><a target=\"_blank\" href=\"https:\/\/mypyli-hr.com\/en\/blog\/category\/donnees-rh\"><span class=\"wpr-tax-wrap\"> <span><\/span><span>Donn\u00e9es RH<\/span><\/span><span><span class=\"wpr-term-count\">&nbsp;(2)<\/span><\/span><\/a><\/li><li class=\"wpr-taxonomy\"data-term-id=\"18\"><a target=\"_blank\" href=\"https:\/\/mypyli-hr.com\/en\/blog\/category\/notes-de-frais\"><span class=\"wpr-tax-wrap\"> <span><\/span><span>Expense Management<\/span><\/span><span><span class=\"wpr-term-count\">&nbsp;(3)<\/span><\/span><\/a><\/li><li class=\"wpr-taxonomy\"data-term-id=\"20\"><a target=\"_blank\" href=\"https:\/\/mypyli-hr.com\/en\/blog\/category\/teletravail\"><span class=\"wpr-tax-wrap\"> <span><\/span><span>Remote Work<\/span><\/span><span><span class=\"wpr-term-count\">&nbsp;(3)<\/span><\/span><\/a><\/li><li class=\"wpr-taxonomy\"data-term-id=\"21\"><a target=\"_blank\" href=\"https:\/\/mypyli-hr.com\/en\/blog\/category\/temps-et-activites\"><span class=\"wpr-tax-wrap\"> <span><\/span><span>Time &amp; Activities<\/span><\/span><span><span class=\"wpr-term-count\">&nbsp;(3)<\/span><\/span><\/a><\/li><\/ul>\t\t<\/div>\n\t\t\t\t<\/div>\n\t\t<div class=\"elementor-element elementor-element-78d4562 e-flex e-con-boxed wpr-particle-no wpr-jarallax-no wpr-parallax-no wpr-sticky-section-no e-con e-child\" data-id=\"78d4562\" data-element_type=\"container\" data-settings=\"{&quot;background_background&quot;:&quot;classic&quot;,&quot;_ha_eqh_enable&quot;:false}\">\n\t\t\t\t\t<div class=\"e-con-inner\">\n\t\t\t\t<div class=\"elementor-element elementor-element-df8d69e elementor-widget elementor-widget-image\" data-id=\"df8d69e\" data-element_type=\"widget\" data-widget_type=\"image.default\">\n\t\t\t\t<div class=\"elementor-widget-container\">\n\t\t\t\t\t\t\t\t\t\t\t\t\t<img decoding=\"async\" width=\"345\" height=\"101\" src=\"https:\/\/mypyli-hr.com\/wp-content\/uploads\/2023\/10\/mypyli.png\" class=\"attachment-large size-large wp-image-1157\" alt=\"\" srcset=\"https:\/\/mypyli-hr.com\/wp-content\/uploads\/2023\/10\/mypyli.png 345w, https:\/\/mypyli-hr.com\/wp-content\/uploads\/2023\/10\/mypyli-300x88.png 300w\" sizes=\"(max-width: 345px) 100vw, 345px\" \/>\t\t\t\t\t\t\t\t\t\t\t\t\t<\/div>\n\t\t\t\t<\/div>\n\t\t\t\t<div class=\"elementor-element elementor-element-0a9f9f5 elementor-widget elementor-widget-text-editor\" data-id=\"0a9f9f5\" data-element_type=\"widget\" data-widget_type=\"text-editor.default\">\n\t\t\t\t<div class=\"elementor-widget-container\">\n\t\t\t\t\t\t\t\u00c0 la recherche d\u2019une solution RH r\u00e9volutionnaire, adapt\u00e9e aux entreprises et institutions, peu importe leur taille ou leur secteur ? <br>Ne cherchez plus ! Notre solution 100% num\u00e9rique est l\u00e0 pour r\u00e9pondre \u00e0 tous vos besoins !\t\t\t\t\t\t<\/div>\n\t\t\t\t<\/div>\n\t\t\t\t<div class=\"elementor-element elementor-element-8bb640b elementor-align-center elementor-widget elementor-widget-button\" data-id=\"8bb640b\" data-element_type=\"widget\" data-widget_type=\"button.default\">\n\t\t\t\t<div class=\"elementor-widget-container\">\n\t\t\t\t\t<div class=\"elementor-button-wrapper\">\n\t\t\t<a class=\"elementor-button elementor-button-link elementor-size-sm elementor-animation-grow\" href=\"https:\/\/mypyli-hr.com\/en\/demo\/\">\n\t\t\t\t\t\t<span class=\"elementor-button-content-wrapper\">\n\t\t\t\t\t\t\t\t\t<span class=\"elementor-button-text\">Tester MyPYLI Gratuitement !<\/span>\n\t\t\t\t\t<\/span>\n\t\t\t\t\t<\/a>\n\t\t<\/div>\n\t\t\t\t<\/div>\n\t\t\t\t<\/div>\n\t\t\t\t\t<\/div>\n\t\t\t\t<\/div>\n\t\t\t\t<\/div>\n\t\t\t\t<\/div>\n\t\t\t\t\t<\/div>\n\t\t\t\t<\/div>\n\t\t\t\t<\/div>","protected":false},"excerpt":{"rendered":"<p>Un SIRH, ou Syst\u00e8me d&rsquo;Information des Ressources Humaines, est un ensemble int\u00e9gr\u00e9 de logiciels et de technologies visant \u00e0 faciliter la gestion des ressources humaines au sein d&rsquo;une organisation. Ce syst\u00e8me informatis\u00e9 englobe divers modules et fonctionnalit\u00e9s permettant de g\u00e9rer efficacement les aspects li\u00e9s aux collaborateurs, tels que : La gestion administrative du personnel La gestion de la paie La formation, Le recrutement, L&rsquo;\u00e9valuation des performances, La gestion du temps, Les m\u00e9canismes de suivi et d&rsquo;\u00e9valuation de la performance \u00e0&#8230;<\/p>\n<p class=\"read-more\"><a class=\"btn btn-default\" href=\"https:\/\/mypyli-hr.com\/en\/lexique-rh\/sirh\"> Read More<span class=\"screen-reader-text\">  Read More<\/span><\/a><\/p>","protected":false},"author":2,"featured_media":3954,"parent":3897,"menu_order":0,"comment_status":"closed","ping_status":"closed","template":"elementor_header_footer","meta":{"footnotes":""},"class_list":["post-4137","page","type-page","status-publish","has-post-thumbnail","hentry"],"yoast_head":"<!-- This site is optimized with the Yoast SEO plugin v25.8 - https:\/\/yoast.com\/wordpress\/plugins\/seo\/ -->\n<title>Lexique RH: SIRH - MyPYLI HR<\/title>\n<meta name=\"description\" content=\"D\u00e9couvrez l&#039;importance du SIRH et comment il peut simplifier la gestion de vos ressources humaines. Am\u00e9liorez votre efficacit\u00e9 d\u00e8s maintenant!\" \/>\n<meta name=\"robots\" content=\"index, follow, max-snippet:-1, max-image-preview:large, max-video-preview:-1\" \/>\n<link rel=\"canonical\" href=\"https:\/\/mypyli-hr.com\/en\/lexique-rh\/sirh\/\" \/>\n<meta property=\"og:locale\" content=\"en_US\" \/>\n<meta property=\"og:type\" content=\"article\" \/>\n<meta property=\"og:title\" content=\"Lexique RH: SIRH - MyPYLI HR\" \/>\n<meta property=\"og:description\" content=\"D\u00e9couvrez l&#039;importance du SIRH et comment il peut simplifier la gestion de vos ressources humaines. Am\u00e9liorez votre efficacit\u00e9 d\u00e8s maintenant!\" \/>\n<meta property=\"og:url\" content=\"https:\/\/mypyli-hr.com\/en\/lexique-rh\/sirh\/\" \/>\n<meta property=\"og:site_name\" content=\"MyPYLI HR\" \/>\n<meta property=\"article:modified_time\" content=\"2024-03-14T15:43:26+00:00\" \/>\n<meta property=\"og:image\" content=\"https:\/\/mypyli-hr.com\/wp-content\/uploads\/2024\/02\/Frame-33-1.png\" \/>\n\t<meta property=\"og:image:width\" content=\"1267\" \/>\n\t<meta property=\"og:image:height\" content=\"804\" \/>\n\t<meta property=\"og:image:type\" content=\"image\/png\" \/>\n<meta name=\"twitter:card\" content=\"summary_large_image\" \/>\n<meta name=\"twitter:label1\" content=\"Est. reading time\" \/>\n\t<meta name=\"twitter:data1\" content=\"3 minutes\" \/>\n<script type=\"application\/ld+json\" class=\"yoast-schema-graph\">{\"@context\":\"https:\/\/schema.org\",\"@graph\":[{\"@type\":\"WebPage\",\"@id\":\"https:\/\/mypyli-hr.com\/lexique-rh\/sirh\",\"url\":\"https:\/\/mypyli-hr.com\/lexique-rh\/sirh\",\"name\":\"Lexique RH: SIRH - MyPYLI HR\",\"isPartOf\":{\"@id\":\"https:\/\/mypyli-hr.com\/#website\"},\"primaryImageOfPage\":{\"@id\":\"https:\/\/mypyli-hr.com\/lexique-rh\/sirh#primaryimage\"},\"image\":{\"@id\":\"https:\/\/mypyli-hr.com\/lexique-rh\/sirh#primaryimage\"},\"thumbnailUrl\":\"https:\/\/mypyli-hr.com\/wp-content\/uploads\/2024\/02\/Frame-33-1.png\",\"datePublished\":\"2024-03-01T14:45:05+00:00\",\"dateModified\":\"2024-03-14T15:43:26+00:00\",\"description\":\"D\u00e9couvrez l'importance du SIRH et comment il peut simplifier la gestion de vos ressources humaines. Am\u00e9liorez votre efficacit\u00e9 d\u00e8s maintenant!\",\"breadcrumb\":{\"@id\":\"https:\/\/mypyli-hr.com\/lexique-rh\/sirh#breadcrumb\"},\"inLanguage\":\"en-US\",\"potentialAction\":[{\"@type\":\"ReadAction\",\"target\":[\"https:\/\/mypyli-hr.com\/lexique-rh\/sirh\"]}]},{\"@type\":\"ImageObject\",\"inLanguage\":\"en-US\",\"@id\":\"https:\/\/mypyli-hr.com\/lexique-rh\/sirh#primaryimage\",\"url\":\"https:\/\/mypyli-hr.com\/wp-content\/uploads\/2024\/02\/Frame-33-1.png\",\"contentUrl\":\"https:\/\/mypyli-hr.com\/wp-content\/uploads\/2024\/02\/Frame-33-1.png\",\"width\":1267,\"height\":804},{\"@type\":\"BreadcrumbList\",\"@id\":\"https:\/\/mypyli-hr.com\/lexique-rh\/sirh#breadcrumb\",\"itemListElement\":[{\"@type\":\"ListItem\",\"position\":1,\"name\":\"Accueil\",\"item\":\"https:\/\/mypyli-hr.com\/\"},{\"@type\":\"ListItem\",\"position\":2,\"name\":\"Lexique RH\",\"item\":\"https:\/\/mypyli-hr.com\/lexique-rh\"},{\"@type\":\"ListItem\",\"position\":3,\"name\":\"SIRH\"}]},{\"@type\":\"WebSite\",\"@id\":\"https:\/\/mypyli-hr.com\/#website\",\"url\":\"https:\/\/mypyli-hr.com\/\",\"name\":\"MyPYLI HR\",\"description\":\"\",\"potentialAction\":[{\"@type\":\"SearchAction\",\"target\":{\"@type\":\"EntryPoint\",\"urlTemplate\":\"https:\/\/mypyli-hr.com\/?s={search_term_string}\"},\"query-input\":{\"@type\":\"PropertyValueSpecification\",\"valueRequired\":true,\"valueName\":\"search_term_string\"}}],\"inLanguage\":\"en-US\"}]}<\/script>\n<!-- \/ Yoast SEO plugin. -->","yoast_head_json":{"title":"Lexique RH: SIRH - MyPYLI HR","description":"D\u00e9couvrez l'importance du SIRH et comment il peut simplifier la gestion de vos ressources humaines. Am\u00e9liorez votre efficacit\u00e9 d\u00e8s maintenant!","robots":{"index":"index","follow":"follow","max-snippet":"max-snippet:-1","max-image-preview":"max-image-preview:large","max-video-preview":"max-video-preview:-1"},"canonical":"https:\/\/mypyli-hr.com\/en\/lexique-rh\/sirh\/","og_locale":"en_US","og_type":"article","og_title":"Lexique RH: SIRH - MyPYLI HR","og_description":"D\u00e9couvrez l'importance du SIRH et comment il peut simplifier la gestion de vos ressources humaines. Am\u00e9liorez votre efficacit\u00e9 d\u00e8s maintenant!","og_url":"https:\/\/mypyli-hr.com\/en\/lexique-rh\/sirh\/","og_site_name":"MyPYLI HR","article_modified_time":"2024-03-14T15:43:26+00:00","og_image":[{"width":1267,"height":804,"url":"https:\/\/mypyli-hr.com\/wp-content\/uploads\/2024\/02\/Frame-33-1.png","type":"image\/png"}],"twitter_card":"summary_large_image","twitter_misc":{"Est. reading time":"3 minutes"},"schema":{"@context":"https:\/\/schema.org","@graph":[{"@type":"WebPage","@id":"https:\/\/mypyli-hr.com\/lexique-rh\/sirh","url":"https:\/\/mypyli-hr.com\/lexique-rh\/sirh","name":"Lexique RH: SIRH - MyPYLI HR","isPartOf":{"@id":"https:\/\/mypyli-hr.com\/#website"},"primaryImageOfPage":{"@id":"https:\/\/mypyli-hr.com\/lexique-rh\/sirh#primaryimage"},"image":{"@id":"https:\/\/mypyli-hr.com\/lexique-rh\/sirh#primaryimage"},"thumbnailUrl":"https:\/\/mypyli-hr.com\/wp-content\/uploads\/2024\/02\/Frame-33-1.png","datePublished":"2024-03-01T14:45:05+00:00","dateModified":"2024-03-14T15:43:26+00:00","description":"D\u00e9couvrez l'importance du SIRH et comment il peut simplifier la gestion de vos ressources humaines. Am\u00e9liorez votre efficacit\u00e9 d\u00e8s maintenant!","breadcrumb":{"@id":"https:\/\/mypyli-hr.com\/lexique-rh\/sirh#breadcrumb"},"inLanguage":"en-US","potentialAction":[{"@type":"ReadAction","target":["https:\/\/mypyli-hr.com\/lexique-rh\/sirh"]}]},{"@type":"ImageObject","inLanguage":"en-US","@id":"https:\/\/mypyli-hr.com\/lexique-rh\/sirh#primaryimage","url":"https:\/\/mypyli-hr.com\/wp-content\/uploads\/2024\/02\/Frame-33-1.png","contentUrl":"https:\/\/mypyli-hr.com\/wp-content\/uploads\/2024\/02\/Frame-33-1.png","width":1267,"height":804},{"@type":"BreadcrumbList","@id":"https:\/\/mypyli-hr.com\/lexique-rh\/sirh#breadcrumb","itemListElement":[{"@type":"ListItem","position":1,"name":"Accueil","item":"https:\/\/mypyli-hr.com\/"},{"@type":"ListItem","position":2,"name":"Lexique RH","item":"https:\/\/mypyli-hr.com\/lexique-rh"},{"@type":"ListItem","position":3,"name":"SIRH"}]},{"@type":"WebSite","@id":"https:\/\/mypyli-hr.com\/#website","url":"https:\/\/mypyli-hr.com\/","name":"MyPYLI HR","description":"","potentialAction":[{"@type":"SearchAction","target":{"@type":"EntryPoint","urlTemplate":"https:\/\/mypyli-hr.com\/?s={search_term_string}"},"query-input":{"@type":"PropertyValueSpecification","valueRequired":true,"valueName":"search_term_string"}}],"inLanguage":"en-US"}]}},"_links":{"self":[{"href":"https:\/\/mypyli-hr.com\/en\/wp-json\/wp\/v2\/pages\/4137","targetHints":{"allow":["GET"]}}],"collection":[{"href":"https:\/\/mypyli-hr.com\/en\/wp-json\/wp\/v2\/pages"}],"about":[{"href":"https:\/\/mypyli-hr.com\/en\/wp-json\/wp\/v2\/types\/page"}],"author":[{"embeddable":true,"href":"https:\/\/mypyli-hr.com\/en\/wp-json\/wp\/v2\/users\/2"}],"replies":[{"embeddable":true,"href":"https:\/\/mypyli-hr.com\/en\/wp-json\/wp\/v2\/comments?post=4137"}],"version-history":[{"count":16,"href":"https:\/\/mypyli-hr.com\/en\/wp-json\/wp\/v2\/pages\/4137\/revisions"}],"predecessor-version":[{"id":4271,"href":"https:\/\/mypyli-hr.com\/en\/wp-json\/wp\/v2\/pages\/4137\/revisions\/4271"}],"up":[{"embeddable":true,"href":"https:\/\/mypyli-hr.com\/en\/wp-json\/wp\/v2\/pages\/3897"}],"wp:featuredmedia":[{"embeddable":true,"href":"https:\/\/mypyli-hr.com\/en\/wp-json\/wp\/v2\/media\/3954"}],"wp:attachment":[{"href":"https:\/\/mypyli-hr.com\/en\/wp-json\/wp\/v2\/media?parent=4137"}],"curies":[{"name":"wp","href":"https:\/\/api.w.org\/{rel}","templated":true}]}}