{"id":4360,"date":"2024-03-15T14:48:02","date_gmt":"2024-03-15T14:48:02","guid":{"rendered":"https:\/\/mypyli-hr.com\/?page_id=4360"},"modified":"2024-03-15T15:37:20","modified_gmt":"2024-03-15T15:37:20","slug":"processus-rh","status":"publish","type":"page","link":"https:\/\/mypyli-hr.com\/en\/lexique-rh\/processus-rh","title":{"rendered":"Processus RH"},"content":{"rendered":"<div data-elementor-type=\"wp-page\" data-elementor-id=\"4360\" class=\"elementor elementor-4360\" data-elementor-settings=\"{&quot;ha_cmc_init_switcher&quot;:&quot;no&quot;}\">\n\t\t\t\t<div class=\"elementor-element elementor-element-b119eb8 e-flex e-con-boxed wpr-particle-no wpr-jarallax-no wpr-parallax-no wpr-sticky-section-no e-con e-parent\" data-id=\"b119eb8\" data-element_type=\"container\" data-settings=\"{&quot;_ha_eqh_enable&quot;:false}\">\n\t\t\t\t\t<div class=\"e-con-inner\">\n\t\t\t\t<div class=\"elementor-element elementor-element-4d1699d elementor-widget elementor-widget-spacer\" data-id=\"4d1699d\" data-element_type=\"widget\" data-widget_type=\"spacer.default\">\n\t\t\t\t<div class=\"elementor-widget-container\">\n\t\t\t\t\t<div class=\"elementor-spacer\">\n\t\t\t<div class=\"elementor-spacer-inner\"><\/div>\n\t\t<\/div>\n\t\t\t\t<\/div>\n\t\t\t\t<\/div>\n\t\t\t\t\t<\/div>\n\t\t\t\t<\/div>\n\t\t<div class=\"elementor-element elementor-element-7f9541a e-flex e-con-boxed wpr-particle-no wpr-jarallax-no wpr-parallax-no wpr-sticky-section-no e-con e-parent\" data-id=\"7f9541a\" data-element_type=\"container\" data-settings=\"{&quot;_ha_eqh_enable&quot;:false}\">\n\t\t\t\t\t<div class=\"e-con-inner\">\n\t\t<div class=\"elementor-element elementor-element-ca92d72 e-con-full e-flex wpr-particle-no wpr-jarallax-no wpr-parallax-no wpr-sticky-section-no e-con e-child\" data-id=\"ca92d72\" data-element_type=\"container\" data-settings=\"{&quot;_ha_eqh_enable&quot;:false}\">\n\t\t\t\t<div class=\"elementor-element elementor-element-11b617a elementor-widget elementor-widget-image\" data-id=\"11b617a\" data-element_type=\"widget\" data-widget_type=\"image.default\">\n\t\t\t\t<div class=\"elementor-widget-container\">\n\t\t\t\t\t\t\t\t\t\t\t\t\t<img fetchpriority=\"high\" decoding=\"async\" width=\"640\" height=\"369\" src=\"https:\/\/mypyli-hr.com\/wp-content\/uploads\/2024\/03\/Processus-RH-1024x591.png\" class=\"attachment-large size-large wp-image-4369\" alt=\"\" srcset=\"https:\/\/mypyli-hr.com\/wp-content\/uploads\/2024\/03\/Processus-RH-1024x591.png 1024w, https:\/\/mypyli-hr.com\/wp-content\/uploads\/2024\/03\/Processus-RH-300x173.png 300w, https:\/\/mypyli-hr.com\/wp-content\/uploads\/2024\/03\/Processus-RH-768x443.png 768w, https:\/\/mypyli-hr.com\/wp-content\/uploads\/2024\/03\/Processus-RH-468x270.png 468w, https:\/\/mypyli-hr.com\/wp-content\/uploads\/2024\/03\/Processus-RH.png 1267w\" sizes=\"(max-width: 640px) 100vw, 640px\" \/>\t\t\t\t\t\t\t\t\t\t\t\t\t<\/div>\n\t\t\t\t<\/div>\n\t\t\t\t<div class=\"elementor-element elementor-element-2a13743 elementor-widget elementor-widget-text-editor\" data-id=\"2a13743\" data-element_type=\"widget\" data-widget_type=\"text-editor.default\">\n\t\t\t\t<div class=\"elementor-widget-container\">\n\t\t\t\t\t\t\t<strong>Le processus RH<\/strong>, ou processus de gestion des ressources humaines, d\u00e9signe l&rsquo;ensemble des activit\u00e9s et des \u00e9tapes mises en \u0153uvre par une entreprise pour <strong>g\u00e9rer efficacement son capital humain.<\/strong><br>\nL&rsquo;objectif principal du processus RH est d&rsquo;optimiser la contribution des employ\u00e9s \u00e0 la r\u00e9alisation des objectifs organisationnels tout en <strong>assurant leur bien-\u00eatre et leur \u00e9panouissement professionnel.<\/strong>\t\t\t\t\t\t<\/div>\n\t\t\t\t<\/div>\n\t\t\t\t<div class=\"elementor-element elementor-element-36ca9d0 elementor-widget elementor-widget-heading\" data-id=\"36ca9d0\" data-element_type=\"widget\" data-widget_type=\"heading.default\">\n\t\t\t\t<div class=\"elementor-widget-container\">\n\t\t\t<h2 class=\"elementor-heading-title elementor-size-default\">Le processus RH peut \u00eatre divis\u00e9s en plusieurs cat\u00e9gories :<\/h2>\t\t<\/div>\n\t\t\t\t<\/div>\n\t\t\t\t<div class=\"elementor-element elementor-element-a9c4b15 elementor-icon-list--layout-traditional elementor-list-item-link-full_width elementor-widget elementor-widget-icon-list\" data-id=\"a9c4b15\" data-element_type=\"widget\" data-widget_type=\"icon-list.default\">\n\t\t\t\t<div class=\"elementor-widget-container\">\n\t\t\t\t\t<ul class=\"elementor-icon-list-items\">\n\t\t\t\t\t\t\t<li class=\"elementor-icon-list-item\">\n\t\t\t\t\t\t\t\t\t\t\t<span class=\"elementor-icon-list-icon\">\n\t\t\t\t\t\t\t<i aria-hidden=\"true\" class=\"fas fa-angle-double-right\"><\/i>\t\t\t\t\t\t<\/span>\n\t\t\t\t\t\t\t\t\t\t<span class=\"elementor-icon-list-text\">Recrutement et S\u00e9lection<\/span>\n\t\t\t\t\t\t\t\t\t<\/li>\n\t\t\t\t\t\t\t\t<li class=\"elementor-icon-list-item\">\n\t\t\t\t\t\t\t\t\t\t\t<span class=\"elementor-icon-list-icon\">\n\t\t\t\t\t\t\t<i aria-hidden=\"true\" class=\"fas fa-angle-double-right\"><\/i>\t\t\t\t\t\t<\/span>\n\t\t\t\t\t\t\t\t\t\t<span class=\"elementor-icon-list-text\">Int\u00e9gration des Nouveaux Employ\u00e9s<\/span>\n\t\t\t\t\t\t\t\t\t<\/li>\n\t\t\t\t\t\t\t\t<li class=\"elementor-icon-list-item\">\n\t\t\t\t\t\t\t\t\t\t\t<span class=\"elementor-icon-list-icon\">\n\t\t\t\t\t\t\t<i aria-hidden=\"true\" class=\"fas fa-angle-double-right\"><\/i>\t\t\t\t\t\t<\/span>\n\t\t\t\t\t\t\t\t\t\t<span class=\"elementor-icon-list-text\">Gestion de la Performance<\/span>\n\t\t\t\t\t\t\t\t\t<\/li>\n\t\t\t\t\t\t\t\t<li class=\"elementor-icon-list-item\">\n\t\t\t\t\t\t\t\t\t\t\t<span class=\"elementor-icon-list-icon\">\n\t\t\t\t\t\t\t<i aria-hidden=\"true\" class=\"fas fa-angle-double-right\"><\/i>\t\t\t\t\t\t<\/span>\n\t\t\t\t\t\t\t\t\t\t<span class=\"elementor-icon-list-text\">Formation et D\u00e9veloppement<\/span>\n\t\t\t\t\t\t\t\t\t<\/li>\n\t\t\t\t\t\t\t\t<li class=\"elementor-icon-list-item\">\n\t\t\t\t\t\t\t\t\t\t\t<span class=\"elementor-icon-list-icon\">\n\t\t\t\t\t\t\t<i aria-hidden=\"true\" class=\"fas fa-angle-double-right\"><\/i>\t\t\t\t\t\t<\/span>\n\t\t\t\t\t\t\t\t\t\t<span class=\"elementor-icon-list-text\">Gestion des R\u00e9mun\u00e9rations et Avantages Sociaux<\/span>\n\t\t\t\t\t\t\t\t\t<\/li>\n\t\t\t\t\t\t\t\t<li class=\"elementor-icon-list-item\">\n\t\t\t\t\t\t\t\t\t\t\t<span class=\"elementor-icon-list-icon\">\n\t\t\t\t\t\t\t<i aria-hidden=\"true\" class=\"fas fa-angle-double-right\"><\/i>\t\t\t\t\t\t<\/span>\n\t\t\t\t\t\t\t\t\t\t<span class=\"elementor-icon-list-text\">Gestion des Relations Sociales<\/span>\n\t\t\t\t\t\t\t\t\t<\/li>\n\t\t\t\t\t\t\t\t<li class=\"elementor-icon-list-item\">\n\t\t\t\t\t\t\t\t\t\t\t<span class=\"elementor-icon-list-icon\">\n\t\t\t\t\t\t\t<i aria-hidden=\"true\" class=\"fas fa-angle-double-right\"><\/i>\t\t\t\t\t\t<\/span>\n\t\t\t\t\t\t\t\t\t\t<span class=\"elementor-icon-list-text\">Gestion des D\u00e9parts<\/span>\n\t\t\t\t\t\t\t\t\t<\/li>\n\t\t\t\t\t\t<\/ul>\n\t\t\t\t<\/div>\n\t\t\t\t<\/div>\n\t\t\t\t<div class=\"elementor-element elementor-element-ffc18ae elementor-widget elementor-widget-heading\" data-id=\"ffc18ae\" data-element_type=\"widget\" data-widget_type=\"heading.default\">\n\t\t\t\t<div class=\"elementor-widget-container\">\n\t\t\t<h2 class=\"elementor-heading-title elementor-size-default\">Automatiser les processus RH<\/h2>\t\t<\/div>\n\t\t\t\t<\/div>\n\t\t\t\t<div class=\"elementor-element elementor-element-67f94e0 elementor-widget elementor-widget-text-editor\" data-id=\"67f94e0\" data-element_type=\"widget\" data-widget_type=\"text-editor.default\">\n\t\t\t\t<div class=\"elementor-widget-container\">\n\t\t\t\t\t\t\tAutomatiser les processus RH consiste \u00e0 <strong>utiliser des technologies et des syst\u00e8mes informatiques<\/strong> pour rationaliser et simplifier les activit\u00e9s li\u00e9es \u00e0 la gestion des ressources humaines.\t\t\t\t\t\t<\/div>\n\t\t\t\t<\/div>\n\t\t\t\t<div class=\"elementor-element elementor-element-c6643e0 elementor-widget elementor-widget-text-editor\" data-id=\"c6643e0\" data-element_type=\"widget\" data-widget_type=\"text-editor.default\">\n\t\t\t\t<div class=\"elementor-widget-container\">\n\t\t\t\t\t\t\tCela inclut <strong>l&rsquo;automatisation des t\u00e2ches<\/strong> telles que le recrutement, la <a href=\"https:\/\/mypyli-hr.com\/en\/distribution-des-bulletins-de-paie\/\"><span style=\"color: #4bb58d;\"><strong>gestion de la paie<\/strong><\/span><\/a>, l&rsquo;\u00e9valuation des performances, la formation, la <strong><span style=\"color: #4bb58d;\">gestion des cong\u00e9s et des absences<\/span><\/strong>, ainsi que la gestion des avantages sociaux.\t\t\t\t\t\t<\/div>\n\t\t\t\t<\/div>\n\t\t\t\t<div class=\"elementor-element elementor-element-d46381d elementor-widget elementor-widget-text-editor\" data-id=\"d46381d\" data-element_type=\"widget\" data-widget_type=\"text-editor.default\">\n\t\t\t\t<div class=\"elementor-widget-container\">\n\t\t\t\t\t\t\t<strong>L&rsquo;objectif est d&rsquo;am\u00e9liorer l&rsquo;efficacit\u00e9 op\u00e9rationnelle<\/strong>, de r\u00e9duire les erreurs et les co\u00fbts administratifs, et de lib\u00e9rer du temps pour les RH afin qu&rsquo;ils puissent se concentrer sur des activit\u00e9s \u00e0 plus forte valeur ajout\u00e9e telles que le d\u00e9veloppement des talents et la strat\u00e9gie RH.\t\t\t\t\t\t<\/div>\n\t\t\t\t<\/div>\n\t\t\t\t<\/div>\n\t\t<div class=\"elementor-element elementor-element-08e8c0d e-con-full e-flex wpr-particle-no wpr-jarallax-no wpr-parallax-no wpr-sticky-section-no e-con e-child\" data-id=\"08e8c0d\" data-element_type=\"container\" data-settings=\"{&quot;_ha_eqh_enable&quot;:false}\">\n\t\t<div class=\"elementor-element elementor-element-3b0b42a e-con-full e-flex wpr-particle-no wpr-jarallax-no wpr-parallax-no wpr-sticky-section-no e-con e-child\" data-id=\"3b0b42a\" data-element_type=\"container\" data-settings=\"{&quot;_ha_eqh_enable&quot;:false}\">\n\t\t\t\t<div class=\"elementor-element elementor-element-5271b86 wpr-taxonomy-list-vertical elementor-widget elementor-widget-wpr-taxonomy-list\" data-id=\"5271b86\" data-element_type=\"widget\" data-widget_type=\"wpr-taxonomy-list.default\">\n\t\t\t\t<div class=\"elementor-widget-container\">\n\t\t\t<ul class=\"wpr-taxonomy-list\" data-show-on-click=\"\"><li class=\"wpr-taxonomy\"data-term-id=\"22\"><a target=\"_blank\" href=\"https:\/\/mypyli-hr.com\/en\/blog\/category\/actualites-rh\"><span class=\"wpr-tax-wrap\"> <span><\/span><span>Actualit\u00e9s RH<\/span><\/span><span><span class=\"wpr-term-count\">&nbsp;(15)<\/span><\/span><\/a><\/li><li class=\"wpr-taxonomy\"data-term-id=\"17\"><a target=\"_blank\" href=\"https:\/\/mypyli-hr.com\/en\/blog\/category\/bulletins-de-paie\"><span class=\"wpr-tax-wrap\"> <span><\/span><span>Payslips<\/span><\/span><span><span class=\"wpr-term-count\">&nbsp;(3)<\/span><\/span><\/a><\/li><li class=\"wpr-taxonomy\"data-term-id=\"16\"><a target=\"_blank\" href=\"https:\/\/mypyli-hr.com\/en\/blog\/category\/conges-et-absences\"><span class=\"wpr-tax-wrap\"> <span><\/span><span>Leave &amp; Absences<\/span><\/span><span><span class=\"wpr-term-count\">&nbsp;(4)<\/span><\/span><\/a><\/li><li class=\"wpr-taxonomy\"data-term-id=\"19\"><a target=\"_blank\" href=\"https:\/\/mypyli-hr.com\/en\/blog\/category\/donnees-rh\"><span class=\"wpr-tax-wrap\"> <span><\/span><span>Donn\u00e9es RH<\/span><\/span><span><span class=\"wpr-term-count\">&nbsp;(2)<\/span><\/span><\/a><\/li><li class=\"wpr-taxonomy\"data-term-id=\"18\"><a target=\"_blank\" href=\"https:\/\/mypyli-hr.com\/en\/blog\/category\/notes-de-frais\"><span class=\"wpr-tax-wrap\"> <span><\/span><span>Expense Management<\/span><\/span><span><span class=\"wpr-term-count\">&nbsp;(3)<\/span><\/span><\/a><\/li><li class=\"wpr-taxonomy\"data-term-id=\"20\"><a target=\"_blank\" href=\"https:\/\/mypyli-hr.com\/en\/blog\/category\/teletravail\"><span class=\"wpr-tax-wrap\"> <span><\/span><span>Remote Work<\/span><\/span><span><span class=\"wpr-term-count\">&nbsp;(3)<\/span><\/span><\/a><\/li><li class=\"wpr-taxonomy\"data-term-id=\"21\"><a target=\"_blank\" href=\"https:\/\/mypyli-hr.com\/en\/blog\/category\/temps-et-activites\"><span class=\"wpr-tax-wrap\"> <span><\/span><span>Time &amp; Activities<\/span><\/span><span><span class=\"wpr-term-count\">&nbsp;(3)<\/span><\/span><\/a><\/li><\/ul>\t\t<\/div>\n\t\t\t\t<\/div>\n\t\t<div class=\"elementor-element elementor-element-78d4562 e-flex e-con-boxed wpr-particle-no wpr-jarallax-no wpr-parallax-no wpr-sticky-section-no e-con e-child\" data-id=\"78d4562\" data-element_type=\"container\" data-settings=\"{&quot;background_background&quot;:&quot;classic&quot;,&quot;_ha_eqh_enable&quot;:false}\">\n\t\t\t\t\t<div class=\"e-con-inner\">\n\t\t\t\t<div class=\"elementor-element elementor-element-df8d69e elementor-widget elementor-widget-image\" data-id=\"df8d69e\" data-element_type=\"widget\" data-widget_type=\"image.default\">\n\t\t\t\t<div class=\"elementor-widget-container\">\n\t\t\t\t\t\t\t\t\t\t\t\t\t<img decoding=\"async\" width=\"345\" height=\"101\" src=\"https:\/\/mypyli-hr.com\/wp-content\/uploads\/2023\/10\/mypyli.png\" class=\"attachment-large size-large wp-image-1157\" alt=\"\" srcset=\"https:\/\/mypyli-hr.com\/wp-content\/uploads\/2023\/10\/mypyli.png 345w, https:\/\/mypyli-hr.com\/wp-content\/uploads\/2023\/10\/mypyli-300x88.png 300w\" sizes=\"(max-width: 345px) 100vw, 345px\" \/>\t\t\t\t\t\t\t\t\t\t\t\t\t<\/div>\n\t\t\t\t<\/div>\n\t\t\t\t<div class=\"elementor-element elementor-element-0a9f9f5 elementor-widget elementor-widget-text-editor\" data-id=\"0a9f9f5\" data-element_type=\"widget\" data-widget_type=\"text-editor.default\">\n\t\t\t\t<div class=\"elementor-widget-container\">\n\t\t\t\t\t\t\t\u00c0 la recherche d\u2019une solution RH r\u00e9volutionnaire, adapt\u00e9e aux entreprises et institutions, peu importe leur taille ou leur secteur ? <br>Ne cherchez plus ! Notre solution 100% num\u00e9rique est l\u00e0 pour r\u00e9pondre \u00e0 tous vos besoins !\t\t\t\t\t\t<\/div>\n\t\t\t\t<\/div>\n\t\t\t\t<div class=\"elementor-element elementor-element-8bb640b elementor-align-center elementor-widget elementor-widget-button\" data-id=\"8bb640b\" data-element_type=\"widget\" data-widget_type=\"button.default\">\n\t\t\t\t<div class=\"elementor-widget-container\">\n\t\t\t\t\t<div class=\"elementor-button-wrapper\">\n\t\t\t<a class=\"elementor-button elementor-button-link elementor-size-sm elementor-animation-grow\" href=\"https:\/\/mypyli-hr.com\/en\/demo\/\">\n\t\t\t\t\t\t<span class=\"elementor-button-content-wrapper\">\n\t\t\t\t\t\t\t\t\t<span class=\"elementor-button-text\">Tester MyPYLI Gratuitement !<\/span>\n\t\t\t\t\t<\/span>\n\t\t\t\t\t<\/a>\n\t\t<\/div>\n\t\t\t\t<\/div>\n\t\t\t\t<\/div>\n\t\t\t\t\t<\/div>\n\t\t\t\t<\/div>\n\t\t\t\t<\/div>\n\t\t\t\t<\/div>\n\t\t\t\t\t<\/div>\n\t\t\t\t<\/div>\n\t\t\t\t<\/div>","protected":false},"excerpt":{"rendered":"<p>Le processus RH, ou processus de gestion des ressources humaines, d\u00e9signe l&rsquo;ensemble des activit\u00e9s et des \u00e9tapes mises en \u0153uvre par une entreprise pour g\u00e9rer efficacement son capital humain. L&rsquo;objectif principal du processus RH est d&rsquo;optimiser la contribution des employ\u00e9s \u00e0 la r\u00e9alisation des objectifs organisationnels tout en assurant leur bien-\u00eatre et leur \u00e9panouissement professionnel. Le processus RH peut \u00eatre divis\u00e9s en plusieurs cat\u00e9gories : Recrutement et S\u00e9lection Int\u00e9gration des Nouveaux Employ\u00e9s Gestion de la Performance Formation et D\u00e9veloppement Gestion&#8230;<\/p>\n<p class=\"read-more\"><a class=\"btn btn-default\" href=\"https:\/\/mypyli-hr.com\/en\/lexique-rh\/processus-rh\"> Read More<span class=\"screen-reader-text\">  Read More<\/span><\/a><\/p>","protected":false},"author":2,"featured_media":4369,"parent":3897,"menu_order":0,"comment_status":"closed","ping_status":"closed","template":"elementor_header_footer","meta":{"footnotes":""},"class_list":["post-4360","page","type-page","status-publish","has-post-thumbnail","hentry"],"yoast_head":"<!-- This site is optimized with the Yoast SEO plugin v25.8 - https:\/\/yoast.com\/wordpress\/plugins\/seo\/ -->\n<title>Lexique RH : Processus RH - MyPYLI HR<\/title>\n<meta name=\"description\" content=\"Optimiser vos pratiques RH gr\u00e2ce \u00e0 l&#039;automatisation du processus RH pour gagner du temps et garantir le succ\u00e8s de votre entreprise.\" \/>\n<meta name=\"robots\" content=\"index, follow, max-snippet:-1, max-image-preview:large, max-video-preview:-1\" \/>\n<link rel=\"canonical\" href=\"https:\/\/mypyli-hr.com\/en\/lexique-rh\/processus-rh\/\" \/>\n<meta property=\"og:locale\" content=\"en_US\" \/>\n<meta property=\"og:type\" content=\"article\" \/>\n<meta property=\"og:title\" content=\"Lexique RH : Processus RH - MyPYLI HR\" \/>\n<meta property=\"og:description\" content=\"Optimiser vos pratiques RH gr\u00e2ce \u00e0 l&#039;automatisation du processus RH pour gagner du temps et garantir le succ\u00e8s de votre entreprise.\" \/>\n<meta property=\"og:url\" content=\"https:\/\/mypyli-hr.com\/en\/lexique-rh\/processus-rh\/\" \/>\n<meta property=\"og:site_name\" content=\"MyPYLI HR\" \/>\n<meta property=\"article:modified_time\" content=\"2024-03-15T15:37:20+00:00\" \/>\n<meta property=\"og:image\" content=\"https:\/\/mypyli-hr.com\/wp-content\/uploads\/2024\/03\/Processus-RH.png\" \/>\n\t<meta property=\"og:image:width\" content=\"1267\" \/>\n\t<meta property=\"og:image:height\" content=\"731\" \/>\n\t<meta property=\"og:image:type\" content=\"image\/png\" \/>\n<meta name=\"twitter:card\" content=\"summary_large_image\" \/>\n<meta name=\"twitter:label1\" content=\"Est. reading time\" \/>\n\t<meta name=\"twitter:data1\" content=\"2 minutes\" \/>\n<script type=\"application\/ld+json\" class=\"yoast-schema-graph\">{\"@context\":\"https:\/\/schema.org\",\"@graph\":[{\"@type\":\"WebPage\",\"@id\":\"https:\/\/mypyli-hr.com\/lexique-rh\/processus-rh\",\"url\":\"https:\/\/mypyli-hr.com\/lexique-rh\/processus-rh\",\"name\":\"Lexique RH : Processus RH - MyPYLI HR\",\"isPartOf\":{\"@id\":\"https:\/\/mypyli-hr.com\/#website\"},\"primaryImageOfPage\":{\"@id\":\"https:\/\/mypyli-hr.com\/lexique-rh\/processus-rh#primaryimage\"},\"image\":{\"@id\":\"https:\/\/mypyli-hr.com\/lexique-rh\/processus-rh#primaryimage\"},\"thumbnailUrl\":\"https:\/\/mypyli-hr.com\/wp-content\/uploads\/2024\/03\/Processus-RH.png\",\"datePublished\":\"2024-03-15T14:48:02+00:00\",\"dateModified\":\"2024-03-15T15:37:20+00:00\",\"description\":\"Optimiser vos pratiques RH gr\u00e2ce \u00e0 l'automatisation du processus RH pour gagner du temps et garantir le succ\u00e8s de votre entreprise.\",\"breadcrumb\":{\"@id\":\"https:\/\/mypyli-hr.com\/lexique-rh\/processus-rh#breadcrumb\"},\"inLanguage\":\"en-US\",\"potentialAction\":[{\"@type\":\"ReadAction\",\"target\":[\"https:\/\/mypyli-hr.com\/lexique-rh\/processus-rh\"]}]},{\"@type\":\"ImageObject\",\"inLanguage\":\"en-US\",\"@id\":\"https:\/\/mypyli-hr.com\/lexique-rh\/processus-rh#primaryimage\",\"url\":\"https:\/\/mypyli-hr.com\/wp-content\/uploads\/2024\/03\/Processus-RH.png\",\"contentUrl\":\"https:\/\/mypyli-hr.com\/wp-content\/uploads\/2024\/03\/Processus-RH.png\",\"width\":1267,\"height\":731},{\"@type\":\"BreadcrumbList\",\"@id\":\"https:\/\/mypyli-hr.com\/lexique-rh\/processus-rh#breadcrumb\",\"itemListElement\":[{\"@type\":\"ListItem\",\"position\":1,\"name\":\"Accueil\",\"item\":\"https:\/\/mypyli-hr.com\/\"},{\"@type\":\"ListItem\",\"position\":2,\"name\":\"Lexique RH\",\"item\":\"https:\/\/mypyli-hr.com\/lexique-rh\"},{\"@type\":\"ListItem\",\"position\":3,\"name\":\"Processus RH\"}]},{\"@type\":\"WebSite\",\"@id\":\"https:\/\/mypyli-hr.com\/#website\",\"url\":\"https:\/\/mypyli-hr.com\/\",\"name\":\"MyPYLI HR\",\"description\":\"\",\"potentialAction\":[{\"@type\":\"SearchAction\",\"target\":{\"@type\":\"EntryPoint\",\"urlTemplate\":\"https:\/\/mypyli-hr.com\/?s={search_term_string}\"},\"query-input\":{\"@type\":\"PropertyValueSpecification\",\"valueRequired\":true,\"valueName\":\"search_term_string\"}}],\"inLanguage\":\"en-US\"}]}<\/script>\n<!-- \/ Yoast SEO plugin. -->","yoast_head_json":{"title":"Lexique RH : Processus RH - MyPYLI HR","description":"Optimiser vos pratiques RH gr\u00e2ce \u00e0 l'automatisation du processus RH pour gagner du temps et garantir le succ\u00e8s de votre entreprise.","robots":{"index":"index","follow":"follow","max-snippet":"max-snippet:-1","max-image-preview":"max-image-preview:large","max-video-preview":"max-video-preview:-1"},"canonical":"https:\/\/mypyli-hr.com\/en\/lexique-rh\/processus-rh\/","og_locale":"en_US","og_type":"article","og_title":"Lexique RH : Processus RH - MyPYLI HR","og_description":"Optimiser vos pratiques RH gr\u00e2ce \u00e0 l'automatisation du processus RH pour gagner du temps et garantir le succ\u00e8s de votre entreprise.","og_url":"https:\/\/mypyli-hr.com\/en\/lexique-rh\/processus-rh\/","og_site_name":"MyPYLI HR","article_modified_time":"2024-03-15T15:37:20+00:00","og_image":[{"width":1267,"height":731,"url":"https:\/\/mypyli-hr.com\/wp-content\/uploads\/2024\/03\/Processus-RH.png","type":"image\/png"}],"twitter_card":"summary_large_image","twitter_misc":{"Est. reading time":"2 minutes"},"schema":{"@context":"https:\/\/schema.org","@graph":[{"@type":"WebPage","@id":"https:\/\/mypyli-hr.com\/lexique-rh\/processus-rh","url":"https:\/\/mypyli-hr.com\/lexique-rh\/processus-rh","name":"Lexique RH : Processus RH - MyPYLI HR","isPartOf":{"@id":"https:\/\/mypyli-hr.com\/#website"},"primaryImageOfPage":{"@id":"https:\/\/mypyli-hr.com\/lexique-rh\/processus-rh#primaryimage"},"image":{"@id":"https:\/\/mypyli-hr.com\/lexique-rh\/processus-rh#primaryimage"},"thumbnailUrl":"https:\/\/mypyli-hr.com\/wp-content\/uploads\/2024\/03\/Processus-RH.png","datePublished":"2024-03-15T14:48:02+00:00","dateModified":"2024-03-15T15:37:20+00:00","description":"Optimiser vos pratiques RH gr\u00e2ce \u00e0 l'automatisation du processus RH pour gagner du temps et garantir le succ\u00e8s de votre entreprise.","breadcrumb":{"@id":"https:\/\/mypyli-hr.com\/lexique-rh\/processus-rh#breadcrumb"},"inLanguage":"en-US","potentialAction":[{"@type":"ReadAction","target":["https:\/\/mypyli-hr.com\/lexique-rh\/processus-rh"]}]},{"@type":"ImageObject","inLanguage":"en-US","@id":"https:\/\/mypyli-hr.com\/lexique-rh\/processus-rh#primaryimage","url":"https:\/\/mypyli-hr.com\/wp-content\/uploads\/2024\/03\/Processus-RH.png","contentUrl":"https:\/\/mypyli-hr.com\/wp-content\/uploads\/2024\/03\/Processus-RH.png","width":1267,"height":731},{"@type":"BreadcrumbList","@id":"https:\/\/mypyli-hr.com\/lexique-rh\/processus-rh#breadcrumb","itemListElement":[{"@type":"ListItem","position":1,"name":"Accueil","item":"https:\/\/mypyli-hr.com\/"},{"@type":"ListItem","position":2,"name":"Lexique RH","item":"https:\/\/mypyli-hr.com\/lexique-rh"},{"@type":"ListItem","position":3,"name":"Processus RH"}]},{"@type":"WebSite","@id":"https:\/\/mypyli-hr.com\/#website","url":"https:\/\/mypyli-hr.com\/","name":"MyPYLI HR","description":"","potentialAction":[{"@type":"SearchAction","target":{"@type":"EntryPoint","urlTemplate":"https:\/\/mypyli-hr.com\/?s={search_term_string}"},"query-input":{"@type":"PropertyValueSpecification","valueRequired":true,"valueName":"search_term_string"}}],"inLanguage":"en-US"}]}},"_links":{"self":[{"href":"https:\/\/mypyli-hr.com\/en\/wp-json\/wp\/v2\/pages\/4360","targetHints":{"allow":["GET"]}}],"collection":[{"href":"https:\/\/mypyli-hr.com\/en\/wp-json\/wp\/v2\/pages"}],"about":[{"href":"https:\/\/mypyli-hr.com\/en\/wp-json\/wp\/v2\/types\/page"}],"author":[{"embeddable":true,"href":"https:\/\/mypyli-hr.com\/en\/wp-json\/wp\/v2\/users\/2"}],"replies":[{"embeddable":true,"href":"https:\/\/mypyli-hr.com\/en\/wp-json\/wp\/v2\/comments?post=4360"}],"version-history":[{"count":16,"href":"https:\/\/mypyli-hr.com\/en\/wp-json\/wp\/v2\/pages\/4360\/revisions"}],"predecessor-version":[{"id":4378,"href":"https:\/\/mypyli-hr.com\/en\/wp-json\/wp\/v2\/pages\/4360\/revisions\/4378"}],"up":[{"embeddable":true,"href":"https:\/\/mypyli-hr.com\/en\/wp-json\/wp\/v2\/pages\/3897"}],"wp:featuredmedia":[{"embeddable":true,"href":"https:\/\/mypyli-hr.com\/en\/wp-json\/wp\/v2\/media\/4369"}],"wp:attachment":[{"href":"https:\/\/mypyli-hr.com\/en\/wp-json\/wp\/v2\/media?parent=4360"}],"curies":[{"name":"wp","href":"https:\/\/api.w.org\/{rel}","templated":true}]}}