{"id":4640,"date":"2024-03-21T11:22:46","date_gmt":"2024-03-21T11:22:46","guid":{"rendered":"https:\/\/mypyli-hr.com\/?page_id=4640"},"modified":"2024-03-21T13:42:47","modified_gmt":"2024-03-21T13:42:47","slug":"timesheet-tout-ce-que-vous-devez-savoir","status":"publish","type":"page","link":"https:\/\/mypyli-hr.com\/en\/lexique-rh\/timesheet-tout-ce-que-vous-devez-savoir","title":{"rendered":"Timesheet : Tout ce que Vous Devez Savoir !"},"content":{"rendered":"<div data-elementor-type=\"wp-page\" data-elementor-id=\"4640\" class=\"elementor elementor-4640\" data-elementor-settings=\"{&quot;ha_cmc_init_switcher&quot;:&quot;no&quot;}\">\n\t\t\t\t<div class=\"elementor-element elementor-element-b119eb8 e-flex e-con-boxed wpr-particle-no wpr-jarallax-no wpr-parallax-no wpr-sticky-section-no e-con e-parent\" data-id=\"b119eb8\" data-element_type=\"container\" data-settings=\"{&quot;_ha_eqh_enable&quot;:false}\">\n\t\t\t\t\t<div class=\"e-con-inner\">\n\t\t\t\t<div class=\"elementor-element elementor-element-4d1699d elementor-widget elementor-widget-spacer\" data-id=\"4d1699d\" data-element_type=\"widget\" data-widget_type=\"spacer.default\">\n\t\t\t\t<div class=\"elementor-widget-container\">\n\t\t\t\t\t<div class=\"elementor-spacer\">\n\t\t\t<div class=\"elementor-spacer-inner\"><\/div>\n\t\t<\/div>\n\t\t\t\t<\/div>\n\t\t\t\t<\/div>\n\t\t\t\t\t<\/div>\n\t\t\t\t<\/div>\n\t\t<div class=\"elementor-element elementor-element-7f9541a e-flex e-con-boxed wpr-particle-no wpr-jarallax-no wpr-parallax-no wpr-sticky-section-no e-con e-parent\" data-id=\"7f9541a\" data-element_type=\"container\" data-settings=\"{&quot;_ha_eqh_enable&quot;:false}\">\n\t\t\t\t\t<div class=\"e-con-inner\">\n\t\t<div class=\"elementor-element elementor-element-ca92d72 e-con-full e-flex wpr-particle-no wpr-jarallax-no wpr-parallax-no wpr-sticky-section-no e-con e-child\" data-id=\"ca92d72\" data-element_type=\"container\" data-settings=\"{&quot;_ha_eqh_enable&quot;:false}\">\n\t\t\t\t<div class=\"elementor-element elementor-element-11b617a elementor-widget elementor-widget-image\" data-id=\"11b617a\" data-element_type=\"widget\" data-widget_type=\"image.default\">\n\t\t\t\t<div class=\"elementor-widget-container\">\n\t\t\t\t\t\t\t\t\t\t\t\t\t<img fetchpriority=\"high\" decoding=\"async\" width=\"640\" height=\"369\" src=\"https:\/\/mypyli-hr.com\/wp-content\/uploads\/2024\/03\/Timesheet-1024x591.png\" class=\"attachment-large size-large wp-image-4646\" alt=\"\" srcset=\"https:\/\/mypyli-hr.com\/wp-content\/uploads\/2024\/03\/Timesheet-1024x591.png 1024w, https:\/\/mypyli-hr.com\/wp-content\/uploads\/2024\/03\/Timesheet-300x173.png 300w, https:\/\/mypyli-hr.com\/wp-content\/uploads\/2024\/03\/Timesheet-768x443.png 768w, https:\/\/mypyli-hr.com\/wp-content\/uploads\/2024\/03\/Timesheet-468x270.png 468w, https:\/\/mypyli-hr.com\/wp-content\/uploads\/2024\/03\/Timesheet.png 1267w\" sizes=\"(max-width: 640px) 100vw, 640px\" \/>\t\t\t\t\t\t\t\t\t\t\t\t\t<\/div>\n\t\t\t\t<\/div>\n\t\t\t\t<div class=\"elementor-element elementor-element-efb12d9 elementor-widget elementor-widget-heading\" data-id=\"efb12d9\" data-element_type=\"widget\" data-widget_type=\"heading.default\">\n\t\t\t\t<div class=\"elementor-widget-container\">\n\t\t\t<h2 class=\"elementor-heading-title elementor-size-default\">1. qu\u2019est-ce qu\u2019une feuille de temps ou timesheet ?<\/h2>\t\t<\/div>\n\t\t\t\t<\/div>\n\t\t\t\t<div class=\"elementor-element elementor-element-2a13743 elementor-widget elementor-widget-text-editor\" data-id=\"2a13743\" data-element_type=\"widget\" data-widget_type=\"text-editor.default\">\n\t\t\t\t<div class=\"elementor-widget-container\">\n\t\t\t\t\t\t\t<p>Une <strong>feuille de temps ou timesheet <\/strong>est un document utilis\u00e9 pour enregistrer les heures de travail d&rsquo;un employ\u00e9 sur diff\u00e9rents projets ou t\u00e2ches. Elle <strong>permet de suivre pr\u00e9cis\u00e9ment le temps pass\u00e9 sur chaque activit\u00e9<\/strong>.<\/p>\t\t\t\t\t\t<\/div>\n\t\t\t\t<\/div>\n\t\t\t\t<div class=\"elementor-element elementor-element-06da4b8 elementor-widget elementor-widget-heading\" data-id=\"06da4b8\" data-element_type=\"widget\" data-widget_type=\"heading.default\">\n\t\t\t\t<div class=\"elementor-widget-container\">\n\t\t\t<h2 class=\"elementor-heading-title elementor-size-default\">2. Pourquoi les timesheets  sont-elles importantes pour les entreprises ?<\/h2>\t\t<\/div>\n\t\t\t\t<\/div>\n\t\t\t\t<div class=\"elementor-element elementor-element-5ef7655 elementor-widget elementor-widget-text-editor\" data-id=\"5ef7655\" data-element_type=\"widget\" data-widget_type=\"text-editor.default\">\n\t\t\t\t<div class=\"elementor-widget-container\">\n\t\t\t\t\t\t\tLes <strong>Timesheets<\/strong> sont essentielles pour les entreprises car elles permettent un suivi pr\u00e9cis du temps pass\u00e9 par les employ\u00e9s sur les projets. Cela aide \u00e0 \u00e9valuer l&rsquo;efficacit\u00e9 du travail, \u00e0 facturer les clients avec pr\u00e9cision et \u00e0 g\u00e9rer les ressources humaines de mani\u00e8re optimale.\t\t\t\t\t\t<\/div>\n\t\t\t\t<\/div>\n\t\t\t\t<div class=\"elementor-element elementor-element-d2379f7 elementor-widget elementor-widget-heading\" data-id=\"d2379f7\" data-element_type=\"widget\" data-widget_type=\"heading.default\">\n\t\t\t\t<div class=\"elementor-widget-container\">\n\t\t\t<h2 class=\"elementor-heading-title elementor-size-default\">3. Comment remplir efficacement une feuille de temps ?<\/h2>\t\t<\/div>\n\t\t\t\t<\/div>\n\t\t\t\t<div class=\"elementor-element elementor-element-dc0c2d1 elementor-widget elementor-widget-text-editor\" data-id=\"dc0c2d1\" data-element_type=\"widget\" data-widget_type=\"text-editor.default\">\n\t\t\t\t<div class=\"elementor-widget-container\">\n\t\t\t\t\t\t\tPour remplir efficacement une feuille de temps, il est important de noter avec pr\u00e9cision les heures de d\u00e9but et de fin de chaque t\u00e2che, ainsi que les descriptions d\u00e9taill\u00e9es de ces t\u00e2ches. Il est \u00e9galement recommand\u00e9 de mettre \u00e0 jour la feuille de temps r\u00e9guli\u00e8rement et de la v\u00e9rifier pour \u00e9viter les erreurs.\t\t\t\t\t\t<\/div>\n\t\t\t\t<\/div>\n\t\t\t\t<div class=\"elementor-element elementor-element-4ebadb5 elementor-widget elementor-widget-heading\" data-id=\"4ebadb5\" data-element_type=\"widget\" data-widget_type=\"heading.default\">\n\t\t\t\t<div class=\"elementor-widget-container\">\n\t\t\t<h2 class=\"elementor-heading-title elementor-size-default\">4. Quels sont les avantages d'utiliser un logiciel de gestion de temps et activit\u00e9s ?<\/h2>\t\t<\/div>\n\t\t\t\t<\/div>\n\t\t\t\t<div class=\"elementor-element elementor-element-a0eebb7 elementor-widget elementor-widget-text-editor\" data-id=\"a0eebb7\" data-element_type=\"widget\" data-widget_type=\"text-editor.default\">\n\t\t\t\t<div class=\"elementor-widget-container\">\n\t\t\t\t\t\t\tL&rsquo;utilisation d&rsquo;un<a href=\"https:\/\/mypyli-hr.com\/en\/gestion-des-temps-et-activites\/\"><strong><span style=\"color: #655ae2;\"> logiciel de gestion des feuilles de temps<\/span><\/strong><\/a> pr\u00e9sente de nombreux avantages, notamment la facilit\u00e9 de suivi et de gestion du temps, la g\u00e9n\u00e9ration de rapports personnalis\u00e9s, la r\u00e9duction des erreurs humaines et la possibilit\u00e9 d&rsquo;acc\u00e9der aux donn\u00e9es de n&rsquo;importe o\u00f9.\t\t\t\t\t\t<\/div>\n\t\t\t\t<\/div>\n\t\t\t\t<div class=\"elementor-element elementor-element-0e8c996 elementor-icon-list--layout-traditional elementor-list-item-link-full_width elementor-widget elementor-widget-icon-list\" data-id=\"0e8c996\" data-element_type=\"widget\" data-widget_type=\"icon-list.default\">\n\t\t\t\t<div class=\"elementor-widget-container\">\n\t\t\t\t\t<ul class=\"elementor-icon-list-items\">\n\t\t\t\t\t\t\t<li class=\"elementor-icon-list-item\">\n\t\t\t\t\t\t\t\t\t\t\t<span class=\"elementor-icon-list-icon\">\n\t\t\t\t\t\t\t<i aria-hidden=\"true\" class=\"fas fa-angle-double-right\"><\/i>\t\t\t\t\t\t<\/span>\n\t\t\t\t\t\t\t\t\t\t<span class=\"elementor-icon-list-text\">La facilit\u00e9 de suivi et de gestion du temps.<\/span>\n\t\t\t\t\t\t\t\t\t<\/li>\n\t\t\t\t\t\t\t\t<li class=\"elementor-icon-list-item\">\n\t\t\t\t\t\t\t\t\t\t\t<span class=\"elementor-icon-list-icon\">\n\t\t\t\t\t\t\t<i aria-hidden=\"true\" class=\"fas fa-angle-double-right\"><\/i>\t\t\t\t\t\t<\/span>\n\t\t\t\t\t\t\t\t\t\t<span class=\"elementor-icon-list-text\">La g\u00e9n\u00e9ration de rapports personnalis\u00e9s.<\/span>\n\t\t\t\t\t\t\t\t\t<\/li>\n\t\t\t\t\t\t\t\t<li class=\"elementor-icon-list-item\">\n\t\t\t\t\t\t\t\t\t\t\t<span class=\"elementor-icon-list-icon\">\n\t\t\t\t\t\t\t<i aria-hidden=\"true\" class=\"fas fa-angle-double-right\"><\/i>\t\t\t\t\t\t<\/span>\n\t\t\t\t\t\t\t\t\t\t<span class=\"elementor-icon-list-text\">La r\u00e9duction des erreurs humaines.<\/span>\n\t\t\t\t\t\t\t\t\t<\/li>\n\t\t\t\t\t\t\t\t<li class=\"elementor-icon-list-item\">\n\t\t\t\t\t\t\t\t\t\t\t<span class=\"elementor-icon-list-icon\">\n\t\t\t\t\t\t\t<i aria-hidden=\"true\" class=\"fas fa-angle-double-right\"><\/i>\t\t\t\t\t\t<\/span>\n\t\t\t\t\t\t\t\t\t\t<span class=\"elementor-icon-list-text\">la possibilit\u00e9 d'acc\u00e9der aux donn\u00e9es de n'importe o\u00f9.<\/span>\n\t\t\t\t\t\t\t\t\t<\/li>\n\t\t\t\t\t\t<\/ul>\n\t\t\t\t<\/div>\n\t\t\t\t<\/div>\n\t\t\t\t<div class=\"elementor-element elementor-element-5391aff elementor-widget elementor-widget-heading\" data-id=\"5391aff\" data-element_type=\"widget\" data-widget_type=\"heading.default\">\n\t\t\t\t<div class=\"elementor-widget-container\">\n\t\t\t<h2 class=\"elementor-heading-title elementor-size-default\">5. Comment les timesheets contribuent-elles \u00e0 l'am\u00e9lioration de la productivit\u00e9 ?<\/h2>\t\t<\/div>\n\t\t\t\t<\/div>\n\t\t\t\t<div class=\"elementor-element elementor-element-37fe652 elementor-widget elementor-widget-text-editor\" data-id=\"37fe652\" data-element_type=\"widget\" data-widget_type=\"text-editor.default\">\n\t\t\t\t<div class=\"elementor-widget-container\">\n\t\t\t\t\t\t\tLes timesheets aident \u00e0 am\u00e9liorer la productivit\u00e9 en identifiant les inefficacit\u00e9s dans la<strong> gestion du temps<\/strong> et en permettant aux gestionnaires de <strong>mieux planifier les ressources.<\/strong> De plus, elles encouragent les employ\u00e9s \u00e0 \u00eatre plus conscients de leur utilisation du temps et \u00e0 mieux g\u00e9rer leurs t\u00e2ches.\t\t\t\t\t\t<\/div>\n\t\t\t\t<\/div>\n\t\t\t\t<\/div>\n\t\t<div class=\"elementor-element elementor-element-08e8c0d e-con-full e-flex wpr-particle-no wpr-jarallax-no wpr-parallax-no wpr-sticky-section-no e-con e-child\" data-id=\"08e8c0d\" data-element_type=\"container\" data-settings=\"{&quot;_ha_eqh_enable&quot;:false}\">\n\t\t<div class=\"elementor-element elementor-element-3b0b42a e-con-full e-flex wpr-particle-no wpr-jarallax-no wpr-parallax-no wpr-sticky-section-no e-con e-child\" data-id=\"3b0b42a\" data-element_type=\"container\" data-settings=\"{&quot;_ha_eqh_enable&quot;:false}\">\n\t\t\t\t<div class=\"elementor-element elementor-element-5271b86 wpr-taxonomy-list-vertical elementor-widget elementor-widget-wpr-taxonomy-list\" data-id=\"5271b86\" data-element_type=\"widget\" data-widget_type=\"wpr-taxonomy-list.default\">\n\t\t\t\t<div class=\"elementor-widget-container\">\n\t\t\t<ul class=\"wpr-taxonomy-list\" data-show-on-click=\"\"><li class=\"wpr-taxonomy\"data-term-id=\"22\"><a target=\"_blank\" href=\"https:\/\/mypyli-hr.com\/en\/blog\/category\/actualites-rh\"><span class=\"wpr-tax-wrap\"> <span><\/span><span>Actualit\u00e9s RH<\/span><\/span><span><span class=\"wpr-term-count\">&nbsp;(15)<\/span><\/span><\/a><\/li><li class=\"wpr-taxonomy\"data-term-id=\"17\"><a target=\"_blank\" href=\"https:\/\/mypyli-hr.com\/en\/blog\/category\/bulletins-de-paie\"><span class=\"wpr-tax-wrap\"> <span><\/span><span>Payslips<\/span><\/span><span><span class=\"wpr-term-count\">&nbsp;(3)<\/span><\/span><\/a><\/li><li class=\"wpr-taxonomy\"data-term-id=\"16\"><a target=\"_blank\" href=\"https:\/\/mypyli-hr.com\/en\/blog\/category\/conges-et-absences\"><span class=\"wpr-tax-wrap\"> <span><\/span><span>Leave &amp; Absences<\/span><\/span><span><span class=\"wpr-term-count\">&nbsp;(4)<\/span><\/span><\/a><\/li><li class=\"wpr-taxonomy\"data-term-id=\"19\"><a target=\"_blank\" href=\"https:\/\/mypyli-hr.com\/en\/blog\/category\/donnees-rh\"><span class=\"wpr-tax-wrap\"> <span><\/span><span>Donn\u00e9es RH<\/span><\/span><span><span class=\"wpr-term-count\">&nbsp;(2)<\/span><\/span><\/a><\/li><li class=\"wpr-taxonomy\"data-term-id=\"18\"><a target=\"_blank\" href=\"https:\/\/mypyli-hr.com\/en\/blog\/category\/notes-de-frais\"><span class=\"wpr-tax-wrap\"> <span><\/span><span>Expense Management<\/span><\/span><span><span class=\"wpr-term-count\">&nbsp;(3)<\/span><\/span><\/a><\/li><li class=\"wpr-taxonomy\"data-term-id=\"20\"><a target=\"_blank\" href=\"https:\/\/mypyli-hr.com\/en\/blog\/category\/teletravail\"><span class=\"wpr-tax-wrap\"> <span><\/span><span>Remote Work<\/span><\/span><span><span class=\"wpr-term-count\">&nbsp;(3)<\/span><\/span><\/a><\/li><li class=\"wpr-taxonomy\"data-term-id=\"21\"><a target=\"_blank\" href=\"https:\/\/mypyli-hr.com\/en\/blog\/category\/temps-et-activites\"><span class=\"wpr-tax-wrap\"> <span><\/span><span>Time &amp; Activities<\/span><\/span><span><span class=\"wpr-term-count\">&nbsp;(3)<\/span><\/span><\/a><\/li><\/ul>\t\t<\/div>\n\t\t\t\t<\/div>\n\t\t<div class=\"elementor-element elementor-element-78d4562 e-flex e-con-boxed wpr-particle-no wpr-jarallax-no wpr-parallax-no wpr-sticky-section-no e-con e-child\" data-id=\"78d4562\" data-element_type=\"container\" data-settings=\"{&quot;background_background&quot;:&quot;classic&quot;,&quot;_ha_eqh_enable&quot;:false}\">\n\t\t\t\t\t<div class=\"e-con-inner\">\n\t\t\t\t<div class=\"elementor-element elementor-element-df8d69e elementor-widget elementor-widget-image\" data-id=\"df8d69e\" data-element_type=\"widget\" data-widget_type=\"image.default\">\n\t\t\t\t<div class=\"elementor-widget-container\">\n\t\t\t\t\t\t\t\t\t\t\t\t\t<img decoding=\"async\" width=\"345\" height=\"101\" src=\"https:\/\/mypyli-hr.com\/wp-content\/uploads\/2023\/10\/mypyli.png\" class=\"attachment-large size-large wp-image-1157\" alt=\"\" srcset=\"https:\/\/mypyli-hr.com\/wp-content\/uploads\/2023\/10\/mypyli.png 345w, https:\/\/mypyli-hr.com\/wp-content\/uploads\/2023\/10\/mypyli-300x88.png 300w\" sizes=\"(max-width: 345px) 100vw, 345px\" \/>\t\t\t\t\t\t\t\t\t\t\t\t\t<\/div>\n\t\t\t\t<\/div>\n\t\t\t\t<div class=\"elementor-element elementor-element-0a9f9f5 elementor-widget elementor-widget-text-editor\" data-id=\"0a9f9f5\" data-element_type=\"widget\" data-widget_type=\"text-editor.default\">\n\t\t\t\t<div class=\"elementor-widget-container\">\n\t\t\t\t\t\t\t\u00c0 la recherche d\u2019une solution RH r\u00e9volutionnaire, adapt\u00e9e aux entreprises et institutions, peu importe leur taille ou leur secteur ? <br>Ne cherchez plus ! Notre solution 100% num\u00e9rique est l\u00e0 pour r\u00e9pondre \u00e0 tous vos besoins !\t\t\t\t\t\t<\/div>\n\t\t\t\t<\/div>\n\t\t\t\t<div class=\"elementor-element elementor-element-8bb640b elementor-align-center elementor-widget elementor-widget-button\" data-id=\"8bb640b\" data-element_type=\"widget\" data-widget_type=\"button.default\">\n\t\t\t\t<div class=\"elementor-widget-container\">\n\t\t\t\t\t<div class=\"elementor-button-wrapper\">\n\t\t\t<a class=\"elementor-button elementor-button-link elementor-size-sm elementor-animation-grow\" href=\"https:\/\/mypyli-hr.com\/en\/demo\/\">\n\t\t\t\t\t\t<span class=\"elementor-button-content-wrapper\">\n\t\t\t\t\t\t\t\t\t<span class=\"elementor-button-text\">Tester MyPYLI Gratuitement !<\/span>\n\t\t\t\t\t<\/span>\n\t\t\t\t\t<\/a>\n\t\t<\/div>\n\t\t\t\t<\/div>\n\t\t\t\t<\/div>\n\t\t\t\t\t<\/div>\n\t\t\t\t<\/div>\n\t\t\t\t<\/div>\n\t\t\t\t<\/div>\n\t\t\t\t\t<\/div>\n\t\t\t\t<\/div>\n\t\t\t\t<\/div>","protected":false},"excerpt":{"rendered":"<p>1. qu\u2019est-ce qu\u2019une feuille de temps ou timesheet ? Une feuille de temps ou timesheet est un document utilis\u00e9 pour enregistrer les heures de travail d&rsquo;un employ\u00e9 sur diff\u00e9rents projets ou t\u00e2ches. Elle permet de suivre pr\u00e9cis\u00e9ment le temps pass\u00e9 sur chaque activit\u00e9. 2. Pourquoi les timesheets sont-elles importantes pour les entreprises ? Les Timesheets sont essentielles pour les entreprises car elles permettent un suivi pr\u00e9cis du temps pass\u00e9 par les employ\u00e9s sur les projets. Cela aide \u00e0 \u00e9valuer l&rsquo;efficacit\u00e9&#8230;<\/p>\n<p class=\"read-more\"><a class=\"btn btn-default\" href=\"https:\/\/mypyli-hr.com\/en\/lexique-rh\/timesheet-tout-ce-que-vous-devez-savoir\"> Read More<span class=\"screen-reader-text\">  Read More<\/span><\/a><\/p>","protected":false},"author":2,"featured_media":4646,"parent":3897,"menu_order":0,"comment_status":"closed","ping_status":"closed","template":"elementor_header_footer","meta":{"footnotes":""},"class_list":["post-4640","page","type-page","status-publish","has-post-thumbnail","hentry"],"yoast_head":"<!-- This site is optimized with the Yoast SEO plugin v25.8 - https:\/\/yoast.com\/wordpress\/plugins\/seo\/ -->\n<title>Timesheet : Tout ce que Vous Devez Savoir ! - MyPYLI HR<\/title>\n<meta name=\"description\" content=\"D\u00e9couvrez les r\u00e9ponses \u00e0 vos questions sur les timesheets. Simplifiez la gestion du temps de travail d\u00e8s aujourd&#039;hui ! \ud83d\udcbc\" \/>\n<meta name=\"robots\" content=\"index, follow, max-snippet:-1, max-image-preview:large, max-video-preview:-1\" \/>\n<link rel=\"canonical\" href=\"https:\/\/mypyli-hr.com\/en\/lexique-rh\/timesheet-tout-ce-que-vous-devez-savoir\/\" \/>\n<meta property=\"og:locale\" content=\"en_US\" \/>\n<meta property=\"og:type\" content=\"article\" \/>\n<meta property=\"og:title\" content=\"Timesheet : Tout ce que Vous Devez Savoir ! - MyPYLI HR\" \/>\n<meta property=\"og:description\" content=\"D\u00e9couvrez les r\u00e9ponses \u00e0 vos questions sur les timesheets. Simplifiez la gestion du temps de travail d\u00e8s aujourd&#039;hui ! \ud83d\udcbc\" \/>\n<meta property=\"og:url\" content=\"https:\/\/mypyli-hr.com\/en\/lexique-rh\/timesheet-tout-ce-que-vous-devez-savoir\/\" \/>\n<meta property=\"og:site_name\" content=\"MyPYLI HR\" \/>\n<meta property=\"article:modified_time\" content=\"2024-03-21T13:42:47+00:00\" \/>\n<meta property=\"og:image\" content=\"https:\/\/mypyli-hr.com\/wp-content\/uploads\/2024\/03\/Timesheet.png\" \/>\n\t<meta property=\"og:image:width\" content=\"1267\" \/>\n\t<meta property=\"og:image:height\" content=\"731\" \/>\n\t<meta property=\"og:image:type\" content=\"image\/png\" \/>\n<meta name=\"twitter:card\" content=\"summary_large_image\" \/>\n<meta name=\"twitter:label1\" content=\"Est. reading time\" \/>\n\t<meta name=\"twitter:data1\" content=\"3 minutes\" \/>\n<script type=\"application\/ld+json\" class=\"yoast-schema-graph\">{\"@context\":\"https:\/\/schema.org\",\"@graph\":[{\"@type\":\"WebPage\",\"@id\":\"https:\/\/mypyli-hr.com\/lexique-rh\/timesheet-tout-ce-que-vous-devez-savoir\",\"url\":\"https:\/\/mypyli-hr.com\/lexique-rh\/timesheet-tout-ce-que-vous-devez-savoir\",\"name\":\"Timesheet : Tout ce que Vous Devez Savoir ! - MyPYLI HR\",\"isPartOf\":{\"@id\":\"https:\/\/mypyli-hr.com\/#website\"},\"primaryImageOfPage\":{\"@id\":\"https:\/\/mypyli-hr.com\/lexique-rh\/timesheet-tout-ce-que-vous-devez-savoir#primaryimage\"},\"image\":{\"@id\":\"https:\/\/mypyli-hr.com\/lexique-rh\/timesheet-tout-ce-que-vous-devez-savoir#primaryimage\"},\"thumbnailUrl\":\"https:\/\/mypyli-hr.com\/wp-content\/uploads\/2024\/03\/Timesheet.png\",\"datePublished\":\"2024-03-21T11:22:46+00:00\",\"dateModified\":\"2024-03-21T13:42:47+00:00\",\"description\":\"D\u00e9couvrez les r\u00e9ponses \u00e0 vos questions sur les timesheets. Simplifiez la gestion du temps de travail d\u00e8s aujourd'hui ! \ud83d\udcbc\",\"breadcrumb\":{\"@id\":\"https:\/\/mypyli-hr.com\/lexique-rh\/timesheet-tout-ce-que-vous-devez-savoir#breadcrumb\"},\"inLanguage\":\"en-US\",\"potentialAction\":[{\"@type\":\"ReadAction\",\"target\":[\"https:\/\/mypyli-hr.com\/lexique-rh\/timesheet-tout-ce-que-vous-devez-savoir\"]}]},{\"@type\":\"ImageObject\",\"inLanguage\":\"en-US\",\"@id\":\"https:\/\/mypyli-hr.com\/lexique-rh\/timesheet-tout-ce-que-vous-devez-savoir#primaryimage\",\"url\":\"https:\/\/mypyli-hr.com\/wp-content\/uploads\/2024\/03\/Timesheet.png\",\"contentUrl\":\"https:\/\/mypyli-hr.com\/wp-content\/uploads\/2024\/03\/Timesheet.png\",\"width\":1267,\"height\":731},{\"@type\":\"BreadcrumbList\",\"@id\":\"https:\/\/mypyli-hr.com\/lexique-rh\/timesheet-tout-ce-que-vous-devez-savoir#breadcrumb\",\"itemListElement\":[{\"@type\":\"ListItem\",\"position\":1,\"name\":\"Accueil\",\"item\":\"https:\/\/mypyli-hr.com\/\"},{\"@type\":\"ListItem\",\"position\":2,\"name\":\"Lexique RH\",\"item\":\"https:\/\/mypyli-hr.com\/lexique-rh\"},{\"@type\":\"ListItem\",\"position\":3,\"name\":\"Timesheet : Tout ce que Vous Devez Savoir !\"}]},{\"@type\":\"WebSite\",\"@id\":\"https:\/\/mypyli-hr.com\/#website\",\"url\":\"https:\/\/mypyli-hr.com\/\",\"name\":\"MyPYLI HR\",\"description\":\"\",\"potentialAction\":[{\"@type\":\"SearchAction\",\"target\":{\"@type\":\"EntryPoint\",\"urlTemplate\":\"https:\/\/mypyli-hr.com\/?s={search_term_string}\"},\"query-input\":{\"@type\":\"PropertyValueSpecification\",\"valueRequired\":true,\"valueName\":\"search_term_string\"}}],\"inLanguage\":\"en-US\"}]}<\/script>\n<!-- \/ Yoast SEO plugin. -->","yoast_head_json":{"title":"Timesheet : Tout ce que Vous Devez Savoir ! - MyPYLI HR","description":"D\u00e9couvrez les r\u00e9ponses \u00e0 vos questions sur les timesheets. Simplifiez la gestion du temps de travail d\u00e8s aujourd'hui ! \ud83d\udcbc","robots":{"index":"index","follow":"follow","max-snippet":"max-snippet:-1","max-image-preview":"max-image-preview:large","max-video-preview":"max-video-preview:-1"},"canonical":"https:\/\/mypyli-hr.com\/en\/lexique-rh\/timesheet-tout-ce-que-vous-devez-savoir\/","og_locale":"en_US","og_type":"article","og_title":"Timesheet : Tout ce que Vous Devez Savoir ! - MyPYLI HR","og_description":"D\u00e9couvrez les r\u00e9ponses \u00e0 vos questions sur les timesheets. Simplifiez la gestion du temps de travail d\u00e8s aujourd'hui ! \ud83d\udcbc","og_url":"https:\/\/mypyli-hr.com\/en\/lexique-rh\/timesheet-tout-ce-que-vous-devez-savoir\/","og_site_name":"MyPYLI HR","article_modified_time":"2024-03-21T13:42:47+00:00","og_image":[{"width":1267,"height":731,"url":"https:\/\/mypyli-hr.com\/wp-content\/uploads\/2024\/03\/Timesheet.png","type":"image\/png"}],"twitter_card":"summary_large_image","twitter_misc":{"Est. reading time":"3 minutes"},"schema":{"@context":"https:\/\/schema.org","@graph":[{"@type":"WebPage","@id":"https:\/\/mypyli-hr.com\/lexique-rh\/timesheet-tout-ce-que-vous-devez-savoir","url":"https:\/\/mypyli-hr.com\/lexique-rh\/timesheet-tout-ce-que-vous-devez-savoir","name":"Timesheet : Tout ce que Vous Devez Savoir ! - MyPYLI HR","isPartOf":{"@id":"https:\/\/mypyli-hr.com\/#website"},"primaryImageOfPage":{"@id":"https:\/\/mypyli-hr.com\/lexique-rh\/timesheet-tout-ce-que-vous-devez-savoir#primaryimage"},"image":{"@id":"https:\/\/mypyli-hr.com\/lexique-rh\/timesheet-tout-ce-que-vous-devez-savoir#primaryimage"},"thumbnailUrl":"https:\/\/mypyli-hr.com\/wp-content\/uploads\/2024\/03\/Timesheet.png","datePublished":"2024-03-21T11:22:46+00:00","dateModified":"2024-03-21T13:42:47+00:00","description":"D\u00e9couvrez les r\u00e9ponses \u00e0 vos questions sur les timesheets. Simplifiez la gestion du temps de travail d\u00e8s aujourd'hui ! \ud83d\udcbc","breadcrumb":{"@id":"https:\/\/mypyli-hr.com\/lexique-rh\/timesheet-tout-ce-que-vous-devez-savoir#breadcrumb"},"inLanguage":"en-US","potentialAction":[{"@type":"ReadAction","target":["https:\/\/mypyli-hr.com\/lexique-rh\/timesheet-tout-ce-que-vous-devez-savoir"]}]},{"@type":"ImageObject","inLanguage":"en-US","@id":"https:\/\/mypyli-hr.com\/lexique-rh\/timesheet-tout-ce-que-vous-devez-savoir#primaryimage","url":"https:\/\/mypyli-hr.com\/wp-content\/uploads\/2024\/03\/Timesheet.png","contentUrl":"https:\/\/mypyli-hr.com\/wp-content\/uploads\/2024\/03\/Timesheet.png","width":1267,"height":731},{"@type":"BreadcrumbList","@id":"https:\/\/mypyli-hr.com\/lexique-rh\/timesheet-tout-ce-que-vous-devez-savoir#breadcrumb","itemListElement":[{"@type":"ListItem","position":1,"name":"Accueil","item":"https:\/\/mypyli-hr.com\/"},{"@type":"ListItem","position":2,"name":"Lexique RH","item":"https:\/\/mypyli-hr.com\/lexique-rh"},{"@type":"ListItem","position":3,"name":"Timesheet : Tout ce que Vous Devez Savoir !"}]},{"@type":"WebSite","@id":"https:\/\/mypyli-hr.com\/#website","url":"https:\/\/mypyli-hr.com\/","name":"MyPYLI HR","description":"","potentialAction":[{"@type":"SearchAction","target":{"@type":"EntryPoint","urlTemplate":"https:\/\/mypyli-hr.com\/?s={search_term_string}"},"query-input":{"@type":"PropertyValueSpecification","valueRequired":true,"valueName":"search_term_string"}}],"inLanguage":"en-US"}]}},"_links":{"self":[{"href":"https:\/\/mypyli-hr.com\/en\/wp-json\/wp\/v2\/pages\/4640","targetHints":{"allow":["GET"]}}],"collection":[{"href":"https:\/\/mypyli-hr.com\/en\/wp-json\/wp\/v2\/pages"}],"about":[{"href":"https:\/\/mypyli-hr.com\/en\/wp-json\/wp\/v2\/types\/page"}],"author":[{"embeddable":true,"href":"https:\/\/mypyli-hr.com\/en\/wp-json\/wp\/v2\/users\/2"}],"replies":[{"embeddable":true,"href":"https:\/\/mypyli-hr.com\/en\/wp-json\/wp\/v2\/comments?post=4640"}],"version-history":[{"count":14,"href":"https:\/\/mypyli-hr.com\/en\/wp-json\/wp\/v2\/pages\/4640\/revisions"}],"predecessor-version":[{"id":4656,"href":"https:\/\/mypyli-hr.com\/en\/wp-json\/wp\/v2\/pages\/4640\/revisions\/4656"}],"up":[{"embeddable":true,"href":"https:\/\/mypyli-hr.com\/en\/wp-json\/wp\/v2\/pages\/3897"}],"wp:featuredmedia":[{"embeddable":true,"href":"https:\/\/mypyli-hr.com\/en\/wp-json\/wp\/v2\/media\/4646"}],"wp:attachment":[{"href":"https:\/\/mypyli-hr.com\/en\/wp-json\/wp\/v2\/media?parent=4640"}],"curies":[{"name":"wp","href":"https:\/\/api.w.org\/{rel}","templated":true}]}}