{"id":5862,"date":"2024-09-30T09:42:47","date_gmt":"2024-09-30T09:42:47","guid":{"rendered":"https:\/\/mypyli-hr.com\/?page_id=5862"},"modified":"2024-09-30T10:03:56","modified_gmt":"2024-09-30T10:03:56","slug":"mentions-legales","status":"publish","type":"page","link":"https:\/\/mypyli-hr.com\/en\/mentions-legales","title":{"rendered":"Legal Notice"},"content":{"rendered":"<div data-elementor-type=\"wp-page\" data-elementor-id=\"5862\" class=\"elementor elementor-5862\" data-elementor-settings=\"{&quot;ha_cmc_init_switcher&quot;:&quot;no&quot;}\">\n\t\t\t\t<div class=\"elementor-element elementor-element-cfd0768 e-flex e-con-boxed wpr-particle-no wpr-jarallax-no wpr-parallax-no wpr-sticky-section-no e-con e-parent\" data-id=\"cfd0768\" data-element_type=\"container\" data-settings=\"{&quot;_ha_eqh_enable&quot;:false}\">\n\t\t\t\t\t<div class=\"e-con-inner\">\n\t\t\t\t<div class=\"elementor-element elementor-element-1afa4cc elementor-widget elementor-widget-spacer\" data-id=\"1afa4cc\" data-element_type=\"widget\" data-widget_type=\"spacer.default\">\n\t\t\t\t<div class=\"elementor-widget-container\">\n\t\t\t\t\t<div class=\"elementor-spacer\">\n\t\t\t<div class=\"elementor-spacer-inner\"><\/div>\n\t\t<\/div>\n\t\t\t\t<\/div>\n\t\t\t\t<\/div>\n\t\t\t\t\t<\/div>\n\t\t\t\t<\/div>\n\t\t<div class=\"elementor-element elementor-element-504430d e-flex e-con-boxed wpr-particle-no wpr-jarallax-no wpr-parallax-no wpr-sticky-section-no e-con e-parent\" data-id=\"504430d\" data-element_type=\"container\" data-settings=\"{&quot;background_background&quot;:&quot;classic&quot;,&quot;_ha_eqh_enable&quot;:false}\">\n\t\t\t\t\t<div class=\"e-con-inner\">\n\t\t\t\t<div class=\"elementor-element elementor-element-47827a1 elementor-widget elementor-widget-heading\" data-id=\"47827a1\" data-element_type=\"widget\" data-widget_type=\"heading.default\">\n\t\t\t\t<div class=\"elementor-widget-container\">\n\t\t\t<h2 class=\"elementor-heading-title elementor-size-default\">Legal Notice<\/h2>\t\t<\/div>\n\t\t\t\t<\/div>\n\t\t\t\t\t<\/div>\n\t\t\t\t<\/div>\n\t\t<div class=\"elementor-element elementor-element-fc0bfb7 e-flex e-con-boxed wpr-particle-no wpr-jarallax-no wpr-parallax-no wpr-sticky-section-no e-con e-parent\" data-id=\"fc0bfb7\" data-element_type=\"container\" data-settings=\"{&quot;_ha_eqh_enable&quot;:false}\">\n\t\t\t\t\t<div class=\"e-con-inner\">\n\t\t\t\t<div class=\"elementor-element elementor-element-1f948b5 elementor-widget elementor-widget-spacer\" data-id=\"1f948b5\" data-element_type=\"widget\" data-widget_type=\"spacer.default\">\n\t\t\t\t<div class=\"elementor-widget-container\">\n\t\t\t\t\t<div class=\"elementor-spacer\">\n\t\t\t<div class=\"elementor-spacer-inner\"><\/div>\n\t\t<\/div>\n\t\t\t\t<\/div>\n\t\t\t\t<\/div>\n\t\t\t\t\t<\/div>\n\t\t\t\t<\/div>\n\t\t<div class=\"elementor-element elementor-element-0cd5ccb e-flex e-con-boxed wpr-particle-no wpr-jarallax-no wpr-parallax-no wpr-sticky-section-no e-con e-parent\" data-id=\"0cd5ccb\" data-element_type=\"container\" data-settings=\"{&quot;_ha_eqh_enable&quot;:false}\">\n\t\t\t\t\t<div class=\"e-con-inner\">\n\t\t\t\t<div class=\"elementor-element elementor-element-2416153 elementor-widget elementor-widget-text-editor\" data-id=\"2416153\" data-element_type=\"widget\" data-widget_type=\"text-editor.default\">\n\t\t\t\t<div class=\"elementor-widget-container\">\n\t\t\t\t\t\t\t<strong>\u00c9dition du site<\/strong>\t\t\t\t\t\t<\/div>\n\t\t\t\t<\/div>\n\t\t\t\t<div class=\"elementor-element elementor-element-7031d6b elementor-widget elementor-widget-text-editor\" data-id=\"7031d6b\" data-element_type=\"widget\" data-widget_type=\"text-editor.default\">\n\t\t\t\t<div class=\"elementor-widget-container\">\n\t\t\t\t\t\t\tMyPYLI SAS est un \u00e9diteur de logiciels RH et administratifs visant \u00e0 am\u00e9liorer l\u2019exp\u00e9rience employ\u00e9 globale des collaborateurs au sein de leur entreprise.\t\t\t\t\t\t<\/div>\n\t\t\t\t<\/div>\n\t\t\t\t\t<\/div>\n\t\t\t\t<\/div>\n\t\t<div class=\"elementor-element elementor-element-ef7ac67 e-flex e-con-boxed wpr-particle-no wpr-jarallax-no wpr-parallax-no wpr-sticky-section-no e-con e-parent\" data-id=\"ef7ac67\" data-element_type=\"container\" data-settings=\"{&quot;_ha_eqh_enable&quot;:false}\">\n\t\t\t\t\t<div class=\"e-con-inner\">\n\t\t\t\t<div class=\"elementor-element elementor-element-29c3951 elementor-widget elementor-widget-text-editor\" data-id=\"29c3951\" data-element_type=\"widget\" data-widget_type=\"text-editor.default\">\n\t\t\t\t<div class=\"elementor-widget-container\">\n\t\t\t\t\t\t\t<strong>Responsable de publication<\/strong>\t\t\t\t\t\t<\/div>\n\t\t\t\t<\/div>\n\t\t\t\t<div class=\"elementor-element elementor-element-2b7c63d elementor-widget elementor-widget-text-editor\" data-id=\"2b7c63d\" data-element_type=\"widget\" data-widget_type=\"text-editor.default\">\n\t\t\t\t<div class=\"elementor-widget-container\">\n\t\t\t\t\t\t\tMonsieur Younes SABIR\t\t\t\t\t\t<\/div>\n\t\t\t\t<\/div>\n\t\t\t\t\t<\/div>\n\t\t\t\t<\/div>\n\t\t<div class=\"elementor-element elementor-element-5c16956 e-flex e-con-boxed wpr-particle-no wpr-jarallax-no wpr-parallax-no wpr-sticky-section-no e-con e-parent\" data-id=\"5c16956\" data-element_type=\"container\" data-settings=\"{&quot;_ha_eqh_enable&quot;:false}\">\n\t\t\t\t\t<div class=\"e-con-inner\">\n\t\t\t\t<div class=\"elementor-element elementor-element-b75740d elementor-widget elementor-widget-text-editor\" data-id=\"b75740d\" data-element_type=\"widget\" data-widget_type=\"text-editor.default\">\n\t\t\t\t<div class=\"elementor-widget-container\">\n\t\t\t\t\t\t\t<strong>H\u00e9bergeur<\/strong>\t\t\t\t\t\t<\/div>\n\t\t\t\t<\/div>\n\t\t\t\t<div class=\"elementor-element elementor-element-36f4bdb elementor-widget elementor-widget-text-editor\" data-id=\"36f4bdb\" data-element_type=\"widget\" data-widget_type=\"text-editor.default\">\n\t\t\t\t<div class=\"elementor-widget-container\">\n\t\t\t\t\t\t\tL\u2019h\u00e9bergement du site mypyli-hr.com et le stockage des donn\u00e9es personnelles des utilisateurs sont assur\u00e9s par la soci\u00e9t\u00e9 IONOS : 1&amp;1 IONOS Internet SARL 7, place de la Gare BP 70109 57200 Sarreguemines Cedex\t\t\t\t\t\t<\/div>\n\t\t\t\t<\/div>\n\t\t\t\t\t<\/div>\n\t\t\t\t<\/div>\n\t\t<div class=\"elementor-element elementor-element-36fd28f e-flex e-con-boxed wpr-particle-no wpr-jarallax-no wpr-parallax-no wpr-sticky-section-no e-con e-parent\" data-id=\"36fd28f\" data-element_type=\"container\" data-settings=\"{&quot;_ha_eqh_enable&quot;:false}\">\n\t\t\t\t\t<div class=\"e-con-inner\">\n\t\t\t\t<div class=\"elementor-element elementor-element-41eb63c elementor-widget elementor-widget-text-editor\" data-id=\"41eb63c\" data-element_type=\"widget\" data-widget_type=\"text-editor.default\">\n\t\t\t\t<div class=\"elementor-widget-container\">\n\t\t\t\t\t\t\t<strong>Nous contacter<\/strong>\t\t\t\t\t\t<\/div>\n\t\t\t\t<\/div>\n\t\t\t\t<div class=\"elementor-element elementor-element-e68b212 elementor-widget elementor-widget-text-editor\" data-id=\"e68b212\" data-element_type=\"widget\" data-widget_type=\"text-editor.default\">\n\t\t\t\t<div class=\"elementor-widget-container\">\n\t\t\t\t\t\t\tPar email : <span style=\"color: #339966;\">support@mypyli.com<\/span>\t\t\t\t\t\t<\/div>\n\t\t\t\t<\/div>\n\t\t\t\t\t<\/div>\n\t\t\t\t<\/div>\n\t\t<div class=\"elementor-element elementor-element-63195c3 e-flex e-con-boxed wpr-particle-no wpr-jarallax-no wpr-parallax-no wpr-sticky-section-no e-con e-parent\" data-id=\"63195c3\" data-element_type=\"container\" data-settings=\"{&quot;_ha_eqh_enable&quot;:false}\">\n\t\t\t\t\t<div class=\"e-con-inner\">\n\t\t\t\t<div class=\"elementor-element elementor-element-3ca6a9f elementor-widget elementor-widget-text-editor\" data-id=\"3ca6a9f\" data-element_type=\"widget\" data-widget_type=\"text-editor.default\">\n\t\t\t\t<div class=\"elementor-widget-container\">\n\t\t\t\t\t\t\t<strong>CNIL<\/strong>\t\t\t\t\t\t<\/div>\n\t\t\t\t<\/div>\n\t\t\t\t<div class=\"elementor-element elementor-element-90a0539 elementor-widget elementor-widget-text-editor\" data-id=\"90a0539\" data-element_type=\"widget\" data-widget_type=\"text-editor.default\">\n\t\t\t\t<div class=\"elementor-widget-container\">\n\t\t\t\t\t\t\t<p>La collecte et le traitement informatique des donn\u00e9es nominatives par la Soci\u00e9t\u00e9 a fait l\u2019objet d\u2019une d\u00e9claration simplifi\u00e9e aupr\u00e8s de l\u2019autorit\u00e9 fran\u00e7aise de protection des donn\u00e9es personnelles (la Commission Nationale de l\u2019Informatique et des Libert\u00e9s \u2013 CNIL) (n\u00b0 1917629).<br \/>Vous b\u00e9n\u00e9ficiez d\u2019un droit d\u2019acc\u00e8s et de rectification aux informations qui vous concernent, que vous pouvez exercer en nous \u00e9crivant \u00e0 l&rsquo;adresse mail suivante : <span style=\"color: #339966;\">privacy@mypyli.com<\/span>. Vous pouvez \u00e9galement, pour des motifs l\u00e9gitimes, vous opposer au traitement des donn\u00e9es vous concernant.<\/p>\t\t\t\t\t\t<\/div>\n\t\t\t\t<\/div>\n\t\t\t\t\t<\/div>\n\t\t\t\t<\/div>\n\t\t<div class=\"elementor-element elementor-element-d7a99cd e-flex e-con-boxed wpr-particle-no wpr-jarallax-no wpr-parallax-no wpr-sticky-section-no e-con e-parent\" data-id=\"d7a99cd\" data-element_type=\"container\" data-settings=\"{&quot;_ha_eqh_enable&quot;:false}\">\n\t\t\t\t\t<div class=\"e-con-inner\">\n\t\t\t\t<div class=\"elementor-element elementor-element-14a294f elementor-widget elementor-widget-text-editor\" data-id=\"14a294f\" data-element_type=\"widget\" data-widget_type=\"text-editor.default\">\n\t\t\t\t<div class=\"elementor-widget-container\">\n\t\t\t\t\t\t\t<strong>Images<\/strong>\t\t\t\t\t\t<\/div>\n\t\t\t\t<\/div>\n\t\t\t\t<div class=\"elementor-element elementor-element-14d2c5a elementor-widget elementor-widget-text-editor\" data-id=\"14d2c5a\" data-element_type=\"widget\" data-widget_type=\"text-editor.default\">\n\t\t\t\t<div class=\"elementor-widget-container\">\n\t\t\t\t\t\t\tPhotographies : Amine El Kandi (Photographe priv\u00e9)\t\t\t\t\t\t<\/div>\n\t\t\t\t<\/div>\n\t\t\t\t\t<\/div>\n\t\t\t\t<\/div>\n\t\t<div class=\"elementor-element elementor-element-05cee69 e-flex e-con-boxed wpr-particle-no wpr-jarallax-no wpr-parallax-no wpr-sticky-section-no e-con e-parent\" data-id=\"05cee69\" data-element_type=\"container\" data-settings=\"{&quot;_ha_eqh_enable&quot;:false}\">\n\t\t\t\t\t<div class=\"e-con-inner\">\n\t\t\t\t<div class=\"elementor-element elementor-element-9237d67 elementor-widget elementor-widget-spacer\" data-id=\"9237d67\" data-element_type=\"widget\" data-widget_type=\"spacer.default\">\n\t\t\t\t<div class=\"elementor-widget-container\">\n\t\t\t\t\t<div class=\"elementor-spacer\">\n\t\t\t<div class=\"elementor-spacer-inner\"><\/div>\n\t\t<\/div>\n\t\t\t\t<\/div>\n\t\t\t\t<\/div>\n\t\t\t\t\t<\/div>\n\t\t\t\t<\/div>\n\t\t\t\t<\/div>","protected":false},"excerpt":{"rendered":"<p>Mentions l\u00e9gales \u00c9dition du siteMyPYLI SAS est un \u00e9diteur de logiciels RH et administratifs visant \u00e0 am\u00e9liorer l\u2019exp\u00e9rience employ\u00e9 globale des collaborateurs au sein de leur entreprise.Responsable de publicationMonsieur Younes SABIRH\u00e9bergeurL\u2019h\u00e9bergement du site mypyli-hr.com et le stockage des donn\u00e9es personnelles des utilisateurs sont assur\u00e9s par la soci\u00e9t\u00e9 IONOS : 1&amp;1 IONOS Internet SARL 7, place de la Gare BP 70109 57200 Sarreguemines CedexNous contacterPar email : support@mypyli.comCNIL La collecte et le traitement informatique des donn\u00e9es nominatives par la Soci\u00e9t\u00e9 a&#8230;<\/p>\n<p class=\"read-more\"><a class=\"btn btn-default\" href=\"https:\/\/mypyli-hr.com\/en\/mentions-legales\"> Read More<span class=\"screen-reader-text\">  Read More<\/span><\/a><\/p>","protected":false},"author":2,"featured_media":0,"parent":0,"menu_order":0,"comment_status":"closed","ping_status":"closed","template":"elementor_header_footer","meta":{"footnotes":""},"class_list":["post-5862","page","type-page","status-publish","hentry"],"yoast_head":"<!-- This site is optimized with the Yoast SEO plugin v25.8 - https:\/\/yoast.com\/wordpress\/plugins\/seo\/ -->\n<title>Mentions l\u00e9gales - MyPYLI HR<\/title>\n<meta name=\"robots\" content=\"index, follow, max-snippet:-1, max-image-preview:large, max-video-preview:-1\" \/>\n<link rel=\"canonical\" href=\"https:\/\/mypyli-hr.com\/en\/mentions-legales\/\" \/>\n<meta property=\"og:locale\" content=\"en_US\" \/>\n<meta property=\"og:type\" content=\"article\" \/>\n<meta property=\"og:title\" content=\"Mentions l\u00e9gales - MyPYLI HR\" \/>\n<meta property=\"og:description\" content=\"Mentions l\u00e9gales \u00c9dition du siteMyPYLI SAS est un \u00e9diteur de logiciels RH et administratifs visant \u00e0 am\u00e9liorer l\u2019exp\u00e9rience employ\u00e9 globale des collaborateurs au sein de leur entreprise.Responsable de publicationMonsieur Younes SABIRH\u00e9bergeurL\u2019h\u00e9bergement du site mypyli-hr.com et le stockage des donn\u00e9es personnelles des utilisateurs sont assur\u00e9s par la soci\u00e9t\u00e9 IONOS : 1&amp;1 IONOS Internet SARL 7, place de la Gare BP 70109 57200 Sarreguemines CedexNous contacterPar email : support@mypyli.comCNIL La collecte et le traitement informatique des donn\u00e9es nominatives par la Soci\u00e9t\u00e9 a... Read More Read More\" \/>\n<meta property=\"og:url\" content=\"https:\/\/mypyli-hr.com\/en\/mentions-legales\/\" \/>\n<meta property=\"og:site_name\" content=\"MyPYLI HR\" \/>\n<meta property=\"article:modified_time\" content=\"2024-09-30T10:03:56+00:00\" \/>\n<meta name=\"twitter:card\" content=\"summary_large_image\" \/>\n<meta name=\"twitter:label1\" content=\"Est. reading time\" \/>\n\t<meta name=\"twitter:data1\" content=\"1 minute\" \/>\n<script type=\"application\/ld+json\" class=\"yoast-schema-graph\">{\"@context\":\"https:\/\/schema.org\",\"@graph\":[{\"@type\":\"WebPage\",\"@id\":\"https:\/\/mypyli-hr.com\/mentions-legales\",\"url\":\"https:\/\/mypyli-hr.com\/mentions-legales\",\"name\":\"Mentions l\u00e9gales - MyPYLI HR\",\"isPartOf\":{\"@id\":\"https:\/\/mypyli-hr.com\/#website\"},\"datePublished\":\"2024-09-30T09:42:47+00:00\",\"dateModified\":\"2024-09-30T10:03:56+00:00\",\"breadcrumb\":{\"@id\":\"https:\/\/mypyli-hr.com\/mentions-legales#breadcrumb\"},\"inLanguage\":\"en-US\",\"potentialAction\":[{\"@type\":\"ReadAction\",\"target\":[\"https:\/\/mypyli-hr.com\/mentions-legales\"]}]},{\"@type\":\"BreadcrumbList\",\"@id\":\"https:\/\/mypyli-hr.com\/mentions-legales#breadcrumb\",\"itemListElement\":[{\"@type\":\"ListItem\",\"position\":1,\"name\":\"Accueil\",\"item\":\"https:\/\/mypyli-hr.com\/\"},{\"@type\":\"ListItem\",\"position\":2,\"name\":\"Mentions l\u00e9gales\"}]},{\"@type\":\"WebSite\",\"@id\":\"https:\/\/mypyli-hr.com\/#website\",\"url\":\"https:\/\/mypyli-hr.com\/\",\"name\":\"MyPYLI HR\",\"description\":\"\",\"potentialAction\":[{\"@type\":\"SearchAction\",\"target\":{\"@type\":\"EntryPoint\",\"urlTemplate\":\"https:\/\/mypyli-hr.com\/?s={search_term_string}\"},\"query-input\":{\"@type\":\"PropertyValueSpecification\",\"valueRequired\":true,\"valueName\":\"search_term_string\"}}],\"inLanguage\":\"en-US\"}]}<\/script>\n<!-- \/ Yoast SEO plugin. -->","yoast_head_json":{"title":"Mentions l\u00e9gales - MyPYLI HR","robots":{"index":"index","follow":"follow","max-snippet":"max-snippet:-1","max-image-preview":"max-image-preview:large","max-video-preview":"max-video-preview:-1"},"canonical":"https:\/\/mypyli-hr.com\/en\/mentions-legales\/","og_locale":"en_US","og_type":"article","og_title":"Mentions l\u00e9gales - MyPYLI HR","og_description":"Mentions l\u00e9gales \u00c9dition du siteMyPYLI SAS est un \u00e9diteur de logiciels RH et administratifs visant \u00e0 am\u00e9liorer l\u2019exp\u00e9rience employ\u00e9 globale des collaborateurs au sein de leur entreprise.Responsable de publicationMonsieur Younes SABIRH\u00e9bergeurL\u2019h\u00e9bergement du site mypyli-hr.com et le stockage des donn\u00e9es personnelles des utilisateurs sont assur\u00e9s par la soci\u00e9t\u00e9 IONOS : 1&amp;1 IONOS Internet SARL 7, place de la Gare BP 70109 57200 Sarreguemines CedexNous contacterPar email : support@mypyli.comCNIL La collecte et le traitement informatique des donn\u00e9es nominatives par la Soci\u00e9t\u00e9 a... Read More Read More","og_url":"https:\/\/mypyli-hr.com\/en\/mentions-legales\/","og_site_name":"MyPYLI HR","article_modified_time":"2024-09-30T10:03:56+00:00","twitter_card":"summary_large_image","twitter_misc":{"Est. reading time":"1 minute"},"schema":{"@context":"https:\/\/schema.org","@graph":[{"@type":"WebPage","@id":"https:\/\/mypyli-hr.com\/mentions-legales","url":"https:\/\/mypyli-hr.com\/mentions-legales","name":"Mentions l\u00e9gales - MyPYLI HR","isPartOf":{"@id":"https:\/\/mypyli-hr.com\/#website"},"datePublished":"2024-09-30T09:42:47+00:00","dateModified":"2024-09-30T10:03:56+00:00","breadcrumb":{"@id":"https:\/\/mypyli-hr.com\/mentions-legales#breadcrumb"},"inLanguage":"en-US","potentialAction":[{"@type":"ReadAction","target":["https:\/\/mypyli-hr.com\/mentions-legales"]}]},{"@type":"BreadcrumbList","@id":"https:\/\/mypyli-hr.com\/mentions-legales#breadcrumb","itemListElement":[{"@type":"ListItem","position":1,"name":"Accueil","item":"https:\/\/mypyli-hr.com\/"},{"@type":"ListItem","position":2,"name":"Mentions l\u00e9gales"}]},{"@type":"WebSite","@id":"https:\/\/mypyli-hr.com\/#website","url":"https:\/\/mypyli-hr.com\/","name":"MyPYLI HR","description":"","potentialAction":[{"@type":"SearchAction","target":{"@type":"EntryPoint","urlTemplate":"https:\/\/mypyli-hr.com\/?s={search_term_string}"},"query-input":{"@type":"PropertyValueSpecification","valueRequired":true,"valueName":"search_term_string"}}],"inLanguage":"en-US"}]}},"_links":{"self":[{"href":"https:\/\/mypyli-hr.com\/en\/wp-json\/wp\/v2\/pages\/5862","targetHints":{"allow":["GET"]}}],"collection":[{"href":"https:\/\/mypyli-hr.com\/en\/wp-json\/wp\/v2\/pages"}],"about":[{"href":"https:\/\/mypyli-hr.com\/en\/wp-json\/wp\/v2\/types\/page"}],"author":[{"embeddable":true,"href":"https:\/\/mypyli-hr.com\/en\/wp-json\/wp\/v2\/users\/2"}],"replies":[{"embeddable":true,"href":"https:\/\/mypyli-hr.com\/en\/wp-json\/wp\/v2\/comments?post=5862"}],"version-history":[{"count":15,"href":"https:\/\/mypyli-hr.com\/en\/wp-json\/wp\/v2\/pages\/5862\/revisions"}],"predecessor-version":[{"id":5878,"href":"https:\/\/mypyli-hr.com\/en\/wp-json\/wp\/v2\/pages\/5862\/revisions\/5878"}],"wp:attachment":[{"href":"https:\/\/mypyli-hr.com\/en\/wp-json\/wp\/v2\/media?parent=5862"}],"curies":[{"name":"wp","href":"https:\/\/api.w.org\/{rel}","templated":true}]}}