{"id":6718,"date":"2025-09-08T13:14:10","date_gmt":"2025-09-08T13:14:10","guid":{"rendered":"https:\/\/mypyli-hr.com\/?page_id=6718"},"modified":"2025-09-29T12:38:02","modified_gmt":"2025-09-29T12:38:02","slug":"liens","status":"publish","type":"page","link":"https:\/\/mypyli-hr.com\/en\/liens","title":{"rendered":"Liens"},"content":{"rendered":"<div data-elementor-type=\"wp-page\" data-elementor-id=\"6718\" class=\"elementor elementor-6718\" data-elementor-settings=\"{&quot;ha_cmc_init_switcher&quot;:&quot;no&quot;}\">\n\t\t\t\t<div class=\"elementor-element elementor-element-1bd8d23 e-flex e-con-boxed wpr-particle-no wpr-jarallax-no wpr-parallax-no wpr-sticky-section-no e-con e-parent\" data-id=\"1bd8d23\" data-element_type=\"container\" data-settings=\"{&quot;background_background&quot;:&quot;classic&quot;,&quot;_ha_eqh_enable&quot;:false}\">\n\t\t\t\t\t<div class=\"e-con-inner\">\n\t\t\t\t<div class=\"elementor-element elementor-element-2ab9052 elementor-widget elementor-widget-image\" data-id=\"2ab9052\" data-element_type=\"widget\" data-widget_type=\"image.default\">\n\t\t\t\t<div class=\"elementor-widget-container\">\n\t\t\t\t\t\t\t\t\t\t\t\t\t<img decoding=\"async\" width=\"112\" height=\"112\" src=\"https:\/\/mypyli-hr.com\/wp-content\/uploads\/2023\/10\/logo-favicon.png\" class=\"attachment-large size-large wp-image-679\" alt=\"\" \/>\t\t\t\t\t\t\t\t\t\t\t\t\t<\/div>\n\t\t\t\t<\/div>\n\t\t\t\t\t<\/div>\n\t\t\t\t<\/div>\n\t\t<div class=\"elementor-element elementor-element-6e22511 e-flex e-con-boxed wpr-particle-no wpr-jarallax-no wpr-parallax-no wpr-sticky-section-no e-con e-parent\" data-id=\"6e22511\" data-element_type=\"container\" data-settings=\"{&quot;_ha_eqh_enable&quot;:false}\">\n\t\t\t\t\t<div class=\"e-con-inner\">\n\t\t\t\t<div class=\"elementor-element elementor-element-2ea6ac2 elementor-widget elementor-widget-heading\" data-id=\"2ea6ac2\" data-element_type=\"widget\" data-widget_type=\"heading.default\">\n\t\t\t\t<div class=\"elementor-widget-container\">\n\t\t\t<h2 class=\"elementor-heading-title elementor-size-default\">Toute votre vie <br>de RH, en mieux<\/h2>\t\t<\/div>\n\t\t\t\t<\/div>\n\t\t\t\t<div class=\"elementor-element elementor-element-265d85c elementor-shape-rounded elementor-grid-0 e-grid-align-center elementor-widget elementor-widget-social-icons\" data-id=\"265d85c\" data-element_type=\"widget\" data-widget_type=\"social-icons.default\">\n\t\t\t\t<div class=\"elementor-widget-container\">\n\t\t\t\t\t<div class=\"elementor-social-icons-wrapper elementor-grid\">\n\t\t\t\t\t\t\t<span class=\"elementor-grid-item\">\n\t\t\t\t\t<a class=\"elementor-icon elementor-social-icon elementor-social-icon-facebook elementor-repeater-item-0dae833\" href=\"https:\/\/www.facebook.com\/mypylihr\" target=\"_blank\">\n\t\t\t\t\t\t<span class=\"elementor-screen-only\">Facebook<\/span>\n\t\t\t\t\t\t<i class=\"fab fa-facebook\"><\/i>\t\t\t\t\t<\/a>\n\t\t\t\t<\/span>\n\t\t\t\t\t\t\t<span class=\"elementor-grid-item\">\n\t\t\t\t\t<a class=\"elementor-icon elementor-social-icon elementor-social-icon-instagram elementor-repeater-item-7accf73\" href=\"https:\/\/www.instagram.com\/mypyli_hr\/\" target=\"_blank\">\n\t\t\t\t\t\t<span class=\"elementor-screen-only\">Instagram<\/span>\n\t\t\t\t\t\t<i class=\"fab fa-instagram\"><\/i>\t\t\t\t\t<\/a>\n\t\t\t\t<\/span>\n\t\t\t\t\t\t\t<span class=\"elementor-grid-item\">\n\t\t\t\t\t<a class=\"elementor-icon elementor-social-icon elementor-social-icon-linkedin elementor-repeater-item-0ffbce4\" href=\"https:\/\/www.linkedin.com\/company\/77230384\/admin\/dashboard\/\" target=\"_blank\">\n\t\t\t\t\t\t<span class=\"elementor-screen-only\">Linkedin<\/span>\n\t\t\t\t\t\t<i class=\"fab fa-linkedin\"><\/i>\t\t\t\t\t<\/a>\n\t\t\t\t<\/span>\n\t\t\t\t\t\t\t<span class=\"elementor-grid-item\">\n\t\t\t\t\t<a class=\"elementor-icon elementor-social-icon elementor-social-icon-youtube elementor-repeater-item-55fd14a\" href=\"https:\/\/www.youtube.com\/@MyPYLI_HR\" target=\"_blank\">\n\t\t\t\t\t\t<span class=\"elementor-screen-only\">Youtube<\/span>\n\t\t\t\t\t\t<i class=\"fab fa-youtube\"><\/i>\t\t\t\t\t<\/a>\n\t\t\t\t<\/span>\n\t\t\t\t\t<\/div>\n\t\t\t\t<\/div>\n\t\t\t\t<\/div>\n\t\t\t\t<div class=\"elementor-element elementor-element-1428e95 elementor-widget-divider--view-line elementor-widget elementor-widget-divider\" data-id=\"1428e95\" data-element_type=\"widget\" data-widget_type=\"divider.default\">\n\t\t\t\t<div class=\"elementor-widget-container\">\n\t\t\t\t\t<div class=\"elementor-divider\">\n\t\t\t<span class=\"elementor-divider-separator\">\n\t\t\t\t\t\t<\/span>\n\t\t<\/div>\n\t\t\t\t<\/div>\n\t\t\t\t<\/div>\n\t\t\t\t<div class=\"elementor-element elementor-element-877cc7a elementor-widget elementor-widget-button\" data-id=\"877cc7a\" data-element_type=\"widget\" data-widget_type=\"button.default\">\n\t\t\t\t<div class=\"elementor-widget-container\">\n\t\t\t\t\t<div class=\"elementor-button-wrapper\">\n\t\t\t<a class=\"elementor-button elementor-button-link elementor-size-sm\" href=\"https:\/\/mypyli-hr.com\/en\/demo\/\">\n\t\t\t\t\t\t<span class=\"elementor-button-content-wrapper\">\n\t\t\t\t\t\t\t\t\t<span class=\"elementor-button-text\">Demander une d\u00e9mo<\/span>\n\t\t\t\t\t<\/span>\n\t\t\t\t\t<\/a>\n\t\t<\/div>\n\t\t\t\t<\/div>\n\t\t\t\t<\/div>\n\t\t\t\t<div class=\"elementor-element elementor-element-9c85a41 elementor-widget elementor-widget-button\" data-id=\"9c85a41\" data-element_type=\"widget\" data-widget_type=\"button.default\">\n\t\t\t\t<div class=\"elementor-widget-container\">\n\t\t\t\t\t<div class=\"elementor-button-wrapper\">\n\t\t\t<a class=\"elementor-button elementor-button-link elementor-size-sm\" href=\"https:\/\/welcome.mypyli.io\/contact-information\">\n\t\t\t\t\t\t<span class=\"elementor-button-content-wrapper\">\n\t\t\t\t\t\t\t\t\t<span class=\"elementor-button-text\">Cr\u00e9er un compte MyPYLI<\/span>\n\t\t\t\t\t<\/span>\n\t\t\t\t\t<\/a>\n\t\t<\/div>\n\t\t\t\t<\/div>\n\t\t\t\t<\/div>\n\t\t\t\t<div class=\"elementor-element elementor-element-1dbb129 elementor-widget elementor-widget-button\" data-id=\"1dbb129\" data-element_type=\"widget\" data-widget_type=\"button.default\">\n\t\t\t\t<div class=\"elementor-widget-container\">\n\t\t\t\t\t<div class=\"elementor-button-wrapper\">\n\t\t\t<a class=\"elementor-button elementor-button-link elementor-size-sm\" href=\"https:\/\/mypyli-hr.com\/en\/\">\n\t\t\t\t\t\t<span class=\"elementor-button-content-wrapper\">\n\t\t\t\t\t\t\t\t\t<span class=\"elementor-button-text\">Jeter un oeil au site<\/span>\n\t\t\t\t\t<\/span>\n\t\t\t\t\t<\/a>\n\t\t<\/div>\n\t\t\t\t<\/div>\n\t\t\t\t<\/div>\n\t\t\t\t<div class=\"elementor-element elementor-element-939928a elementor-widget elementor-widget-heading\" data-id=\"939928a\" data-element_type=\"widget\" data-widget_type=\"heading.default\">\n\t\t\t\t<div class=\"elementor-widget-container\">\n\t\t\t<h2 class=\"elementor-heading-title elementor-size-default\">Si vous souhaitez <br>qu'on cr\u00e9e un lien :<\/h2>\t\t<\/div>\n\t\t\t\t<\/div>\n\t\t\t\t<div class=\"elementor-element elementor-element-1fd5b76 elementor-widget elementor-widget-button\" data-id=\"1fd5b76\" data-element_type=\"widget\" data-widget_type=\"button.default\">\n\t\t\t\t<div class=\"elementor-widget-container\">\n\t\t\t\t\t<div class=\"elementor-button-wrapper\">\n\t\t\t<a class=\"elementor-button elementor-button-link elementor-size-sm\" href=\"\">\n\t\t\t\t\t\t<span class=\"elementor-button-content-wrapper\">\n\t\t\t\t\t\t\t\t\t<span class=\"elementor-button-text\">Devenir revendeur<\/span>\n\t\t\t\t\t<\/span>\n\t\t\t\t\t<\/a>\n\t\t<\/div>\n\t\t\t\t<\/div>\n\t\t\t\t<\/div>\n\t\t\t\t<div class=\"elementor-element elementor-element-6f5149f elementor-widget elementor-widget-button\" data-id=\"6f5149f\" data-element_type=\"widget\" data-widget_type=\"button.default\">\n\t\t\t\t<div class=\"elementor-widget-container\">\n\t\t\t\t\t<div class=\"elementor-button-wrapper\">\n\t\t\t<a class=\"elementor-button elementor-button-link elementor-size-sm\" href=\"mailto:younes.sabir@mypyli.com?cc=yassine.sabir@mypyli.com&#038;subject=Devenir%20partenaire%20MyPYLI&#038;body=Bonjour,%0A%0AJe%20souhaite%20devenir%20partenaire.%0A%0ANom%20de%20l\u2019entreprise%20:%20%0ASite%20web%20:%20%0AAdresse%20:%20%0ANumero%20de%20Telephone%20:%20%0A%0AMerci%2\">\n\t\t\t\t\t\t<span class=\"elementor-button-content-wrapper\">\n\t\t\t\t\t\t\t\t\t<span class=\"elementor-button-text\">Devenir Partenaire<\/span>\n\t\t\t\t\t<\/span>\n\t\t\t\t\t<\/a>\n\t\t<\/div>\n\t\t\t\t<\/div>\n\t\t\t\t<\/div>\n\t\t\t\t<div class=\"elementor-element elementor-element-9ac78ad elementor-widget elementor-widget-button\" data-id=\"9ac78ad\" data-element_type=\"widget\" data-widget_type=\"button.default\">\n\t\t\t\t<div class=\"elementor-widget-container\">\n\t\t\t\t\t<div class=\"elementor-button-wrapper\">\n\t\t\t<a class=\"elementor-button elementor-button-link elementor-size-sm\" href=\"https:\/\/mypyli-hr.com\/en\/nos-offres\/\">\n\t\t\t\t\t\t<span class=\"elementor-button-content-wrapper\">\n\t\t\t\t\t\t\t\t\t<span class=\"elementor-button-text\">Envoyer ma candidature<\/span>\n\t\t\t\t\t<\/span>\n\t\t\t\t\t<\/a>\n\t\t<\/div>\n\t\t\t\t<\/div>\n\t\t\t\t<\/div>\n\t\t\t\t\t<\/div>\n\t\t\t\t<\/div>\n\t\t\t\t<\/div>","protected":false},"excerpt":{"rendered":"<p>Toute votre vie de RH, en mieux Facebook Instagram Linkedin Youtube Demander une d\u00e9mo Cr\u00e9er un compte MyPYLI Jeter un oeil au site Si vous souhaitez qu&rsquo;on cr\u00e9e un lien : Devenir revendeur Devenir Partenaire Envoyer ma candidature<\/p>","protected":false},"author":4,"featured_media":0,"parent":0,"menu_order":0,"comment_status":"closed","ping_status":"closed","template":"elementor_canvas","meta":{"footnotes":""},"class_list":["post-6718","page","type-page","status-publish","hentry"],"yoast_head":"<!-- This site is optimized with the Yoast SEO plugin v25.8 - https:\/\/yoast.com\/wordpress\/plugins\/seo\/ -->\n<title>Liens - MyPYLI HR<\/title>\n<meta name=\"robots\" content=\"index, follow, max-snippet:-1, max-image-preview:large, max-video-preview:-1\" \/>\n<link rel=\"canonical\" href=\"https:\/\/mypyli-hr.com\/en\/liens\/\" \/>\n<meta property=\"og:locale\" content=\"en_US\" \/>\n<meta property=\"og:type\" content=\"article\" \/>\n<meta property=\"og:title\" content=\"Liens - MyPYLI HR\" \/>\n<meta property=\"og:description\" content=\"Toute votre vie de RH, en mieux Facebook Instagram Linkedin Youtube Demander une d\u00e9mo Cr\u00e9er un compte MyPYLI Jeter un oeil au site Si vous souhaitez qu&rsquo;on cr\u00e9e un lien : Devenir revendeur Devenir Partenaire Envoyer ma candidature\" \/>\n<meta property=\"og:url\" content=\"https:\/\/mypyli-hr.com\/en\/liens\/\" \/>\n<meta property=\"og:site_name\" content=\"MyPYLI HR\" \/>\n<meta property=\"article:modified_time\" content=\"2025-09-29T12:38:02+00:00\" \/>\n<meta property=\"og:image\" content=\"https:\/\/mypyli-hr.com\/wp-content\/uploads\/2023\/10\/logo-favicon.png\" \/>\n\t<meta property=\"og:image:width\" content=\"112\" \/>\n\t<meta property=\"og:image:height\" content=\"112\" \/>\n\t<meta property=\"og:image:type\" content=\"image\/png\" \/>\n<meta name=\"twitter:card\" content=\"summary_large_image\" \/>\n<meta name=\"twitter:label1\" content=\"Est. reading time\" \/>\n\t<meta name=\"twitter:data1\" content=\"1 minute\" \/>\n<script type=\"application\/ld+json\" class=\"yoast-schema-graph\">{\"@context\":\"https:\/\/schema.org\",\"@graph\":[{\"@type\":\"WebPage\",\"@id\":\"https:\/\/mypyli-hr.com\/liens\",\"url\":\"https:\/\/mypyli-hr.com\/liens\",\"name\":\"Liens - MyPYLI HR\",\"isPartOf\":{\"@id\":\"https:\/\/mypyli-hr.com\/#website\"},\"primaryImageOfPage\":{\"@id\":\"https:\/\/mypyli-hr.com\/liens#primaryimage\"},\"image\":{\"@id\":\"https:\/\/mypyli-hr.com\/liens#primaryimage\"},\"thumbnailUrl\":\"https:\/\/mypyli-hr.com\/wp-content\/uploads\/2023\/10\/logo-favicon.png\",\"datePublished\":\"2025-09-08T13:14:10+00:00\",\"dateModified\":\"2025-09-29T12:38:02+00:00\",\"breadcrumb\":{\"@id\":\"https:\/\/mypyli-hr.com\/liens#breadcrumb\"},\"inLanguage\":\"en-US\",\"potentialAction\":[{\"@type\":\"ReadAction\",\"target\":[\"https:\/\/mypyli-hr.com\/liens\"]}]},{\"@type\":\"ImageObject\",\"inLanguage\":\"en-US\",\"@id\":\"https:\/\/mypyli-hr.com\/liens#primaryimage\",\"url\":\"https:\/\/mypyli-hr.com\/wp-content\/uploads\/2023\/10\/logo-favicon.png\",\"contentUrl\":\"https:\/\/mypyli-hr.com\/wp-content\/uploads\/2023\/10\/logo-favicon.png\"},{\"@type\":\"BreadcrumbList\",\"@id\":\"https:\/\/mypyli-hr.com\/liens#breadcrumb\",\"itemListElement\":[{\"@type\":\"ListItem\",\"position\":1,\"name\":\"Accueil\",\"item\":\"https:\/\/mypyli-hr.com\/\"},{\"@type\":\"ListItem\",\"position\":2,\"name\":\"Liens\"}]},{\"@type\":\"WebSite\",\"@id\":\"https:\/\/mypyli-hr.com\/#website\",\"url\":\"https:\/\/mypyli-hr.com\/\",\"name\":\"MyPYLI HR\",\"description\":\"\",\"potentialAction\":[{\"@type\":\"SearchAction\",\"target\":{\"@type\":\"EntryPoint\",\"urlTemplate\":\"https:\/\/mypyli-hr.com\/?s={search_term_string}\"},\"query-input\":{\"@type\":\"PropertyValueSpecification\",\"valueRequired\":true,\"valueName\":\"search_term_string\"}}],\"inLanguage\":\"en-US\"}]}<\/script>\n<!-- \/ Yoast SEO plugin. -->","yoast_head_json":{"title":"Liens - MyPYLI HR","robots":{"index":"index","follow":"follow","max-snippet":"max-snippet:-1","max-image-preview":"max-image-preview:large","max-video-preview":"max-video-preview:-1"},"canonical":"https:\/\/mypyli-hr.com\/en\/liens\/","og_locale":"en_US","og_type":"article","og_title":"Liens - MyPYLI HR","og_description":"Toute votre vie de RH, en mieux Facebook Instagram Linkedin Youtube Demander une d\u00e9mo Cr\u00e9er un compte MyPYLI Jeter un oeil au site Si vous souhaitez qu&rsquo;on cr\u00e9e un lien : Devenir revendeur Devenir Partenaire Envoyer ma candidature","og_url":"https:\/\/mypyli-hr.com\/en\/liens\/","og_site_name":"MyPYLI HR","article_modified_time":"2025-09-29T12:38:02+00:00","og_image":[{"width":112,"height":112,"url":"https:\/\/mypyli-hr.com\/wp-content\/uploads\/2023\/10\/logo-favicon.png","type":"image\/png"}],"twitter_card":"summary_large_image","twitter_misc":{"Est. reading time":"1 minute"},"schema":{"@context":"https:\/\/schema.org","@graph":[{"@type":"WebPage","@id":"https:\/\/mypyli-hr.com\/liens","url":"https:\/\/mypyli-hr.com\/liens","name":"Liens - MyPYLI HR","isPartOf":{"@id":"https:\/\/mypyli-hr.com\/#website"},"primaryImageOfPage":{"@id":"https:\/\/mypyli-hr.com\/liens#primaryimage"},"image":{"@id":"https:\/\/mypyli-hr.com\/liens#primaryimage"},"thumbnailUrl":"https:\/\/mypyli-hr.com\/wp-content\/uploads\/2023\/10\/logo-favicon.png","datePublished":"2025-09-08T13:14:10+00:00","dateModified":"2025-09-29T12:38:02+00:00","breadcrumb":{"@id":"https:\/\/mypyli-hr.com\/liens#breadcrumb"},"inLanguage":"en-US","potentialAction":[{"@type":"ReadAction","target":["https:\/\/mypyli-hr.com\/liens"]}]},{"@type":"ImageObject","inLanguage":"en-US","@id":"https:\/\/mypyli-hr.com\/liens#primaryimage","url":"https:\/\/mypyli-hr.com\/wp-content\/uploads\/2023\/10\/logo-favicon.png","contentUrl":"https:\/\/mypyli-hr.com\/wp-content\/uploads\/2023\/10\/logo-favicon.png"},{"@type":"BreadcrumbList","@id":"https:\/\/mypyli-hr.com\/liens#breadcrumb","itemListElement":[{"@type":"ListItem","position":1,"name":"Accueil","item":"https:\/\/mypyli-hr.com\/"},{"@type":"ListItem","position":2,"name":"Liens"}]},{"@type":"WebSite","@id":"https:\/\/mypyli-hr.com\/#website","url":"https:\/\/mypyli-hr.com\/","name":"MyPYLI HR","description":"","potentialAction":[{"@type":"SearchAction","target":{"@type":"EntryPoint","urlTemplate":"https:\/\/mypyli-hr.com\/?s={search_term_string}"},"query-input":{"@type":"PropertyValueSpecification","valueRequired":true,"valueName":"search_term_string"}}],"inLanguage":"en-US"}]}},"_links":{"self":[{"href":"https:\/\/mypyli-hr.com\/en\/wp-json\/wp\/v2\/pages\/6718","targetHints":{"allow":["GET"]}}],"collection":[{"href":"https:\/\/mypyli-hr.com\/en\/wp-json\/wp\/v2\/pages"}],"about":[{"href":"https:\/\/mypyli-hr.com\/en\/wp-json\/wp\/v2\/types\/page"}],"author":[{"embeddable":true,"href":"https:\/\/mypyli-hr.com\/en\/wp-json\/wp\/v2\/users\/4"}],"replies":[{"embeddable":true,"href":"https:\/\/mypyli-hr.com\/en\/wp-json\/wp\/v2\/comments?post=6718"}],"version-history":[{"count":106,"href":"https:\/\/mypyli-hr.com\/en\/wp-json\/wp\/v2\/pages\/6718\/revisions"}],"predecessor-version":[{"id":7126,"href":"https:\/\/mypyli-hr.com\/en\/wp-json\/wp\/v2\/pages\/6718\/revisions\/7126"}],"wp:attachment":[{"href":"https:\/\/mypyli-hr.com\/en\/wp-json\/wp\/v2\/media?parent=6718"}],"curies":[{"name":"wp","href":"https:\/\/api.w.org\/{rel}","templated":true}]}}